{"id":191,"date":"2022-06-15T10:18:08","date_gmt":"2022-06-15T08:18:08","guid":{"rendered":"https:\/\/www.npkrka.hr\/?page_id=191"},"modified":"2022-09-27T13:22:08","modified_gmt":"2022-09-27T11:22:08","slug":"industrijska-bastina","status":"publish","type":"page","link":"https:\/\/npkrka.hr\/hr\/kulturna-bastina\/industrijska-bastina\/","title":{"rendered":"Industrijska ba\u0161tina"},"content":{"rendered":"<p><strong>Krajem 19. stolje\u0107a vodena snaga rijeke Krke po\u010dela se iskori\u0161tavati za prve industrijske pogone \u2013 hidroelektrane, koje su danas vrijedan spomenik industrijske arhitekture. <\/strong><\/p>\n<p>Od 1895. do 1911. godine na Krki su izgra\u0111ene \u010detiri hidroelektrane: HE Krka (1895.) i HE Jaruga (1904.) na Skradinskom buku, mala hidrocentrala Ro\u0161ki slap (1909.) na Ro\u0161kom slapu i HE Miljacka (1907.) na slapu Miljacka. U planu je bila izgradnja jo\u0161 dviju hidroelektrana, na Skradinskom buku i na Bilu\u0161i\u0107a buku, ali to nije ostvareno. Tri od tih \u010detiriju hidroelektrana i danas proizvode elektri\u010dnu energiju i dio su jedinstvenog elektrifikacijskog sustava Republike Hrvatske, jedino HE Krka nije u funkciji.<\/p>\n<p>Od HE Krka sa\u010duvani su samo ostaci. Sustavno je istra\u017eena, provedeni su konzervatorski radovi i djelomi\u010dna rekonstrukcija. Zbog njezina povijesnog zna\u010denja i zato \u0161to je spomenik industrijske arhitekture, ta je\u00a0hidroelektrana za\u0161ti\u0107ena kao kulturno dobro RH.<\/p>\n","protected":false},"excerpt":{"rendered":"<p>Krajem 19. stolje\u0107a vodena snaga rijeke Krke po\u010dela se iskori\u0161tavati za prve industrijske pogone \u2013 hidroelektrane, koje su danas vrijedan spomenik industrijske arhitekture.<\/p>\n","protected":false},"author":1,"featured_media":2347,"parent":150,"menu_order":6,"comment_status":"closed","ping_status":"closed","template":"page-subpages.php","meta":{"footnotes":""},"class_list":["post-191","page","type-page","status-publish","has-post-thumbnail","hentry"],"_links":{"self":[{"href":"https:\/\/npkrka.hr\/hr\/wp-json\/wp\/v2\/pages\/191","targetHints":{"allow":["GET"]}}],"collection":[{"href":"https:\/\/npkrka.hr\/hr\/wp-json\/wp\/v2\/pages"}],"about":[{"href":"https:\/\/npkrka.hr\/hr\/wp-json\/wp\/v2\/types\/page"}],"author":[{"embeddable":true,"href":"https:\/\/npkrka.hr\/hr\/wp-json\/wp\/v2\/users\/1"}],"replies":[{"embeddable":true,"href":"https:\/\/npkrka.hr\/hr\/wp-json\/wp\/v2\/comments?post=191"}],"version-history":[{"count":0,"href":"https:\/\/npkrka.hr\/hr\/wp-json\/wp\/v2\/pages\/191\/revisions"}],"up":[{"embeddable":true,"href":"https:\/\/npkrka.hr\/hr\/wp-json\/wp\/v2\/pages\/150"}],"wp:featuredmedia":[{"embeddable":true,"href":"https:\/\/npkrka.hr\/hr\/wp-json\/wp\/v2\/media\/2347"}],"wp:attachment":[{"href":"https:\/\/npkrka.hr\/hr\/wp-json\/wp\/v2\/media?parent=191"}],"curies":[{"name":"wp","href":"https:\/\/api.w.org\/{rel}","templated":true}]}}