{"id":189,"date":"2022-06-15T10:17:45","date_gmt":"2022-06-15T08:17:45","guid":{"rendered":"https:\/\/www.npkrka.hr\/?page_id=189"},"modified":"2022-09-27T13:18:48","modified_gmt":"2022-09-27T11:18:48","slug":"etnografija","status":"publish","type":"page","link":"https:\/\/npkrka.hr\/hr\/kulturna-bastina\/etnografija\/","title":{"rendered":"Etnografska ba\u0161tina"},"content":{"rendered":"<p><strong>Iskoristiti snagu vode, koje je bilo u izobilju, i pretvoriti je u korisni rad bio je primarni cilj \u010dovjeka nastanjenog na obali rijeke ili u njezinoj neposrednoj blizini. Du\u017e cijelog toka rijeke Krke postojali su, a neki jo\u0161 postoje, brojni mlinovi koji svjedo\u010de o tomu kako je lokalno stanovni\u0161tvo prirodne vrijednosti koristilo za svoje potrebe.<\/strong><\/p>\n<p>Mlinovi na rijeci Krki tipolo\u0161ki pripadaju mlinovima na vodeni pogon, koji se jo\u0161 nazivaju i vodenice. Vodenice pripadaju sustavu predindustrijskih postrojenja. U \u017eivotu stanovnika Dalmacije, a u srednjem vijeku i \u0161irega podru\u010dja, imale su iznimno zna\u010denje pa su zbog toga \u010desto bile uzrok sukoba. One ne samo da su zna\u010dile \u017eivot, nego su donosile i velike prihode. Iako su \u010desto mijenjale vlasnike, u osnovi su ostajale iste, gotovo bez ikakvih tehni\u010dkih inovacija.<\/p>\n<p>Iako su izgubile svoju gospodarsku funkciju, vodenice su danas prvorazredna turisti\u010dka atrakcija. U vodenicama na Skradinskom buku i Ro\u0161kom slapu prezentirani su, kao nematerijalna ba\u0161tina Pokr\u010dja, stari zanati poput mljevenja \u017eitarica, pranja i stupanja sukna, tkanja torbi i prostirki za pod (tapeta), kovanja potkova, oranja, sijanja, vijanja i pripreme hrane u staroj ku\u017eini.<\/p>\n<p>U obnovljenim vodenicama <em>in situ<\/em> su izlo\u017eeni predmeti iz bogate etnografske zbirke NP \u201eKrka\u201c, koji uz stare zanate do\u010daravaju nekada\u0161nji na\u010din \u017eivota. Zbirka se sastoji od poku\u0107stva, ku\u0107anskog pribora i predmeta tradicijskog rukotvorstva.<\/p>\n","protected":false},"excerpt":{"rendered":"<p>Iskoristiti snagu vode, koje je bilo u izobilju, i pretvoriti je u korisni rad bio je primarni cilj \u010dovjeka nastanjenog na obali rijeke ili u njezinoj neposrednoj blizini.<\/p>\n","protected":false},"author":1,"featured_media":2313,"parent":150,"menu_order":5,"comment_status":"closed","ping_status":"closed","template":"page-subpages.php","meta":{"footnotes":""},"class_list":["post-189","page","type-page","status-publish","has-post-thumbnail","hentry"],"_links":{"self":[{"href":"https:\/\/npkrka.hr\/hr\/wp-json\/wp\/v2\/pages\/189","targetHints":{"allow":["GET"]}}],"collection":[{"href":"https:\/\/npkrka.hr\/hr\/wp-json\/wp\/v2\/pages"}],"about":[{"href":"https:\/\/npkrka.hr\/hr\/wp-json\/wp\/v2\/types\/page"}],"author":[{"embeddable":true,"href":"https:\/\/npkrka.hr\/hr\/wp-json\/wp\/v2\/users\/1"}],"replies":[{"embeddable":true,"href":"https:\/\/npkrka.hr\/hr\/wp-json\/wp\/v2\/comments?post=189"}],"version-history":[{"count":0,"href":"https:\/\/npkrka.hr\/hr\/wp-json\/wp\/v2\/pages\/189\/revisions"}],"up":[{"embeddable":true,"href":"https:\/\/npkrka.hr\/hr\/wp-json\/wp\/v2\/pages\/150"}],"wp:featuredmedia":[{"embeddable":true,"href":"https:\/\/npkrka.hr\/hr\/wp-json\/wp\/v2\/media\/2313"}],"wp:attachment":[{"href":"https:\/\/npkrka.hr\/hr\/wp-json\/wp\/v2\/media?parent=189"}],"curies":[{"name":"wp","href":"https:\/\/api.w.org\/{rel}","templated":true}]}}