{"id":187,"date":"2022-06-15T10:17:27","date_gmt":"2022-06-15T08:17:27","guid":{"rendered":"https:\/\/www.npkrka.hr\/?page_id=187"},"modified":"2024-08-20T14:34:21","modified_gmt":"2024-08-20T12:34:21","slug":"sakralna-bastina","status":"publish","type":"page","link":"https:\/\/npkrka.hr\/hr\/kulturna-bastina\/sakralna-bastina\/","title":{"rendered":"Sakralna ba\u0161tina"},"content":{"rendered":"<p><strong>Duhovnost i religija va\u017ean su \u010dinilac u \u017eivotu ljudi. Jo\u0161 od vremena kasne antike hodo\u010dasnici pohode brojna sveti\u0161ta diljem svijeta u potrazi za duhovnom ispunjeno\u0161\u0107u i mirom.<\/strong><\/p>\n<p>Osim prirodnim ljepotama i kulturnopovijesnim vrednotama, Nacionalni park \u201eKrka\u201c odlikuje se i bogatom sakralnom ba\u0161tinom, koja privla\u010di brojne hodo\u010dasnike. Ujezereni dijelovi rijeke Krke mjesta su mira i ti\u0161ine, kao stvorena za njegovanje dublje povezanosti \u010dovjeka i Boga.<\/p>\n<p>Osim najva\u017enijeg duhovnog sredi\u0161ta, samostana na Visovcu, du\u017e toka rijeke Krke nalaze se crkvice i brojne zavjetne kapelice koje su podizali pojedinci ili visova\u010dki franjevci. Na Skradinskom buku nalaze se dvije crkvice zavjetnog karaktera: Sv. Nikola, na lijevoj, i Gospa od Zdravlja, na desnoj obali rijeke. Sagradile su ih zemljoposjedni\u010dke obitelji \u0160upuk i Marasovi\u0107, ve\u0107inski posjednici zemlji\u0161ta na Buku.<\/p>\n","protected":false},"excerpt":{"rendered":"<p>Duhovnost i religija va\u017ean su \u010dinilac u \u017eivotu ljudi. Jo\u0161 od vremena kasne antike hodo\u010dasnici pohode brojna sveti\u0161ta diljem svijeta u potrazi za duhovnom ispunjeno\u0161\u0107u i mirom.<\/p>\n","protected":false},"author":1,"featured_media":2283,"parent":150,"menu_order":4,"comment_status":"closed","ping_status":"closed","template":"page-subpages.php","meta":{"footnotes":""},"class_list":["post-187","page","type-page","status-publish","has-post-thumbnail","hentry"],"_links":{"self":[{"href":"https:\/\/npkrka.hr\/hr\/wp-json\/wp\/v2\/pages\/187","targetHints":{"allow":["GET"]}}],"collection":[{"href":"https:\/\/npkrka.hr\/hr\/wp-json\/wp\/v2\/pages"}],"about":[{"href":"https:\/\/npkrka.hr\/hr\/wp-json\/wp\/v2\/types\/page"}],"author":[{"embeddable":true,"href":"https:\/\/npkrka.hr\/hr\/wp-json\/wp\/v2\/users\/1"}],"replies":[{"embeddable":true,"href":"https:\/\/npkrka.hr\/hr\/wp-json\/wp\/v2\/comments?post=187"}],"version-history":[{"count":0,"href":"https:\/\/npkrka.hr\/hr\/wp-json\/wp\/v2\/pages\/187\/revisions"}],"up":[{"embeddable":true,"href":"https:\/\/npkrka.hr\/hr\/wp-json\/wp\/v2\/pages\/150"}],"wp:featuredmedia":[{"embeddable":true,"href":"https:\/\/npkrka.hr\/hr\/wp-json\/wp\/v2\/media\/2283"}],"wp:attachment":[{"href":"https:\/\/npkrka.hr\/hr\/wp-json\/wp\/v2\/media?parent=187"}],"curies":[{"name":"wp","href":"https:\/\/api.w.org\/{rel}","templated":true}]}}