{"id":182,"date":"2022-06-15T10:14:42","date_gmt":"2022-06-15T08:14:42","guid":{"rendered":"https:\/\/www.npkrka.hr\/?page_id=182"},"modified":"2022-09-27T12:48:26","modified_gmt":"2022-09-27T10:48:26","slug":"srednjovjekovne-utvrde","status":"publish","type":"page","link":"https:\/\/npkrka.hr\/hr\/kulturna-bastina\/srednjovjekovne-utvrde\/","title":{"rendered":"Srednjovjekovne utvrde"},"content":{"rendered":"<p><strong>Nijedna od \u010detiriju rijeka u Dalmaciji nema toliko utvrda ili fortifikacija na svojim obalama koliko ih ima Krka.<\/strong> <strong>Gra\u0111ene na vrhovima klisura, du\u017e \u010ditavog njezina toka, stopljene s ambijentom, svjedo\u010de o mo\u0107i srednjovjekovnih hrvatskih knezova.<\/strong><\/p>\n<p>Od izvora rijeke Krke pa sve do njezina u\u0161\u0107a, na lijevoj i desnoj strani kanjona, nalaze se srednjovjekovna utvr\u0111enja, od kojih su neka bila jezgre naselja. Zajedno utvrde \u010dine jedinstveni fortifikacijski sustav.<\/p>\n<p>Markantne utvrde na Krki i \u010cikoli gra\u0111ene su na mjestima na kojima su se nalazile naseobine iz starijih povijesnih razdoblja, odnosno prapovijesne gradine, na pomno odabranim polo\u017eajima s kojih se pru\u017ea pogled na plodna polja ili pak na rije\u010dne prijelaze. Imale su prije svega obrambenu funkciju: podizane su da bi branile Oprominje, distrikt Kninske \u017eupanije. Bile su u posjedu hrvatskih velika\u0161kih obitelji. Gospodari desne obale Krke bili su \u0160ubi\u0107i (Bribirski knezovi), a lijeve Nelipi\u0107i (Nelip\u010di\u0107i) iz roda Sva\u010di\u0107a.<\/p>\n<p>Premda su utvrde na Krki odavno izgubile svoje primarno zna\u010denje, i dalje su u sredi\u0161tu pozornosti jer im se tra\u017ei novi identitet i namjena.<\/p>\n","protected":false},"excerpt":{"rendered":"<p>Nijedna od \u010detiriju rijeka u Dalmaciji nema toliko utvrda ili fortifikacija na svojim obalama koliko ih ima Krka. Gra\u0111ene na vrhovima klisura, du\u017e \u010ditavog njezina toka, stopljene s ambijentom, svjedo\u010de o mo\u0107i srednjovjekovnih hrvatskih knezova.<\/p>\n","protected":false},"author":1,"featured_media":2182,"parent":150,"menu_order":2,"comment_status":"closed","ping_status":"closed","template":"page-subpages.php","meta":{"footnotes":""},"class_list":["post-182","page","type-page","status-publish","has-post-thumbnail","hentry"],"_links":{"self":[{"href":"https:\/\/npkrka.hr\/hr\/wp-json\/wp\/v2\/pages\/182","targetHints":{"allow":["GET"]}}],"collection":[{"href":"https:\/\/npkrka.hr\/hr\/wp-json\/wp\/v2\/pages"}],"about":[{"href":"https:\/\/npkrka.hr\/hr\/wp-json\/wp\/v2\/types\/page"}],"author":[{"embeddable":true,"href":"https:\/\/npkrka.hr\/hr\/wp-json\/wp\/v2\/users\/1"}],"replies":[{"embeddable":true,"href":"https:\/\/npkrka.hr\/hr\/wp-json\/wp\/v2\/comments?post=182"}],"version-history":[{"count":0,"href":"https:\/\/npkrka.hr\/hr\/wp-json\/wp\/v2\/pages\/182\/revisions"}],"up":[{"embeddable":true,"href":"https:\/\/npkrka.hr\/hr\/wp-json\/wp\/v2\/pages\/150"}],"wp:featuredmedia":[{"embeddable":true,"href":"https:\/\/npkrka.hr\/hr\/wp-json\/wp\/v2\/media\/2182"}],"wp:attachment":[{"href":"https:\/\/npkrka.hr\/hr\/wp-json\/wp\/v2\/media?parent=182"}],"curies":[{"name":"wp","href":"https:\/\/api.w.org\/{rel}","templated":true}]}}