{"id":180,"date":"2022-06-15T10:14:16","date_gmt":"2022-06-15T08:14:16","guid":{"rendered":"https:\/\/www.npkrka.hr\/?page_id=180"},"modified":"2022-09-27T12:32:40","modified_gmt":"2022-09-27T10:32:40","slug":"arheologija","status":"publish","type":"page","link":"https:\/\/npkrka.hr\/hr\/kulturna-bastina\/arheologija\/","title":{"rendered":"Arheologija"},"content":{"rendered":"<p><strong>Podru\u010dje oko rijeke Krke obuhva\u0107a niz va\u017enih arheolo\u0161kih lokaliteta bez kojih je te\u0161ko izu\u010davati povijest ovoga kraja. Na prostoru Nacionalnog parka \u201eKrka\u201c smje\u0161teni su lokaliteti iz svih razdoblja od prapovijesti do srednjega vijeka.<\/strong><\/p>\n<p>Porje\u010dje rijeke Krke odlikuje se brojnim prirodnim karakteristikama koje su vrlo rano omogu\u0107ile njegovo naseljavanje. Prostor uz Krku, koja je neiscrpan izvor pitke vode i \u017eila kucavica ovog kraja, obiluje prostranim pa\u0161njacima, plodnom zemljom i resursima za gradnju (kamenom, sedrom, drvom), pe\u0107ine uz rijeku bile su pogodna mjesta za zaklon ili stanovanje jo\u0161 u prapovijesnom dobu, dok su u srednjem vijeku na istaknutim gredama njezina kanjona podizana utvr\u0111ena naselja.<\/p>\n<p>Najstarije tragove ljudskog \u017eivljenja nalazimo u te\u0161ko pristupa\u010dnim pe\u0107inskim nalazi\u0161tima kao \u0161to su Jazinka i Ozi\u0111ana pe\u0107ina, koja je bila naseljena jo\u0161 u mla\u0111em kamenom dobu. Osim pe\u0107inskih naseobina, postoje i gradinska naselja, koja \u0107e postati dominantna pojava u mla\u0111im fazama prapovijesti (kasnom bron\u010danom i \u017eeljeznom dobu), u razdoblju obilje\u017eenom brojnim etni\u010dkim migracijama, koje su bile popra\u0107ene sukobima. Od gradinskih lokaliteta, najpoznatija je Gradina u Puljanima, u kojoj je obitavala liburnska zajednica Burnista. Nasuprot njoj u rimsko doba sagra\u0111en je vojni logor Burnum.<\/p>\n<p>Iz vremena rimske vladavine najzna\u010dajnije nalazi\u0161te svakako je rimski vojni logor\u00a0Burnum s amfiteatrom, svjetski vrijednim nalazom. Njegovi ostaci smje\u0161teni su na desnoj obali Krke, na podru\u010dju sela Ivo\u0161evaca. Danas su posebno vidljivi ostaci lukova koji su pripadali bazilici (sudnici) te amfiteatar i <em>campus<\/em> (vojno vje\u017ebali\u0161te), u kojima je u sustavnim arheolo\u0161kim istra\u017eivanjima prona\u0111eno mno\u0161tvo gra\u0111e.<\/p>\n<p>S jednakim intenzitetom \u017eivot se nastavio u razdoblju srednjega vijeka, kada su uz rijeku Krku podizani gradovi utvrde: Tro\u0161enj, Ne\u010dven, Bogo\u010din, Klju\u010dica, Uzdah-kula, Rogovo i Kami\u010dak.<\/p>\n","protected":false},"excerpt":{"rendered":"<p>Podru\u010dje oko rijeke Krke obuhva\u0107a \u010ditav niz va\u017enih arheolo\u0161kih lokaliteta bez kojih je te\u0161ko izu\u010davati povijest ovoga kraja.<\/p>\n","protected":false},"author":1,"featured_media":2096,"parent":150,"menu_order":1,"comment_status":"closed","ping_status":"closed","template":"page-subpages.php","meta":{"footnotes":""},"class_list":["post-180","page","type-page","status-publish","has-post-thumbnail","hentry"],"_links":{"self":[{"href":"https:\/\/npkrka.hr\/hr\/wp-json\/wp\/v2\/pages\/180","targetHints":{"allow":["GET"]}}],"collection":[{"href":"https:\/\/npkrka.hr\/hr\/wp-json\/wp\/v2\/pages"}],"about":[{"href":"https:\/\/npkrka.hr\/hr\/wp-json\/wp\/v2\/types\/page"}],"author":[{"embeddable":true,"href":"https:\/\/npkrka.hr\/hr\/wp-json\/wp\/v2\/users\/1"}],"replies":[{"embeddable":true,"href":"https:\/\/npkrka.hr\/hr\/wp-json\/wp\/v2\/comments?post=180"}],"version-history":[{"count":0,"href":"https:\/\/npkrka.hr\/hr\/wp-json\/wp\/v2\/pages\/180\/revisions"}],"up":[{"embeddable":true,"href":"https:\/\/npkrka.hr\/hr\/wp-json\/wp\/v2\/pages\/150"}],"wp:featuredmedia":[{"embeddable":true,"href":"https:\/\/npkrka.hr\/hr\/wp-json\/wp\/v2\/media\/2096"}],"wp:attachment":[{"href":"https:\/\/npkrka.hr\/hr\/wp-json\/wp\/v2\/media?parent=180"}],"curies":[{"name":"wp","href":"https:\/\/api.w.org\/{rel}","templated":true}]}}