{"id":169,"date":"2022-06-15T10:12:03","date_gmt":"2022-06-15T08:12:03","guid":{"rendered":"https:\/\/www.npkrka.hr\/?page_id=169"},"modified":"2022-09-26T14:08:22","modified_gmt":"2022-09-26T12:08:22","slug":"kako-je-sve-pocelo-reljef","status":"publish","type":"page","link":"https:\/\/npkrka.hr\/hr\/prirodna-bastina\/geologija\/kako-je-sve-pocelo-reljef\/","title":{"rendered":"Kako je sve po\u010delo"},"content":{"rendered":"<p><strong>Iako se Krka i krajolik uz nju doimaju vje\u010dnima, ra\u0111anje rijeke i stvaranje kr\u0161a, oblikovanje zaravni, usijecanje kanjona i izdizanje sedrenih barijera trajalo je eonima ostaviv\u0161i nam tragove iz kojih danas i\u0161\u010ditavamo geolo\u0161ku pro\u0161lost toga prostora.<\/strong><\/p>\n","protected":false},"excerpt":{"rendered":"<p>Iako se Krka i krajolik uz nju doimaju vje\u010dnima, ra\u0111anje rijeke i stvaranje kr\u0161a, oblikovanje zaravni, usijecanje kanjona i izdizanje sedrenih barijera trajalo je eonima ostaviv\u0161i nam tragove iz kojih danas i\u0161\u010ditavamo geolo\u0161ku pro\u0161lost toga prostora.<\/p>\n","protected":false},"author":1,"featured_media":869,"parent":3098,"menu_order":2,"comment_status":"closed","ping_status":"closed","template":"page-2.php","meta":{"footnotes":""},"class_list":["post-169","page","type-page","status-publish","has-post-thumbnail","hentry"],"_links":{"self":[{"href":"https:\/\/npkrka.hr\/hr\/wp-json\/wp\/v2\/pages\/169","targetHints":{"allow":["GET"]}}],"collection":[{"href":"https:\/\/npkrka.hr\/hr\/wp-json\/wp\/v2\/pages"}],"about":[{"href":"https:\/\/npkrka.hr\/hr\/wp-json\/wp\/v2\/types\/page"}],"author":[{"embeddable":true,"href":"https:\/\/npkrka.hr\/hr\/wp-json\/wp\/v2\/users\/1"}],"replies":[{"embeddable":true,"href":"https:\/\/npkrka.hr\/hr\/wp-json\/wp\/v2\/comments?post=169"}],"version-history":[{"count":0,"href":"https:\/\/npkrka.hr\/hr\/wp-json\/wp\/v2\/pages\/169\/revisions"}],"up":[{"embeddable":true,"href":"https:\/\/npkrka.hr\/hr\/wp-json\/wp\/v2\/pages\/3098"}],"wp:featuredmedia":[{"embeddable":true,"href":"https:\/\/npkrka.hr\/hr\/wp-json\/wp\/v2\/media\/869"}],"wp:attachment":[{"href":"https:\/\/npkrka.hr\/hr\/wp-json\/wp\/v2\/media?parent=169"}],"curies":[{"name":"wp","href":"https:\/\/api.w.org\/{rel}","templated":true}]}}