{"id":1648,"date":"2022-07-15T12:26:00","date_gmt":"2022-07-15T10:26:00","guid":{"rendered":"https:\/\/www.npkrka.hr\/?page_id=1648"},"modified":"2022-09-27T09:01:44","modified_gmt":"2022-09-27T07:01:44","slug":"pjesacka-staza-bilusica-buk","status":"publish","type":"page","link":"https:\/\/npkrka.hr\/hr\/posjeti\/krka-hike\/pjesacka-staza-bilusica-buk\/","title":{"rendered":"Staza Bilu\u0161i\u0107a buk"},"content":{"rendered":"<div class=\"elementor-element elementor-element-5d033c41 elementor-widget elementor-widget-text-editor\" data-id=\"5d033c41\" data-element_type=\"widget\" data-widget_type=\"text-editor.default\">\n<div class=\"elementor-widget-container\">\n<ul>\n<li>Do po\u010detka staze dolazi se automobilom, iz zaseoka Burze na cesti Knin \u2013 Kistanje<\/li>\n<li>To je prvo makadamska staza pa onda poljski put do Krke, sa strmim spustom\/usponom<\/li>\n<li>Treba predvidjeti povratak na polazi\u0161nu to\u010dku<\/li>\n<\/ul>\n<\/div>\n<\/div>\n<div class=\"fotorama rounded-lg  shadow lblue-bg mt-5   \" data-width=\"100%\" data-ratio=\"16\/10\"  data-nav=\"thumbs\" data-autoplay=\"true\" data-arrows=\"true\" data-transition=\"crossfade\"><img decoding=\"async\" src=\"https:\/\/npkrka.hr\/wp-content\/uploads\/rsz_21_staza_bilusica_buk_1.jpg\" width=\"100%\" \/><img decoding=\"async\" src=\"https:\/\/npkrka.hr\/wp-content\/uploads\/rsz_21_staza_bilusica_buk_2.jpg\" width=\"100%\" \/><img decoding=\"async\" src=\"https:\/\/npkrka.hr\/wp-content\/uploads\/rsz_21_staza_bilusica_buk_3.jpg\" width=\"100%\" \/><img decoding=\"async\" src=\"https:\/\/npkrka.hr\/wp-content\/uploads\/rsz_21_staza_bilusica_buk_4.jpg\" width=\"100%\" \/><img decoding=\"async\" src=\"https:\/\/npkrka.hr\/wp-content\/uploads\/rsz_21_staza_bilusica_buk_5_naslovna.jpg\" width=\"100%\" \/><img decoding=\"async\" src=\"https:\/\/npkrka.hr\/wp-content\/uploads\/rsz_21_staza_bilusica_buk_6.jpg\" width=\"100%\" \/><img decoding=\"async\" src=\"https:\/\/npkrka.hr\/wp-content\/uploads\/rsz_21_staza_bilusica_buk_7.jpg\" width=\"100%\" \/><img decoding=\"async\" src=\"https:\/\/npkrka.hr\/wp-content\/uploads\/rsz_21_staza_bilusica_buk_8.jpg\" width=\"100%\" \/><img decoding=\"async\" src=\"https:\/\/npkrka.hr\/wp-content\/uploads\/rsz_21_staza_bilusica_buk_9.jpg\" width=\"100%\" \/><\/div><p>&nbsp;<\/p>\n<section class=\"elementor-section elementor-top-section elementor-element elementor-element-5ab16017 elementor-section-boxed elementor-section-height-default elementor-section-height-default\" data-id=\"5ab16017\" data-element_type=\"section\" data-settings=\"{\">\n<div class=\"elementor-container elementor-column-gap-no\">\n<div class=\"elementor-column elementor-col-100 elementor-top-column elementor-element elementor-element-4870fed2\" data-id=\"4870fed2\" data-element_type=\"column\">\n<div class=\"elementor-widget-wrap elementor-element-populated\">\n<div class=\"elementor-element elementor-element-380f52 elementor-widget elementor-widget-text-editor\" data-id=\"380f52\" data-element_type=\"widget\" data-widget_type=\"text-editor.default\">\n<div class=\"elementor-widget-container\"><strong>S vrha brine \u010duje\u0161 huk prvoga buka rijeke Krke<\/strong><\/div>\n<\/div>\n<div class=\"elementor-element elementor-element-3159f40a elementor-widget elementor-widget-text-editor\" data-id=\"3159f40a\" data-element_type=\"widget\" data-widget_type=\"text-editor.default\">\n<div class=\"elementor-widget-container\">\n<p>Bilu\u0161i\u0107a buk, prvi od sedam slapova rijeke Krke, nalazi se stije\u0161njen u kanjonu, 16 km nizvodno od izvora a 9 km od Knina. S ruba kanjona najprije se \u010duje udaljeni huk vode. To se preko dviju sedrenih stepenica Buka prelijeva sva voda Krke. Taj zvuk putnika namjernika prati du\u017e staze na \u010dijem su kraju, obrasle u br\u0161ljan, dvije vodenice, kao kulise za neku od Grimmovih bajki, prije nego \u0161to \u0107e ugledati malu lagunu u koju se ru\u0161i bijela voda Bilu\u0161i\u0107a buka. Dovoljno je tek malo ma\u0161te da biste ugledali vile kako zaigrano ple\u0161u okupane raspr\u0161enim kapljicama vode i jednoroge kako piju bistru vodu jezerca podno slapa. Slapi\u0161te je okru\u017eeno bujnim submediteranskim raslinjem i gustim vrbicima, a uz tok rijeke nekoliko je malenih polja na kojima lokalno stanovni\u0161tvo sadi povr\u0107e. Tu su drveni stol i klupa za odmor i okrjepu, pa je izlet na Bilu\u0161i\u0107a buk poput avanture u prirodi o kakvima smo nekad \u010ditali u dje\u010djim romanima.<\/p>\n<p>Bilu\u0161i\u0107a buk sastoji se od dviju glavnih stepenica i nekoliko me\u0111ustepenica. Dug je tristo, \u0161irok stotinjak metara, s ukupnom visinskom razlikom od 22,4 m. Za niska vodostaja voda se prelijeva kroz usjek \u0161irok svega tridesetak metara. Od sedrenih oblika, obiluje bradama i polu\u0161piljama. Nizvodno od slapa nalazimo brojne barijerice, a odmah ispod njih sedrene pragove i oto\u010di\u0107e. Izvan dana\u0161njeg vodotoka mo\u017ee se vidjeti sa\u010duvana, izuzetno atraktivna, \u201emrtva\u201c ili \u201efosilna\u201c sedra. Rije\u010d je o vodotoku koji je bio aktivan u geolo\u0161koj pro\u0161losti, a ta je sedra stara oko 125 000 godina. Nastala je u klimatski toplom me\u0111uledenom dobu, tzv. Riss\/W\u00fcrm interglacijalu. Aktivni sedreni slapovi rijeke Krke, odnosno dijelovi barijera koji se nalaze u vodenom toku, biodinami\u010dke su tvorevine koje stalnim osedravanjem rastu \u2013 \u00a0to je \u201e\u017eiva\u201c sedra. U sedrenoj barijeri slapa ili u njegovoj blizini nalazi se nekoliko speleolo\u0161kih objekata. Me\u0111u njima je najva\u017enija Sedrena \u0161pilja iza mlina, duga 124 m, u koju se mo\u017ee u\u0107i kroz \u010detiri ulaza. Krase je raznoliki sigasti oblici nastali u sedri. Kroz nju protje\u010de voda koja se koristila za pogon mlina.<\/p>\n<p>Tu su neko\u0107 bile brojne vodenice, stupe i valjavice, na objema obalama, i na bukovi\u010dkoj i na prominskoj strani. U mlinu se mljelo \u017eito, a na okolnim stijenama, nakon \u0161to su pro\u0161li stupe i valjavice, su\u0161ili sukanci, biljci i torbe. Sve je vrvjelo od ljudi i \u017eivota. Kad su mlinovi izgubili bitku s tehnolo\u0161kim razvojem, priroda ih je uzela pod svoje i, kao \u010darolijom, uklopila u okoli\u0161.<\/p>\n<\/div>\n<\/div>\n<\/div>\n<\/div>\n<\/div>\n<\/section>\n","protected":false},"excerpt":{"rendered":"<p>S vrha brine \u010duje\u0161 huk prvoga buka rijeke Krke<\/p>\n","protected":false},"author":1,"featured_media":1656,"parent":1355,"menu_order":21,"comment_status":"closed","ping_status":"closed","template":"page-bike.php","meta":{"footnotes":""},"class_list":["post-1648","page","type-page","status-publish","has-post-thumbnail","hentry"],"_links":{"self":[{"href":"https:\/\/npkrka.hr\/hr\/wp-json\/wp\/v2\/pages\/1648","targetHints":{"allow":["GET"]}}],"collection":[{"href":"https:\/\/npkrka.hr\/hr\/wp-json\/wp\/v2\/pages"}],"about":[{"href":"https:\/\/npkrka.hr\/hr\/wp-json\/wp\/v2\/types\/page"}],"author":[{"embeddable":true,"href":"https:\/\/npkrka.hr\/hr\/wp-json\/wp\/v2\/users\/1"}],"replies":[{"embeddable":true,"href":"https:\/\/npkrka.hr\/hr\/wp-json\/wp\/v2\/comments?post=1648"}],"version-history":[{"count":0,"href":"https:\/\/npkrka.hr\/hr\/wp-json\/wp\/v2\/pages\/1648\/revisions"}],"up":[{"embeddable":true,"href":"https:\/\/npkrka.hr\/hr\/wp-json\/wp\/v2\/pages\/1355"}],"wp:featuredmedia":[{"embeddable":true,"href":"https:\/\/npkrka.hr\/hr\/wp-json\/wp\/v2\/media\/1656"}],"wp:attachment":[{"href":"https:\/\/npkrka.hr\/hr\/wp-json\/wp\/v2\/media?parent=1648"}],"curies":[{"name":"wp","href":"https:\/\/api.w.org\/{rel}","templated":true}]}}