{"id":1634,"date":"2022-07-15T12:21:36","date_gmt":"2022-07-15T10:21:36","guid":{"rendered":"https:\/\/www.npkrka.hr\/?page_id=1634"},"modified":"2022-10-28T13:32:33","modified_gmt":"2022-10-28T11:32:33","slug":"pjesacka-staza-brljan-manojlovac","status":"publish","type":"page","link":"https:\/\/npkrka.hr\/hr\/posjeti\/krka-hike\/pjesacka-staza-brljan-manojlovac\/","title":{"rendered":"Staza Brljan \u2013 Manojlovac"},"content":{"rendered":"<div class=\"elementor-element elementor-element-66e70515 elementor-widget elementor-widget-text-editor\" data-id=\"66e70515\" data-element_type=\"widget\" data-widget_type=\"text-editor.default\">\n<div class=\"elementor-widget-container\">\n<ul>\n<li>Parkirali\u0161te se nalazi na okuci u smjeru Oklaj \u2013 Kistanje, neporedno iznad slapa Brljan<\/li>\n<li>To je prvo makadamska staza pa onda poljski put do Krke, s blagim spustom\/usponom na po\u010detku staze<\/li>\n<li>Treba predvidjeti povratak na polazi\u0161nu to\u010dku<\/li>\n<\/ul>\n<\/div>\n<\/div>\n<div class=\"fotorama rounded-lg  shadow lblue-bg mt-5   \" data-width=\"100%\" data-ratio=\"16\/10\"  data-nav=\"thumbs\" data-autoplay=\"true\" data-arrows=\"true\" data-transition=\"crossfade\"><img decoding=\"async\" src=\"https:\/\/npkrka.hr\/wp-content\/uploads\/rsz_stazabrljan06jpg.jpg\" width=\"100%\" \/><img decoding=\"async\" src=\"https:\/\/npkrka.hr\/wp-content\/uploads\/rsz_stazabrljan02jpg_naslovna.jpg\" width=\"100%\" \/><img decoding=\"async\" src=\"https:\/\/npkrka.hr\/wp-content\/uploads\/rsz_stazabrljan14jpg.jpg\" width=\"100%\" \/><img decoding=\"async\" src=\"https:\/\/npkrka.hr\/wp-content\/uploads\/rsz_stazabrljan11jpg.jpg\" width=\"100%\" \/><img decoding=\"async\" src=\"https:\/\/npkrka.hr\/wp-content\/uploads\/rsz_stazabrljan08jpg.jpg\" width=\"100%\" \/><\/div><p>&nbsp;<\/p>\n<section class=\"elementor-section elementor-top-section elementor-element elementor-element-1b320e52 elementor-section-boxed elementor-section-height-default elementor-section-height-default\" data-id=\"1b320e52\" data-element_type=\"section\" data-settings=\"{\"background_background\":\"classic\"}\">\n<div class=\"elementor-container elementor-column-gap-no\">\n<div class=\"elementor-column elementor-col-100 elementor-top-column elementor-element elementor-element-2ce5f062\" data-id=\"2ce5f062\" data-element_type=\"column\">\n<div class=\"elementor-widget-wrap elementor-element-populated\">\n<div class=\"elementor-element elementor-element-3fd8e78 elementor-widget elementor-widget-text-editor\" data-id=\"3fd8e78\" data-element_type=\"widget\" data-widget_type=\"text-editor.default\">\n<div><\/div>\n<div class=\"elementor-widget-container\"><strong>Povijesni prijelaz preko Krke pored jezera<\/strong><\/div>\n<div><\/div>\n<\/div>\n<div class=\"elementor-element elementor-element-2ed011b9 elementor-widget elementor-widget-text-editor\" data-id=\"2ed011b9\" data-element_type=\"widget\" data-widget_type=\"text-editor.default\">\n<div class=\"elementor-widget-container\">\n<p>Prijelaz preko rijeke Krke koji je u anti\u010dko doba povezivao Bukovicu i Prominu (<em>Promonu<\/em>) bio je dijelom mre\u017ee rimskih putova u Dalmaciji. Staza na lijevoj obali rijeke, neposredno iznad Brljana, povezuje taj slap s Manojlovcem, najvi\u0161im slapom na Krki.<\/p>\n<p>Na desnoj, bukovi\u010dkoj, strani toga prijelaza nalaze se ostaci rimskog vojnog logora Burnuma, a na lijevoj, prominskoj, ostaci pretpovijesne gradine u Puljanima, sredi\u0161ta liburnske zajednice Burnistae. Smje\u0161tena na visoravni iznad strme, visoke stijene, gradina se prostire na povr\u0161ini od oko 5 000 m\u00b2. S dvije je strane svojim tokom \u0161titi rijeka Krka, dok je prema jugu opasana nasipom, dugim 160, \u0161irokim, u temelju, tridesetak a visokim oko \u0161est metara. Na njoj su jo\u0161 i danas vidljivi temelji pedesetak nastambi. Pod nazivom\u00a0<em>Castellum Burnum<\/em>\u00a0spominje je anti\u010dki pisac Plinije. Nedvojbeno je bila va\u017eno sredi\u0161te u grani\u010dnom podru\u010dju Delmata i Liburna s kojeg je nadziran prijelaz preko rijeke. Velika koli\u010dina predrimske i rimske keramike u gradini svjedo\u010di da je nastavila \u017eivjeti i nakon rimskih osvajanja i osnutka vojnog logora (kastruma) Burnum na suprotnoj obali rijeke. \u0160etnja ovom stazom i pogled na Gradinu vratit \u0107e vas daleko u pro\u0161lost kada su ovuda hodili i Rimljanima prkosili borbeni Delmati, ilirsko pleme po kojemu se zove dana\u0161nja Dalmacija.<\/p>\n<p>Na Brljan se nadovezuje jezero, nastalo izgradnjom brane, koja ujezeruje tok uzvodno u du\u017eini od 1,3 km. Brljansko jezero (\u0106ori\u0107a jezero, Bjelober) \u0161iroko je 400 a dugo 1 300 m. Tu se krajolik mijenja. Legenda o Krki \u0161apu\u0107e da je ba\u0161 na dno jezera Brljana krilati zmaj odnio lijepu Miljevu i ljubljenog joj zaru\u010dnika Bogdana. Ali ne dajte da vas upla\u0161e stare pri\u010de jer ova je staza pitoma i umiruju\u0107a uz umiruju\u0107u prisutnost vode u blizini. Ljuti se kr\u0161 kod Brljanskog jezera pretvara u mek\u0161u, plodnu zemlju a Krka ulazi u polja. Voda jezera prelijeva se preko slapa Brljana samo za visokih voda. Du\u017eina sedrene barijere slapa Brljana je oko 300 m, \u0161irina oko 180 m, a ukupan pad 15,5 m. Slap je okru\u017een bujnim submediteranskim raslinjem, malim pa\u0161njacima i kultiviranim poljima. U toplom dijelu godine slap je suh, a presu\u0161i i gotovo pola kilometra dugo ujezereno korito rijeke Krke izme\u0111u Brljana i Manojlova\u010dkih slapova. Zato u prolje\u0107e sve buja zelenilom submediteranskog raslinja. I na Brljanu se mljelo \u017eito u brojnim vodenicama koje su danas napu\u0161tene i kao i s druge obale, polako ih preuzima gusto raslinje i skriva od ljudskih pogleda.<\/p>\n<\/div>\n<\/div>\n<\/div>\n<\/div>\n<\/div>\n<\/section>\n","protected":false},"excerpt":{"rendered":"<p>Povijesni prijelaz preko Krke pored jezera<\/p>\n","protected":false},"author":1,"featured_media":1642,"parent":1355,"menu_order":20,"comment_status":"closed","ping_status":"closed","template":"page-bike.php","meta":{"footnotes":""},"class_list":["post-1634","page","type-page","status-publish","has-post-thumbnail","hentry"],"_links":{"self":[{"href":"https:\/\/npkrka.hr\/hr\/wp-json\/wp\/v2\/pages\/1634","targetHints":{"allow":["GET"]}}],"collection":[{"href":"https:\/\/npkrka.hr\/hr\/wp-json\/wp\/v2\/pages"}],"about":[{"href":"https:\/\/npkrka.hr\/hr\/wp-json\/wp\/v2\/types\/page"}],"author":[{"embeddable":true,"href":"https:\/\/npkrka.hr\/hr\/wp-json\/wp\/v2\/users\/1"}],"replies":[{"embeddable":true,"href":"https:\/\/npkrka.hr\/hr\/wp-json\/wp\/v2\/comments?post=1634"}],"version-history":[{"count":0,"href":"https:\/\/npkrka.hr\/hr\/wp-json\/wp\/v2\/pages\/1634\/revisions"}],"up":[{"embeddable":true,"href":"https:\/\/npkrka.hr\/hr\/wp-json\/wp\/v2\/pages\/1355"}],"wp:featuredmedia":[{"embeddable":true,"href":"https:\/\/npkrka.hr\/hr\/wp-json\/wp\/v2\/media\/1642"}],"wp:attachment":[{"href":"https:\/\/npkrka.hr\/hr\/wp-json\/wp\/v2\/media?parent=1634"}],"curies":[{"name":"wp","href":"https:\/\/api.w.org\/{rel}","templated":true}]}}