{"id":1619,"date":"2022-07-15T11:34:10","date_gmt":"2022-07-15T09:34:10","guid":{"rendered":"https:\/\/www.npkrka.hr\/?page_id=1619"},"modified":"2022-09-27T08:24:43","modified_gmt":"2022-09-27T06:24:43","slug":"pjesacka-staza-brnjica-korito-cikole","status":"publish","type":"page","link":"https:\/\/npkrka.hr\/hr\/posjeti\/krka-hike\/pjesacka-staza-brnjica-korito-cikole\/","title":{"rendered":"Staza Brnjica \u2013 korito \u010cikole"},"content":{"rendered":"<div class=\"elementor-element elementor-element-61982803 elementor-widget elementor-widget-text-editor\" data-id=\"61982803\" data-element_type=\"widget\" data-widget_type=\"text-editor.default\">\n<div class=\"elementor-widget-container\">\n<ul>\n<li>Na cesti \u0160ibenik Drni\u0161 treba slijediti putokaz za naselje Brnjica i pou\u010dno-pje\u0161a\u010dku stazu, u Brnjici slijediti putokaze na drvenim stupovima, odatle poljskim putom i\u0107i do ruba kanjona<\/li>\n<li>Parkirali\u0161e je na otvorenom<\/li>\n<li>Staza je makadamska, strmo se spu\u0161ta do korita rijeke \u010cikole, odakle se vra\u0107a istim putom<\/li>\n<\/ul>\n<\/div>\n<\/div>\n<div class=\"fotorama rounded-lg  shadow lblue-bg mt-5   \" data-width=\"100%\" data-ratio=\"16\/10\"  data-nav=\"thumbs\" data-autoplay=\"true\" data-arrows=\"true\" data-transition=\"crossfade\"><img decoding=\"async\" src=\"https:\/\/npkrka.hr\/wp-content\/uploads\/rsz_5_staza_brnjica_\u2013_korito_Cikole_4.jpg\" width=\"100%\" \/><img decoding=\"async\" src=\"https:\/\/npkrka.hr\/wp-content\/uploads\/rsz_5_staza_brnjica_\u2013_korito_Cikole_6.jpg\" width=\"100%\" \/><img decoding=\"async\" src=\"https:\/\/npkrka.hr\/wp-content\/uploads\/rsz_5_staza_brnjica_\u2013_korito_Cikole_3.jpg\" width=\"100%\" \/><img decoding=\"async\" src=\"https:\/\/npkrka.hr\/wp-content\/uploads\/rsz_5_staza_brnjica_\u2013_korito_Cikole_1.jpg\" width=\"100%\" \/><img decoding=\"async\" src=\"https:\/\/npkrka.hr\/wp-content\/uploads\/rsz_5_staza_brnjica_\u2013_korito_Cikole_7.jpg\" width=\"100%\" \/><img decoding=\"async\" src=\"https:\/\/npkrka.hr\/wp-content\/uploads\/rsz_5_staza_brnjica_\u2013_korito_Cikole_5.jpg\" width=\"100%\" \/><img decoding=\"async\" src=\"https:\/\/npkrka.hr\/wp-content\/uploads\/rsz_5_staza_brnjica_\u2013_korito_Cikole_2_naslovna.jpg\" width=\"100%\" \/><\/div><p>&nbsp;<\/p>\n<section class=\"elementor-section elementor-top-section elementor-element elementor-element-49e9bc1 elementor-section-boxed elementor-section-height-default elementor-section-height-default\" data-id=\"49e9bc1\" data-element_type=\"section\" data-settings=\"{\"background_background\":\"classic\"}\">\n<div class=\"elementor-container elementor-column-gap-no\">\n<div class=\"elementor-column elementor-col-100 elementor-top-column elementor-element elementor-element-7e7dbba\" data-id=\"7e7dbba\" data-element_type=\"column\">\n<div class=\"elementor-widget-wrap elementor-element-populated\">\n<div class=\"elementor-element elementor-element-2ecc9cd2 elementor-widget elementor-widget-text-editor\" data-id=\"2ecc9cd2\" data-element_type=\"widget\" data-widget_type=\"text-editor.default\">\n<div class=\"elementor-widget-container\"><strong>Gluvin put do vode me\u0111u liticama<\/strong><\/div>\n<\/div>\n<div class=\"elementor-element elementor-element-63924a8a elementor-widget elementor-widget-text-editor\" data-id=\"63924a8a\" data-element_type=\"widget\" data-widget_type=\"text-editor.default\">\n<div class=\"elementor-widget-container\">\n<p>Krka i \u010cikola uporne su rijeke. Eonima su se usijecale u vapnena\u010dke stijene stvaraju\u0107i duboke kanjone s nizom kr\u0161kih oblika. Mo\u0107an je taj kamen, kao o\u0161trobradi sivi \u010darobnjak podsje\u0107a nas na su\u0161tinu. U krajoliku bez puno ukrasa, tek s ponekim grmolikim oblikom, i sam \u010dovjek osje\u0107a se ogoljenim i malim, kao da kora\u010da me\u0111u kamenim divovima. Kao fatamorgana \u010dini mu se jedino Klju\u010dica, iz kamena u kamenu iznikla utvrda srednjovjekovnih hrvatskih vladara.<\/p>\n<p>Ali kr\u0161 tra\u017ei \u017euljevite ruke koje \u0107e ga kr\u010diti, za taj posao treba kr\u0161na \u010dovjeka. U devet godina Gluvo je svojim rukama probio vi\u0161e od tisu\u0107u metara puta od rodne mu Brnjice do \u0161krte vode korita \u010cikole. Gluvo, pravim imenom Marko Ljubi\u0107, ro\u0111en 1926., po\u017eivio je dugih osamdeset godina. Ostavio nam je u naslije\u0111e Gluvin put, koji je danas pje\u0161a\u010dka staza Brnjica \u2013 korito \u010cikole. Taj vrijedni, radu posve\u0107en \u010dovjek bio je gluh, otuda mu i nadimak. Mo\u017eda je put koji je napravio bio jedino mjesto na kojemu nedostatak tog osjeta nije bio va\u017ean, jer tu priroda biva u posvema\u0161noj ti\u0161ini. Zato oko dvostruko u\u017eiva.<\/p>\n<p>Gluvin put spu\u0161ta se do korita rijeke \u010cikole, najve\u0107eg pritoka rijeke Krke. U ljetnim mjesecima u \u010cikoli nema vode, ali \u010dak i tada ve\u0107e i manje svijetlo kamenje zaobljenih oblika nastalog djelovanjem rijeke daje impresivnu sliku. \u010cikola ima dvojako lice: do Drni\u0161a te\u010de, poput nizinske rijeke, kr\u0161kim poljem, pa joj odatle i stari naziv Polj\u0161\u0107ica, \u201ekoja protje\u010de kroz polje\u201c. Iza Drni\u0161a po\u010dinje kanjonski dio toka, po kojemu nosi dana\u0161nje ime: rije\u010d \u010dikola (odnosno \u010dikojla) turskog je porijekla a zna\u010di otprilike \u201evoda kroz litice\u201c.<br \/>\nKanjon \u010cikole odlikuje izrazita surovost, koju nagla\u0161uju impozantni oblici brina, neprohodnost kanjona i \u010desto presu\u0161ivanje rije\u010dnog korita. Takva nepristupa\u010dnost bila je po\u017eeljna u pro\u0161losti, tako da na tom podru\u010dju nalazimo dvije pe\u0107ine s paleolitskim nalazi\u0161tima i utvrdu Klju\u010dicu, najve\u0107u i najo\u010duvaniju srednjovjekovnu utvrdu na prostoru Nacionalnog parka \u201eKrka\u201c. Kanjon rijeke \u010cikole dug je 14 km a dubok mjestimi\u010dno do 170 m. Po\u010dinje odmah na izlasku rijeke iz Petrova polja, kod Drni\u0161a, a zavr\u0161ava 6 km prije njezina u\u0161\u0107a u Krku, odnosno 3 km od ujezerenog dijela rijeke.<\/p>\n<\/div>\n<\/div>\n<\/div>\n<\/div>\n<\/div>\n<\/section>\n","protected":false},"excerpt":{"rendered":"<p>Gluvin put do vode me\u0111u liticama<\/p>\n","protected":false},"author":1,"featured_media":1626,"parent":1355,"menu_order":5,"comment_status":"closed","ping_status":"closed","template":"page-bike.php","meta":{"footnotes":""},"class_list":["post-1619","page","type-page","status-publish","has-post-thumbnail","hentry"],"_links":{"self":[{"href":"https:\/\/npkrka.hr\/hr\/wp-json\/wp\/v2\/pages\/1619","targetHints":{"allow":["GET"]}}],"collection":[{"href":"https:\/\/npkrka.hr\/hr\/wp-json\/wp\/v2\/pages"}],"about":[{"href":"https:\/\/npkrka.hr\/hr\/wp-json\/wp\/v2\/types\/page"}],"author":[{"embeddable":true,"href":"https:\/\/npkrka.hr\/hr\/wp-json\/wp\/v2\/users\/1"}],"replies":[{"embeddable":true,"href":"https:\/\/npkrka.hr\/hr\/wp-json\/wp\/v2\/comments?post=1619"}],"version-history":[{"count":0,"href":"https:\/\/npkrka.hr\/hr\/wp-json\/wp\/v2\/pages\/1619\/revisions"}],"up":[{"embeddable":true,"href":"https:\/\/npkrka.hr\/hr\/wp-json\/wp\/v2\/pages\/1355"}],"wp:featuredmedia":[{"embeddable":true,"href":"https:\/\/npkrka.hr\/hr\/wp-json\/wp\/v2\/media\/1626"}],"wp:attachment":[{"href":"https:\/\/npkrka.hr\/hr\/wp-json\/wp\/v2\/media?parent=1619"}],"curies":[{"name":"wp","href":"https:\/\/api.w.org\/{rel}","templated":true}]}}