{"id":158,"date":"2022-06-15T10:07:37","date_gmt":"2022-06-15T08:07:37","guid":{"rendered":"https:\/\/www.npkrka.hr\/?page_id=158"},"modified":"2022-08-29T11:06:48","modified_gmt":"2022-08-29T09:06:48","slug":"zivotinjski-svijet-parka","status":"publish","type":"page","link":"https:\/\/npkrka.hr\/hr\/prirodna-bastina\/zivotinjski-svijet-parka\/","title":{"rendered":"\u017divotinjski svijet"},"content":{"rendered":"","protected":false},"excerpt":{"rendered":"<p>\u017divotinjski svijet Nacionalnog parka &#8220;Krka&#8221; vrlo je bogat i raznolik, s brojnim endemi\u010dnim, rijetkim i ugro\u017eenim svojtama, \u0161to rijeku Krku svrstava me\u0111u najvrednije prirodne cjeline u Hrvatskoj i Europi.<\/p>\n","protected":false},"author":1,"featured_media":2992,"parent":148,"menu_order":3,"comment_status":"closed","ping_status":"closed","template":"page-subpages.php","meta":{"footnotes":""},"class_list":["post-158","page","type-page","status-publish","has-post-thumbnail","hentry"],"_links":{"self":[{"href":"https:\/\/npkrka.hr\/hr\/wp-json\/wp\/v2\/pages\/158","targetHints":{"allow":["GET"]}}],"collection":[{"href":"https:\/\/npkrka.hr\/hr\/wp-json\/wp\/v2\/pages"}],"about":[{"href":"https:\/\/npkrka.hr\/hr\/wp-json\/wp\/v2\/types\/page"}],"author":[{"embeddable":true,"href":"https:\/\/npkrka.hr\/hr\/wp-json\/wp\/v2\/users\/1"}],"replies":[{"embeddable":true,"href":"https:\/\/npkrka.hr\/hr\/wp-json\/wp\/v2\/comments?post=158"}],"version-history":[{"count":0,"href":"https:\/\/npkrka.hr\/hr\/wp-json\/wp\/v2\/pages\/158\/revisions"}],"up":[{"embeddable":true,"href":"https:\/\/npkrka.hr\/hr\/wp-json\/wp\/v2\/pages\/148"}],"wp:featuredmedia":[{"embeddable":true,"href":"https:\/\/npkrka.hr\/hr\/wp-json\/wp\/v2\/media\/2992"}],"wp:attachment":[{"href":"https:\/\/npkrka.hr\/hr\/wp-json\/wp\/v2\/media?parent=158"}],"curies":[{"name":"wp","href":"https:\/\/api.w.org\/{rel}","templated":true}]}}