{"id":1579,"date":"2022-07-15T11:14:11","date_gmt":"2022-07-15T09:14:11","guid":{"rendered":"https:\/\/www.npkrka.hr\/?page_id=1579"},"modified":"2022-09-27T08:41:36","modified_gmt":"2022-09-27T06:41:36","slug":"pjesacka-staza-laskovica-zizici-roski-slap","status":"publish","type":"page","link":"https:\/\/npkrka.hr\/hr\/posjeti\/krka-hike\/pjesacka-staza-laskovica-zizici-roski-slap\/","title":{"rendered":"Staza La\u0161kovica \u2013 \u017di\u017ei\u0107i \u2013 Ro\u0161ki slap"},"content":{"rendered":"<div class=\"elementor-element elementor-element-4a7058c elementor-widget elementor-widget-text-editor\" data-id=\"4a7058c\" data-element_type=\"widget\" data-widget_type=\"text-editor.default\">\n<div class=\"elementor-widget-container\">\n<ul>\n<li>Na stazu se dolazi iz La\u0161kovice (parkirali\u0161te je ispred Centra kretanja) ili s Ro\u0161koga slapa (parkirali\u0161te je kod recepcije)<\/li>\n<li>Staza je makadamska, s jednim du\u017eim nagibom\/usponom<\/li>\n<li>Treba predvidjeti povratak na polazi\u0161nu to\u010dku<\/li>\n<\/ul>\n<\/div>\n<\/div>\n<div class=\"fotorama rounded-lg  shadow lblue-bg mt-5   \" data-width=\"100%\" data-ratio=\"16\/10\"  data-nav=\"thumbs\" data-autoplay=\"true\" data-arrows=\"true\" data-transition=\"crossfade\"><img decoding=\"async\" src=\"https:\/\/npkrka.hr\/wp-content\/uploads\/rsz_13_staza_laskovica_\u2013_Zizici_\u2013_roski_slap_5.jpg\" width=\"100%\" \/><img decoding=\"async\" src=\"https:\/\/npkrka.hr\/wp-content\/uploads\/rsz_13_staza_laskovica_\u2013_Zizici_\u2013_roski_slap_2.jpg\" width=\"100%\" \/><img decoding=\"async\" src=\"https:\/\/npkrka.hr\/wp-content\/uploads\/rsz_13_staza_laskovica_\u2013_Zizici_\u2013_roski_slap_1.jpg\" width=\"100%\" \/><img decoding=\"async\" src=\"https:\/\/npkrka.hr\/wp-content\/uploads\/rsz_13_staza_laskovica_\u2013_Zizici_\u2013_roski_slap_3.jpg\" width=\"100%\" \/><img decoding=\"async\" src=\"https:\/\/npkrka.hr\/wp-content\/uploads\/rsz_13_staza_laskovica_\u2013_Zizici_\u2013_roski_slap_4.jpg\" width=\"100%\" \/><img decoding=\"async\" src=\"https:\/\/npkrka.hr\/wp-content\/uploads\/rsz_13_staza_laskovica_\u2013_Zizici_\u2013_roski_slap_6_naslovna.jpg\" width=\"100%\" \/><\/div><p>&nbsp;<\/p>\n<section class=\"elementor-section elementor-top-section elementor-element elementor-element-740a0635 elementor-section-boxed elementor-section-height-default elementor-section-height-default\" data-id=\"740a0635\" data-element_type=\"section\" data-settings=\"{\"background_background\":\"classic\"}\">\n<div class=\"elementor-container elementor-column-gap-no\">\n<div class=\"elementor-column elementor-col-100 elementor-top-column elementor-element elementor-element-606c01b8\" data-id=\"606c01b8\" data-element_type=\"column\">\n<div class=\"elementor-widget-wrap elementor-element-populated\">\n<div class=\"elementor-element elementor-element-760769f6 elementor-widget elementor-widget-text-editor\" data-id=\"760769f6\" data-element_type=\"widget\" data-widget_type=\"text-editor.default\">\n<div class=\"elementor-widget-container\"><strong>Snaga vode pretvorena u koristan rad<\/strong><\/div>\n<\/div>\n<div class=\"elementor-element elementor-element-20e5d661 elementor-widget elementor-widget-text-editor\" data-id=\"20e5d661\" data-element_type=\"widget\" data-widget_type=\"text-editor.default\">\n<div class=\"elementor-widget-container\">\n<p>Pogled na cijeli Ro\u0161ki slap najljep\u0161i je s dvaju brjegova. Po onome s lijeve obale spu\u0161ta se staza Niz plo\u010du, dok po brini s desne obale rijeke vodi staza od La\u0161kovice preko \u017di\u017ei\u0107a.\u00a0<em>Putnik gleda zelenilo i visoke jablane, a \u010duje ugodnu pjesmu \u017eive vode.\u00a0<\/em>To se, na kraju sedrene barijere, Ro\u0161ki slap s petnaest metara visine, u \u0161irokoj lepezi, duboko ru\u0161i u Visova\u010dko jezero. Upravo se taj prizor vidi s ove staze.<\/p>\n<p>Odavde je i najbolji pogled na hidroelektranu Ro\u0161ki slap. \u010covjek je oduvijek nastanjivao obale rijeke i pronalazio na\u010dine da snagu vode pretvori u koristan rad. Upravo na Ro\u0161kom slapu nalazimo brojne tragove takvog su\u017eivota. HE Ro\u0161ki slap izgra\u0111ena je 1909.\/1910. godine na temelju vodoprivrednih koncesija koje su dobili ugljenokopa dru\u0161tva Monte Promina iz Siveri\u0107a i Dalmatia iz Velu\u0161i\u0107a. Dalekovodom dugim 28 km strujom su se opskrbljivali rudarski pogoni u Siveri\u0107u. Na taj je dalekovod 1915. godine bio priklju\u010den i grad Drni\u0161. Do 1918. godine HE Ro\u0161ki slap bila je me\u0111u deset najve\u0107ih elektrana u Hrvatskoj. Po zavr\u0161etku Domovinskog rata, 1996. godine, generatori su zamijenjeni novima, a proces proizvodnje i distribucije elektri\u010dne energije u cijelosti je automatiziran.<\/p>\n<p>Vra\u0107aju\u0107i se dalje u pro\u0161lost, u predindustrijsko doba, srednji vijek ili jo\u0161 u anti\u010dko vrijeme, pronalazimo svjedo\u010danstva tradicijskog na\u010dina privre\u0111ivanja. Mlinovi na vodeni pogon \u2013 vodenice bile su, uz ru\u010dni \u017ervanj, najrasprostranjenija vrsta mlina zbog mno\u0161tva rijeka, potoka, kanala koji pokre\u0107u pogonske kota\u010de s lopaticama. Danas su, kao vrijedni etnografski spomenici, dijelom obnovljene kao prezentacijski i ugostiteljski objekti. Na Ro\u0161kome je slapu do \u0161ezdesetih godina 20. stolje\u0107a radilo \u0161est vodenica. U prvoj uz vodu, tzv. \u201efratarskoj mlinici\u201c, odnosno vodenici visova\u010dkog samostana, rekonstruirana su sva \u010detiri mlinska pogona i stupa a dio zgrade u kojoj su bili prostori za mlinare i pomo\u0107ne prostorije, prenamijenjen je za ugostiteljstvo i suvenirnicu. Obnovljena i je i ru\u0161evna vodenica miljeva\u010dke obitelji \u0160ostera, tik do \u201efratarske\u201c, vjerodostojno rekonstruirana da svjedo\u010di radu i \u017eivotu mlinara.<\/p>\n<p>Kad je \u010dovjek po\u010deo kupovati bra\u0161no za kruh, mlinar je ugasio dva mlinska kamena koja su, stolje\u0107ima tjerana vodom, mljela je\u010dam, p\u0161enicu i kukuruz. Sad se, silaze\u0107i od La\u0161kovice, opet \u010duje smo voda. Daleko od tehnologije na koju se moderan \u010dovjek toliko oslanja, kontempliraju\u0107i u \u0161etnji prirodom \u0161to nam budu\u0107nost nosi, javlja se strahopo\u0161tovanje prema snazi vode i starim umije\u0107ima. Ne o\u010duvamo li prirodno bogatstvo koje imamo, morat \u0107emo opet ispo\u010detka u\u010diti kako dotjerati vodu na svoj mlin.<\/p>\n<\/div>\n<\/div>\n<\/div>\n<\/div>\n<\/div>\n<\/section>\n","protected":false},"excerpt":{"rendered":"<p>Snaga vode pretvorena u koristan rad<\/p>\n","protected":false},"author":1,"featured_media":1584,"parent":1355,"menu_order":13,"comment_status":"closed","ping_status":"closed","template":"page-bike.php","meta":{"footnotes":""},"class_list":["post-1579","page","type-page","status-publish","has-post-thumbnail","hentry"],"_links":{"self":[{"href":"https:\/\/npkrka.hr\/hr\/wp-json\/wp\/v2\/pages\/1579","targetHints":{"allow":["GET"]}}],"collection":[{"href":"https:\/\/npkrka.hr\/hr\/wp-json\/wp\/v2\/pages"}],"about":[{"href":"https:\/\/npkrka.hr\/hr\/wp-json\/wp\/v2\/types\/page"}],"author":[{"embeddable":true,"href":"https:\/\/npkrka.hr\/hr\/wp-json\/wp\/v2\/users\/1"}],"replies":[{"embeddable":true,"href":"https:\/\/npkrka.hr\/hr\/wp-json\/wp\/v2\/comments?post=1579"}],"version-history":[{"count":0,"href":"https:\/\/npkrka.hr\/hr\/wp-json\/wp\/v2\/pages\/1579\/revisions"}],"up":[{"embeddable":true,"href":"https:\/\/npkrka.hr\/hr\/wp-json\/wp\/v2\/pages\/1355"}],"wp:featuredmedia":[{"embeddable":true,"href":"https:\/\/npkrka.hr\/hr\/wp-json\/wp\/v2\/media\/1584"}],"wp:attachment":[{"href":"https:\/\/npkrka.hr\/hr\/wp-json\/wp\/v2\/media?parent=1579"}],"curies":[{"name":"wp","href":"https:\/\/api.w.org\/{rel}","templated":true}]}}