{"id":1570,"date":"2022-07-15T11:08:14","date_gmt":"2022-07-15T09:08:14","guid":{"rendered":"https:\/\/www.npkrka.hr\/?page_id=1570"},"modified":"2022-09-27T08:23:10","modified_gmt":"2022-09-27T06:23:10","slug":"pjesacka-staza-lozovac-skradinski-buk","status":"publish","type":"page","link":"https:\/\/npkrka.hr\/hr\/posjeti\/krka-hike\/pjesacka-staza-lozovac-skradinski-buk\/","title":{"rendered":"Staza Lozovac \u2013 Skradinski buk"},"content":{"rendered":"<div class=\"elementor-element elementor-element-7d46fbc3 elementor-widget elementor-widget-text-editor\" data-id=\"7d46fbc3\" data-element_type=\"widget\" data-widget_type=\"text-editor.default\">\n<div class=\"elementor-widget-container\">\n<ul>\n<li>Polazak s parkirali\u0161ta Lozovac (besplatnog, otvorenog cijeli dan), ulaz na stazu neposredno pokraj glavne recepcije<\/li>\n<li>To je makadamska staza koja se u cijeloj svojoj du\u017eini pod strmim nagibom spu\u0161ta prema Krki<\/li>\n<li>Povratak istim putom ili autobusom prema Lozovcu<\/li>\n<\/ul>\n<\/div>\n<\/div>\n<div class=\"fotorama rounded-lg  shadow lblue-bg mt-5   \" data-width=\"100%\" data-ratio=\"16\/10\"  data-nav=\"thumbs\" data-autoplay=\"true\" data-arrows=\"true\" data-transition=\"crossfade\"><img decoding=\"async\" src=\"https:\/\/npkrka.hr\/wp-content\/uploads\/2-staza-Lozovac-\u2013-Skradinski-buk-1.jpg\" width=\"100%\" \/><img decoding=\"async\" src=\"https:\/\/npkrka.hr\/wp-content\/uploads\/2-staza-Lozovac-\u2013-Skradinski-buk-3.jpg\" width=\"100%\" \/><\/div><p>&nbsp;<\/p>\n<div class=\"elementor-element elementor-element-4de4c90a elementor-widget elementor-widget-text-editor\" data-id=\"4de4c90a\" data-element_type=\"widget\" data-widget_type=\"text-editor.default\">\n<div class=\"elementor-widget-container\"><strong>Pogled na trenutak u kojem \u010cikola padne u zagrljaj Krke<\/strong><\/div>\n<\/div>\n<div class=\"elementor-element elementor-element-734d98ea elementor-widget elementor-widget-text-editor\" data-id=\"734d98ea\" data-element_type=\"widget\" data-widget_type=\"text-editor.default\">\n<div class=\"elementor-widget-container\">\n<p>Od\u00a0Lozovca, glavnog kopnenog ulaza u Nacionalni park \u201eKrka\u201c, do\u00a0Skradinskog buka, njegovog najpoznatijeg slapa, vodi i \u0161umska staza, niz brinu. Kratak je to put za istinske zaljubljenike u prirodu koji \u0107e, umjesto vo\u017enje autobusom, radije izabrati \u0161etnju na zraku u kojem se osje\u0107a miris bora i nedaleke rijeke.<\/p>\n<p>Preko sedamnaest stepenica Skradinskog buka prelijevaju se zdru\u017eene vode rijeke Krke i njezina najve\u0107eg pritoka, \u010cikole. Kada se izdigla mo\u0107na sedrena barijera Buka, Krka se ujezerila do Visovca a u\u0161\u0107e \u010cikole potopilo. Tako je nastao pejsa\u017eno najneobi\u010dniji sutok u Hrvatskoj, prepoznatljiv po otvorenosti pogleda s oto\u010dnim formacijama prekrivenim vodenim biljem. Kali\u010dki busen, oko sedamsto metara duga i svega deset metara \u0161iroka sedrena barijera, razdvaja Krku od u\u0161\u0107a \u010cikole. Tako \u010dovjek vidi to\u010dno mjesto na kojem se ve\u0107 tisu\u0107lje\u0107ima ponavlja trenutak u kojem \u010cikola, nakon putovanja kroz tijesni kanjon, \u0161iroko \u0161iri ruke hrle\u0107i u zagrljaj Krke. To je prizor koji se otvara sa staze Lozovac. Oko Kali\u010dkog busena plove i izletni\u010dki brodovi koji posjetitelje prevoze ujezerenim tokom rijeke do otoka\u00a0<a href=\"https:\/\/www.npkrka.hr\/stranice\/visovac\/16\/hr.html\">Visovca<\/a>.<\/p>\n<p>Gledaju\u0107i taj spokojni prizor, nijeme rije\u010dne obale i sporo otjecanje vode, lako je pomisliti da je to kraj toka rijeke i da joj preostaje samo mirno se uputiti ka \u0160ibenskom zaljevu i svome moru. Ali Krka je upravo na tom mjestu kreirala svoj najveli\u010danstveniji slap, skupila svu svoju snagu i \u017eestinu i razasula vodu u mirijade kapljica, odjenula se bijelom pjenom, zapjevala gromko iz dubina da je mo\u017ee \u010duti, ako pomno oslu\u0161kuje, i \u0161eta\u010d koji ljepotu njezina posljednjeg slapa dolazi vidjeti niz stazu s Lozovca.<\/p>\n<\/div>\n<\/div>\n","protected":false},"excerpt":{"rendered":"<p>Pogled na trenutak u kojem \u010cikola padne u zagrljaj Krke<\/p>\n","protected":false},"author":1,"featured_media":1573,"parent":1355,"menu_order":2,"comment_status":"closed","ping_status":"closed","template":"page-bike.php","meta":{"footnotes":""},"class_list":["post-1570","page","type-page","status-publish","has-post-thumbnail","hentry"],"_links":{"self":[{"href":"https:\/\/npkrka.hr\/hr\/wp-json\/wp\/v2\/pages\/1570","targetHints":{"allow":["GET"]}}],"collection":[{"href":"https:\/\/npkrka.hr\/hr\/wp-json\/wp\/v2\/pages"}],"about":[{"href":"https:\/\/npkrka.hr\/hr\/wp-json\/wp\/v2\/types\/page"}],"author":[{"embeddable":true,"href":"https:\/\/npkrka.hr\/hr\/wp-json\/wp\/v2\/users\/1"}],"replies":[{"embeddable":true,"href":"https:\/\/npkrka.hr\/hr\/wp-json\/wp\/v2\/comments?post=1570"}],"version-history":[{"count":0,"href":"https:\/\/npkrka.hr\/hr\/wp-json\/wp\/v2\/pages\/1570\/revisions"}],"up":[{"embeddable":true,"href":"https:\/\/npkrka.hr\/hr\/wp-json\/wp\/v2\/pages\/1355"}],"wp:featuredmedia":[{"embeddable":true,"href":"https:\/\/npkrka.hr\/hr\/wp-json\/wp\/v2\/media\/1573"}],"wp:attachment":[{"href":"https:\/\/npkrka.hr\/hr\/wp-json\/wp\/v2\/media?parent=1570"}],"curies":[{"name":"wp","href":"https:\/\/api.w.org\/{rel}","templated":true}]}}