{"id":156,"date":"2022-06-15T10:07:17","date_gmt":"2022-06-15T08:07:17","guid":{"rendered":"https:\/\/www.npkrka.hr\/?page_id=156"},"modified":"2022-08-23T10:42:33","modified_gmt":"2022-08-23T08:42:33","slug":"biljni-svijet-parka","status":"publish","type":"page","link":"https:\/\/npkrka.hr\/hr\/prirodna-bastina\/biljni-svijet-parka\/","title":{"rendered":"Biljni svijet"},"content":{"rendered":"<p><strong>Zahvaljuju\u0107i biljnogeografskom polo\u017eaju, porje\u010dje rijeke Krke, na isprepletenim raznolikim stani\u0161tima, zasad broji 1 197 biljnih vrsta i podvrsta. <\/strong><\/p>\n<p>Bogati florni sastav \u010dini 115 porodica i 481 rod.<\/p>\n<p>Porodice zastupljene najve\u0107im brojem vrsta jesu mahunarke (Fabaceae), trave (Poaceae) i glavo\u010dike cjevnja\u010de (Asteraceae), dok su me\u0111u rodovima najbrojnije djeteline (<em>Trifolium<\/em>), \u0161a\u0161evi (<em>Carex<\/em>) i \u017eabnjaci (<em>Ranunculus<\/em>).<\/p>\n","protected":false},"excerpt":{"rendered":"<p>Zahvaljuju\u0107i biljnogeografskom polo\u017eaju, porje\u010dje rijeke Krke, na isprepletenim raznolikim stani\u0161tima, zasad broji 1 197 biljnih vrsta i podvrsta.<\/p>\n","protected":false},"author":1,"featured_media":2897,"parent":148,"menu_order":2,"comment_status":"closed","ping_status":"closed","template":"page-subpages.php","meta":{"footnotes":""},"class_list":["post-156","page","type-page","status-publish","has-post-thumbnail","hentry"],"_links":{"self":[{"href":"https:\/\/npkrka.hr\/hr\/wp-json\/wp\/v2\/pages\/156","targetHints":{"allow":["GET"]}}],"collection":[{"href":"https:\/\/npkrka.hr\/hr\/wp-json\/wp\/v2\/pages"}],"about":[{"href":"https:\/\/npkrka.hr\/hr\/wp-json\/wp\/v2\/types\/page"}],"author":[{"embeddable":true,"href":"https:\/\/npkrka.hr\/hr\/wp-json\/wp\/v2\/users\/1"}],"replies":[{"embeddable":true,"href":"https:\/\/npkrka.hr\/hr\/wp-json\/wp\/v2\/comments?post=156"}],"version-history":[{"count":0,"href":"https:\/\/npkrka.hr\/hr\/wp-json\/wp\/v2\/pages\/156\/revisions"}],"up":[{"embeddable":true,"href":"https:\/\/npkrka.hr\/hr\/wp-json\/wp\/v2\/pages\/148"}],"wp:featuredmedia":[{"embeddable":true,"href":"https:\/\/npkrka.hr\/hr\/wp-json\/wp\/v2\/media\/2897"}],"wp:attachment":[{"href":"https:\/\/npkrka.hr\/hr\/wp-json\/wp\/v2\/media?parent=156"}],"curies":[{"name":"wp","href":"https:\/\/api.w.org\/{rel}","templated":true}]}}