{"id":1542,"date":"2022-07-15T10:53:06","date_gmt":"2022-07-15T08:53:06","guid":{"rendered":"https:\/\/www.npkrka.hr\/?page_id=1542"},"modified":"2022-09-27T08:54:52","modified_gmt":"2022-09-27T06:54:52","slug":"pjesacka-staza-manojlovac","status":"publish","type":"page","link":"https:\/\/npkrka.hr\/hr\/posjeti\/krka-hike\/pjesacka-staza-manojlovac\/","title":{"rendered":"Staza Manojlovac"},"content":{"rendered":"<div class=\"elementor-element elementor-element-625c93b3 elementor-widget elementor-widget-text-editor\" data-id=\"625c93b3\" data-element_type=\"widget\" data-widget_type=\"text-editor.default\">\n<div class=\"elementor-widget-container\">\n<ul>\n<li>Na parkirali\u0161te se dolazi iz Ivo\u0161evaca, iz smjera Kistanje \u2013 Knin, na desnoj obali<\/li>\n<li>To je prvo makadamska staza pa onda poljski put do carskog vidikovca, s dvjema razinama, odijeljenih stepenicama, s blagim spustom\/usponom<\/li>\n<li>Treba predvidjeti povratak na polazi\u0161nu to\u010dku<\/li>\n<\/ul>\n<\/div>\n<\/div>\n<div class=\"fotorama rounded-lg  shadow lblue-bg mt-5   \" data-width=\"100%\" data-ratio=\"16\/10\"  data-nav=\"thumbs\" data-autoplay=\"true\" data-arrows=\"true\" data-transition=\"crossfade\"><img decoding=\"async\" src=\"https:\/\/npkrka.hr\/wp-content\/uploads\/rsz_18_staza_manojlovac_5.jpg\" width=\"100%\" \/><img decoding=\"async\" src=\"https:\/\/npkrka.hr\/wp-content\/uploads\/rsz_18_staza_manojlovac_3.jpg\" width=\"100%\" \/><img decoding=\"async\" src=\"https:\/\/npkrka.hr\/wp-content\/uploads\/rsz_18_staza_manojlovac_1.jpg\" width=\"100%\" \/><img decoding=\"async\" src=\"https:\/\/npkrka.hr\/wp-content\/uploads\/rsz_18_staza_manojlovac_6.jpg\" width=\"100%\" \/><img decoding=\"async\" src=\"https:\/\/npkrka.hr\/wp-content\/uploads\/rsz_18_staza_manojlovac_2.jpg\" width=\"100%\" \/><img decoding=\"async\" src=\"https:\/\/npkrka.hr\/wp-content\/uploads\/rsz_18_staza_manojlovac_4.jpg\" width=\"100%\" \/><\/div><p>&nbsp;<\/p>\n<section class=\"elementor-section elementor-top-section elementor-element elementor-element-6a0065b2 elementor-section-boxed elementor-section-height-default elementor-section-height-default\" data-id=\"6a0065b2\" data-element_type=\"section\" data-settings=\"{\"background_background\":\"classic\"}\">\n<div class=\"elementor-container elementor-column-gap-no\">\n<div class=\"elementor-column elementor-col-100 elementor-top-column elementor-element elementor-element-68588d1e\" data-id=\"68588d1e\" data-element_type=\"column\">\n<div class=\"elementor-widget-wrap elementor-element-populated\">\n<div class=\"elementor-element elementor-element-33b58f6b elementor-widget elementor-widget-text-editor\" data-id=\"33b58f6b\" data-element_type=\"widget\" data-widget_type=\"text-editor.default\">\n<div class=\"elementor-widget-container\"><strong>Povije\u0161\u0107u pro\u017eet kraj, gdje se divno ru\u0161i najvi\u0161i Krkin slap<\/strong><\/div>\n<\/div>\n<div class=\"elementor-element elementor-element-4e3e13b1 elementor-widget elementor-widget-text-editor\" data-id=\"4e3e13b1\" data-element_type=\"widget\" data-widget_type=\"text-editor.default\">\n<div class=\"elementor-widget-container\">\n<p>Tamo gdje Krka pravi zaokret od 180\u00b0 ru\u0161i se slap Manojlovac. Voda koja se usijecala u vapnena\u010dki kr\u0161 najprije je oblikovala zaravan a potom u nju usjekla i duboki kanjon. Kao najmla\u0111i oblici u kanjonu, nastali su slapovi. Zato je podru\u010dje rijeke Krke spoj suprotnosti, siroma\u0161nog kr\u0161a i rasko\u0161ne vode koja ga oplakuje, posebno izra\u017eene na gornjem toku, izme\u0111u drevne Bukovice i \u010duvene Promine, gdje se na udaljenosti od svega \u010detiri kilometra nalaze pet slapova, jezero i brzac. Krka je tu od pamtivijeka drugovala s \u010dovjekom, stoga danas ba\u0161tinimo vrijedna arheolo\u0161ka nalazi\u0161ta i bogatu povijest ilirskih plemena i starih Rimljana, koji su ih pokorili i na tom mjestu sagradili vojni logor Burnum.<\/p>\n<p>Tuda su prije 144 godine na svom putovanju Dalmacijom pro\u0161li i austrijski car i hrvatsko-ugarski i \u010de\u0161ki kralj Franjo Josip I. i njegova supruga Elizabeta Bavarska te se divili Manojlovcu. U spomen na Carev posjet, 2011. godine sve\u010dano je otvorena obnovljena spomen-plo\u010da na stazi prema vidikovcima, s pogledom na Manojlova\u010dki slap. Plo\u010du s otisnutim Carevim likom i popratnim tekstom na stijeni u narodu zvanu Careva glava postavio je 1899. godine Joso Modri\u0107 kao dar stanovnicima Kistanja. Tim je povodom bila uprili\u010dena i velika sve\u010danost, o kojoj svjedo\u010de i fotografski zapisi, \u0161to na\u017ealost nije slu\u010daj sa samim Carevim posjetom. Budu\u0107i da je izvorna plo\u010da uni\u0161tena, na osnovi fotografija izra\u0111ena je replika medaljona s likom cara Franje Josipa I. i carice Elizabete i restaurirana kamena plo\u010da na koju je postavljena. Ispod bron\u010danog odljeva Careva lika stoji natpis: \u201eNjegovo veli\u010danstvo Cezar i kralj Franjo Josip I. pro\u0161ao ovuda, nagledao se Manojlovca.\u201c Cara i caricu do\u010dekali su stanovnici Kistanja, predvo\u0111eni op\u0107inskim na\u010delnikom Jankovi\u0107em, i priredili im carski ru\u010dak. U onda\u0161njem tisku mogu se prona\u0107i zanimljivi opisi Careva posjeta. Doma\u0107e stanovni\u0161tvo Franju Josipa I. do\u010dekalo je u sve\u010danom ruhu, uz zvuke narodne glazbe i pjesmu i ples u \u010dast vladaru koji je, zbog niza agrarnih reformi, bio popularan u narodu. Ipak, znatno omiljenija bila je njegova supruga, carica Elizabeta, kojoj su \u017eene iz Kistanja darovale stotinu najfinije vezenih maramica, koje su u ono doba bile obvezni modni detalj. U sklopu toga putovanja Car i Carica posjetili su i Skradin, Skradinski buk i \u0160ibenik.<\/p>\n<p>Upravo pored Careve glave nalazi se prvi vidikovac na kraju kratke staze. Druga razina odvojena je stepenicama. Odatle se pru\u017ea najljep\u0161i pogled na tre\u0107i, najvi\u0161i i, prema mi\u0161ljenju mnogih, najljep\u0161i slap rijeke Krke, dug oko 500, \u0161irok od 80 do 100 m. Sastoji se od niza sedrenih barijera, ukupne visine 59,6 m. Najvi\u0161a, zadnja barijera nalazi se na mjestu gdje rijeka o\u0161tro zakre\u0107e od sjeverozapada prema jugoistoku, ru\u0161e\u0107i se s visine od 32,2 m. \u201eMilijunski vodeni pra\u0161ak svjetluca se na zrakama sunca. Novi bezbrojni slapi\u0107i svuda nasr\u010du, dok se opet njihova pomamna voda ne skupi u malne jedinstven pad, kolosalan i stra\u0161an, ali divan i veli\u010danstven.\u201c Tako Manojlovac opisuje don Krsto Sto\u0161i\u0107 u svom putopisu iz 1927. I zaista, svakoga tko tu do\u0111e i zastane obuzme ushit i nadahnu\u0107e. Zato vrijedi posjetiti i upoznati taj povije\u0161\u0107u pro\u017eet i ljepotom okupan kraj.<\/p>\n<\/div>\n<\/div>\n<\/div>\n<\/div>\n<\/div>\n<\/section>\n","protected":false},"excerpt":{"rendered":"<p>Povije\u0161\u0107u pro\u017eet kraj, gdje se divno ru\u0161i najvi\u0161i Krkin slap<\/p>\n","protected":false},"author":1,"featured_media":1550,"parent":1355,"menu_order":18,"comment_status":"closed","ping_status":"closed","template":"page-bike.php","meta":{"footnotes":""},"class_list":["post-1542","page","type-page","status-publish","has-post-thumbnail","hentry"],"_links":{"self":[{"href":"https:\/\/npkrka.hr\/hr\/wp-json\/wp\/v2\/pages\/1542","targetHints":{"allow":["GET"]}}],"collection":[{"href":"https:\/\/npkrka.hr\/hr\/wp-json\/wp\/v2\/pages"}],"about":[{"href":"https:\/\/npkrka.hr\/hr\/wp-json\/wp\/v2\/types\/page"}],"author":[{"embeddable":true,"href":"https:\/\/npkrka.hr\/hr\/wp-json\/wp\/v2\/users\/1"}],"replies":[{"embeddable":true,"href":"https:\/\/npkrka.hr\/hr\/wp-json\/wp\/v2\/comments?post=1542"}],"version-history":[{"count":0,"href":"https:\/\/npkrka.hr\/hr\/wp-json\/wp\/v2\/pages\/1542\/revisions"}],"up":[{"embeddable":true,"href":"https:\/\/npkrka.hr\/hr\/wp-json\/wp\/v2\/pages\/1355"}],"wp:featuredmedia":[{"embeddable":true,"href":"https:\/\/npkrka.hr\/hr\/wp-json\/wp\/v2\/media\/1550"}],"wp:attachment":[{"href":"https:\/\/npkrka.hr\/hr\/wp-json\/wp\/v2\/media?parent=1542"}],"curies":[{"name":"wp","href":"https:\/\/api.w.org\/{rel}","templated":true}]}}