{"id":15401,"date":"2026-04-30T08:01:02","date_gmt":"2026-04-30T06:01:02","guid":{"rendered":"https:\/\/npkrka.hr\/?page_id=15401"},"modified":"2026-04-30T08:01:02","modified_gmt":"2026-04-30T06:01:02","slug":"izvjesca-o-odrzivosti","status":"publish","type":"page","link":"https:\/\/npkrka.hr\/hr\/o-nama\/odrziva-destinacija\/izvjesca-o-odrzivosti\/","title":{"rendered":"Izvje\u0161\u0107a o odr\u017eivosti"},"content":{"rendered":"","protected":false},"excerpt":{"rendered":"","protected":false},"author":2,"featured_media":14986,"parent":10484,"menu_order":6,"comment_status":"closed","ping_status":"closed","template":"","meta":{"footnotes":""},"class_list":["post-15401","page","type-page","status-publish","has-post-thumbnail","hentry"],"_links":{"self":[{"href":"https:\/\/npkrka.hr\/hr\/wp-json\/wp\/v2\/pages\/15401","targetHints":{"allow":["GET"]}}],"collection":[{"href":"https:\/\/npkrka.hr\/hr\/wp-json\/wp\/v2\/pages"}],"about":[{"href":"https:\/\/npkrka.hr\/hr\/wp-json\/wp\/v2\/types\/page"}],"author":[{"embeddable":true,"href":"https:\/\/npkrka.hr\/hr\/wp-json\/wp\/v2\/users\/2"}],"replies":[{"embeddable":true,"href":"https:\/\/npkrka.hr\/hr\/wp-json\/wp\/v2\/comments?post=15401"}],"version-history":[{"count":1,"href":"https:\/\/npkrka.hr\/hr\/wp-json\/wp\/v2\/pages\/15401\/revisions"}],"predecessor-version":[{"id":15402,"href":"https:\/\/npkrka.hr\/hr\/wp-json\/wp\/v2\/pages\/15401\/revisions\/15402"}],"up":[{"embeddable":true,"href":"https:\/\/npkrka.hr\/hr\/wp-json\/wp\/v2\/pages\/10484"}],"wp:featuredmedia":[{"embeddable":true,"href":"https:\/\/npkrka.hr\/hr\/wp-json\/wp\/v2\/media\/14986"}],"wp:attachment":[{"href":"https:\/\/npkrka.hr\/hr\/wp-json\/wp\/v2\/media?parent=15401"}],"curies":[{"name":"wp","href":"https:\/\/api.w.org\/{rel}","templated":true}]}}