{"id":1528,"date":"2022-07-15T10:48:20","date_gmt":"2022-07-15T08:48:20","guid":{"rendered":"https:\/\/www.npkrka.hr\/?page_id=1528"},"modified":"2022-09-27T09:03:53","modified_gmt":"2022-09-27T07:03:53","slug":"pjesacka-staza-marasovine","status":"publish","type":"page","link":"https:\/\/npkrka.hr\/hr\/posjeti\/krka-hike\/pjesacka-staza-marasovine\/","title":{"rendered":"Staza Marasovine"},"content":{"rendered":"<div class=\"elementor-element elementor-element-7bd6396 elementor-widget elementor-widget-text-editor\" data-id=\"7bd6396\" data-element_type=\"widget\" data-widget_type=\"text-editor.default\">\n<div class=\"elementor-widget-container\">\n<ul>\n<li>Do po\u010detka staze dolazi se automobilom, iz naselja Marasovine na cesti Oklaj \u2013 Ljuboti\u0107 \u2013 Knin<\/li>\n<li>To je prvo makadamska staza pa onda poljski put do Krke, sa strmim spustom\/usponom<\/li>\n<li>Treba predvidjeti povratak na polazi\u0161nu to\u010dku<\/li>\n<\/ul>\n<\/div>\n<\/div>\n<div class=\"fotorama rounded-lg  shadow lblue-bg mt-5   \" data-width=\"100%\" data-ratio=\"16\/10\"  data-nav=\"thumbs\" data-autoplay=\"true\" data-arrows=\"true\" data-transition=\"crossfade\"><img decoding=\"async\" src=\"https:\/\/npkrka.hr\/wp-content\/uploads\/rsz_22_staza_marasovine_1.jpg\" width=\"100%\" \/><img decoding=\"async\" src=\"https:\/\/npkrka.hr\/wp-content\/uploads\/rsz_22_staza_marasovine_6_naslovna.jpg\" width=\"100%\" \/><img decoding=\"async\" src=\"https:\/\/npkrka.hr\/wp-content\/uploads\/rsz_22_staza_marasovine_4.jpg\" width=\"100%\" \/><img decoding=\"async\" src=\"https:\/\/npkrka.hr\/wp-content\/uploads\/rsz_22_staza_marasovine_5.jpg\" width=\"100%\" \/><img decoding=\"async\" src=\"https:\/\/npkrka.hr\/wp-content\/uploads\/rsz_22_staza_marasovine_2.jpg\" width=\"100%\" \/><img decoding=\"async\" src=\"https:\/\/npkrka.hr\/wp-content\/uploads\/rsz_22_staza_marasovine_3.jpg\" width=\"100%\" \/><\/div><p>&nbsp;<\/p>\n<section class=\"elementor-section elementor-top-section elementor-element elementor-element-7c00abad elementor-section-boxed elementor-section-height-default elementor-section-height-default\" data-id=\"7c00abad\" data-element_type=\"section\" data-settings=\"{\"background_background\":\"classic\"}\">\n<div class=\"elementor-container elementor-column-gap-no\">\n<div class=\"elementor-column elementor-col-100 elementor-top-column elementor-element elementor-element-579ed269\" data-id=\"579ed269\" data-element_type=\"column\">\n<div class=\"elementor-widget-wrap elementor-element-populated\">\n<div class=\"elementor-element elementor-element-71bd86a elementor-widget elementor-widget-text-editor\" data-id=\"71bd86a\" data-element_type=\"widget\" data-widget_type=\"text-editor.default\">\n<div class=\"elementor-widget-container\"><strong>Plodna polja i oranice uzvodno od Brljana<\/strong><\/div>\n<\/div>\n<div class=\"elementor-element elementor-element-4914af36 elementor-widget elementor-widget-text-editor\" data-id=\"4914af36\" data-element_type=\"widget\" data-widget_type=\"text-editor.default\">\n<div class=\"elementor-widget-container\">\n<p>Od u\u0161\u0107a, tamo gdje Krka prvi put poljubi more, pa do plodnih polja uzvodno od Brljanskog jezera stigli smo do posljednjeg kilometra pou\u010dno-pje\u0161a\u010dkih staza u Nacionalnom parku \u201eKrka\u201c. Tuda put vodi prominskom stranom rijeke, du\u017e dugih suhozida, do starih vodenica, stupa i pojili\u0161ta nizvodno od Bilu\u0161i\u0107a buka. \u0160umarci graba, hrasta, klena i jasena obalu \u010dine jo\u0161 ljep\u0161om.<\/p>\n<p>\u010covjek je Bilu\u0161i\u0107a buk sputavao miniranjem \u010dak \u010detiri puta (1834., 1895., 1953. i 1954.), kako bi Knin i Kninsko polje za\u0161titio od plavljenja i malarije. Tim je zahvatima sni\u017eena razina vode uzvodnog toka, pa je presu\u0161ilo Bobodolsko jezero, smje\u0161teno nekoliko kilometara nizvodno od Knina, na ulazu u kanjon Krke, pretvoriv\u0161i se u polje: njegovo dno sada su plodne oranice i livade. Ipak, slap Bilu\u0161i\u0107 ostao je dovoljno sna\u017ean i silovit da se njegova huka \u010duje puno prije negoli ga se ugleda.<\/p>\n<p>Od Bilu\u0161i\u0107a buka Krka kilometar i pol do \u010cavlinova brzaca te\u010de mirno i mirno opet nastavlja sve do svog izvora podno Topoljskog buka. \u010cavlinov brzac jedini je pravi brzac na rijeci Krki. Do njega od zaseoka Marasovine vodi zapu\u0161teni poljski put, dug \u0161esto metara. \u010cavlinov brzac i Bilu\u0161i\u0107a buk samuju u gotovo dvanaest kilometara dugom gornjem dijelu kanjona rijeke Krke. Na njegovoj desnoj strani usje\u010dena je \u017eeljezni\u010dka pruga Knin \u2013 Zadar. Nekada su tim putovima tr\u010dala djeca iz okolnih bukovi\u010dkih i prominskih sela da bi se kupala u rijeci. Danas je manje \u017eivosti, ali vi\u0161e mira. Jer koliko je bila \u017eustra u kanjonu, Krka se ovdje smirila, okupav\u0161i kamenjar svje\u017einom i zelenilom.<\/p>\n<p>U poljima uzvodno od Brljanskog jezera lokalno stanovni\u0161tvo uzgaja krumpir, kupus, vinovu lozu i djetelinu. Rijeka tu na prirodan na\u010din, plodnim nanosima, gnoji zemlju. U malim zaseocima Promine i Bukovice zasigurno \u0107ete prona\u0107i \u0161armantno mjesto na kojem \u0107ete otpo\u010dinuti nakon \u0161etnje i ne\u0161to fino i doma\u0107e prezalogajiti. Ovdje se sudaraju kontinentalna i mediteranska klima. Taj dodir dvaju svjetova ra\u0111a bezbrojne cvjetove, trave najdivnijih mirisa i aroma. Maj\u010dina du\u0161ica, lazarika, ma\u017euran i vrisak kuhaju se, prema starom receptu, s doma\u0107om lozom, kojoj se dodaje i med. Rakije i likeri od biljaka s ovoga podru\u010dja djeluju blagotvorno na zdravlje i ljepotu, ali i na raspolo\u017eenje. Zato nazdravimo na kraju ovog puta pou\u010dno-pje\u0161a\u010dkim stazama Nacionalnog parka \u201eKrka\u201c!<\/p>\n<\/div>\n<\/div>\n<\/div>\n<\/div>\n<\/div>\n<\/section>\n","protected":false},"excerpt":{"rendered":"<p>Plodna polja i oranice uzvodno od Brljana<\/p>\n","protected":false},"author":1,"featured_media":1534,"parent":1355,"menu_order":22,"comment_status":"closed","ping_status":"closed","template":"page-bike.php","meta":{"footnotes":""},"class_list":["post-1528","page","type-page","status-publish","has-post-thumbnail","hentry"],"_links":{"self":[{"href":"https:\/\/npkrka.hr\/hr\/wp-json\/wp\/v2\/pages\/1528","targetHints":{"allow":["GET"]}}],"collection":[{"href":"https:\/\/npkrka.hr\/hr\/wp-json\/wp\/v2\/pages"}],"about":[{"href":"https:\/\/npkrka.hr\/hr\/wp-json\/wp\/v2\/types\/page"}],"author":[{"embeddable":true,"href":"https:\/\/npkrka.hr\/hr\/wp-json\/wp\/v2\/users\/1"}],"replies":[{"embeddable":true,"href":"https:\/\/npkrka.hr\/hr\/wp-json\/wp\/v2\/comments?post=1528"}],"version-history":[{"count":0,"href":"https:\/\/npkrka.hr\/hr\/wp-json\/wp\/v2\/pages\/1528\/revisions"}],"up":[{"embeddable":true,"href":"https:\/\/npkrka.hr\/hr\/wp-json\/wp\/v2\/pages\/1355"}],"wp:featuredmedia":[{"embeddable":true,"href":"https:\/\/npkrka.hr\/hr\/wp-json\/wp\/v2\/media\/1534"}],"wp:attachment":[{"href":"https:\/\/npkrka.hr\/hr\/wp-json\/wp\/v2\/media?parent=1528"}],"curies":[{"name":"wp","href":"https:\/\/api.w.org\/{rel}","templated":true}]}}