{"id":15238,"date":"2026-04-24T08:09:48","date_gmt":"2026-04-24T06:09:48","guid":{"rendered":"https:\/\/npkrka.hr\/?page_id=15238"},"modified":"2026-04-24T08:09:48","modified_gmt":"2026-04-24T06:09:48","slug":"zvucno-oneciscenje-i-tisina-kao-prirodna-vrednota","status":"publish","type":"page","link":"https:\/\/npkrka.hr\/hr\/o-nama\/odrzivo-upravljanje\/zvucno-oneciscenje-i-tisina-kao-prirodna-vrednota\/","title":{"rendered":"Zvu\u010dno one\u010di\u0161\u0107enje i ti\u0161ina kao prirodna vrednota"},"content":{"rendered":"<p><strong>Buka je sastavni dio suvremenog \u017eivota, no u prirodi ona poprima druk\u010dije zna\u010denje. U okoli\u0161u, buka se definira kao ne\u017eeljen ili potencijalno \u0161tetan zvuk uzrokovan ljudskim aktivnostima.<\/strong><\/p>\n<p><strong><br \/>\n<\/strong>U za\u0161ti\u0107enim podru\u010djima poput Nacionalnog parka Krka, o\u010duvanje prirodnih zvukova, poput \u0161uma vode i vjetra, i \u017eivota brojnih biljnih i \u017eivotinjskih vrsta jednako je va\u017eno kao i o\u010duvanje vidljivih krajobraza.<\/p>\n<p>Prirodna zvu\u010dna kulisa klju\u010dna je za dobrobit \u017eivotinjskih vrsta, ali i za kvalitetu do\u017eivljaja posjetitelja. Pove\u0107anje broja posjetitelja i turisti\u010dkih aktivnosti mo\u017ee dovesti do optere\u0107enja prostora, uklju\u010duju\u0107i i pove\u0107anu razinu buke. Upravo zato odr\u017eivo upravljanje posje\u0107ivanjem podrazumijeva i odgovorno pona\u0161anje svakog pojedinca.<\/p>\n<p>Posjetitelji Nacionalnog parka Krka mogu znatno pridonijeti o\u010duvanju ti\u0161ine i prirodne ravnote\u017ee tako \u0161to \u0107e:<\/p>\n<ul>\n<li>sti\u0161ati glas dok razgovaraju, osobito na vidikovcima i uskim stazama<\/li>\n<li>izbjegavati glasnu glazbu i prijenosne zvu\u010dnike i druge ure\u0111aje koji proizvode buku<\/li>\n<li>uti\u0161ati mobilne telefone i elektroni\u010dke ure\u0111aje<\/li>\n<li>ugasiti motor kad zaustavljaju vozilo i izbjegavati nepotrebno stvaranje buke<\/li>\n<li>voziti ravnomjerno, bez naglih ubrzanja koja pove\u0107avaju razinu zvuka<\/li>\n<li>informirati se o pravilima pona\u0161anja prije dolaska u Park i posjetiti ga kad su gu\u017eve manje.<\/li>\n<\/ul>\n<p>Ti\u0161ina u prirodi ne zna\u010di prazninu, ve\u0107 prostor u kojemu govori \u017eivot. Odr\u017eivi turizam temelji se na ravnote\u017ei izme\u0111u do\u017eivljaja i o\u010duvanja. Biraju\u0107i ti\u0161i, obzirniji na\u010din boravka u Parku, posjetitelji postaju aktivni sudionici u za\u0161titi njegovih vrijednosti i doprinose o\u010duvanju jedinstvenog zvu\u010dnog krajolika rijeke Krke.<\/p>\n<p><strong><\/p>\n<p><\/strong><\/p>\n","protected":false},"excerpt":{"rendered":"<p>Buka je sastavni dio suvremenog \u017eivota, no u prirodi ona poprima druk\u010dije zna\u010denje. U okoli\u0161u, buka se definira kao ne\u017eeljen ili potencijalno \u0161tetan zvuk uzrokovan ljudskim aktivnostima<\/p>\n","protected":false},"author":3,"featured_media":3394,"parent":10484,"menu_order":2,"comment_status":"closed","ping_status":"closed","template":"","meta":{"footnotes":""},"class_list":["post-15238","page","type-page","status-publish","has-post-thumbnail","hentry"],"_links":{"self":[{"href":"https:\/\/npkrka.hr\/hr\/wp-json\/wp\/v2\/pages\/15238","targetHints":{"allow":["GET"]}}],"collection":[{"href":"https:\/\/npkrka.hr\/hr\/wp-json\/wp\/v2\/pages"}],"about":[{"href":"https:\/\/npkrka.hr\/hr\/wp-json\/wp\/v2\/types\/page"}],"author":[{"embeddable":true,"href":"https:\/\/npkrka.hr\/hr\/wp-json\/wp\/v2\/users\/3"}],"replies":[{"embeddable":true,"href":"https:\/\/npkrka.hr\/hr\/wp-json\/wp\/v2\/comments?post=15238"}],"version-history":[{"count":1,"href":"https:\/\/npkrka.hr\/hr\/wp-json\/wp\/v2\/pages\/15238\/revisions"}],"predecessor-version":[{"id":15239,"href":"https:\/\/npkrka.hr\/hr\/wp-json\/wp\/v2\/pages\/15238\/revisions\/15239"}],"up":[{"embeddable":true,"href":"https:\/\/npkrka.hr\/hr\/wp-json\/wp\/v2\/pages\/10484"}],"wp:featuredmedia":[{"embeddable":true,"href":"https:\/\/npkrka.hr\/hr\/wp-json\/wp\/v2\/media\/3394"}],"wp:attachment":[{"href":"https:\/\/npkrka.hr\/hr\/wp-json\/wp\/v2\/media?parent=15238"}],"curies":[{"name":"wp","href":"https:\/\/api.w.org\/{rel}","templated":true}]}}