{"id":15146,"date":"2026-04-20T09:27:15","date_gmt":"2026-04-20T07:27:15","guid":{"rendered":"https:\/\/npkrka.hr\/?page_id=15146"},"modified":"2026-04-20T09:28:15","modified_gmt":"2026-04-20T07:28:15","slug":"odrziva-energija-u-praksi-male-promjene-za-veliki-ucinak","status":"publish","type":"page","link":"https:\/\/npkrka.hr\/hr\/o-nama\/odrzivo-upravljanje\/odrziva-energija-u-praksi-male-promjene-za-veliki-ucinak\/","title":{"rendered":"Odr\u017eiva energija u praksi \u2013 male promjene za veliki u\u010dinak"},"content":{"rendered":"<p><strong>Odr\u017eiva energija temelji se na kori\u0161tenju obnovljivih izvora, poput sunca, vjetra, vode i biomase, koji omogu\u0107uju proizvodnju energije uz minimalni utjecaj na okoli\u0161.<br \/>\n<\/strong><\/p>\n<p>Njihova primjena doprinosi smanjenju emisija \u0161tetnih plinova, o\u010duvanju prirodnih resursa i za\u0161titi ekosustava, \u010dime se stvara temelj za odr\u017eiviji na\u010din \u017eivota i poslovanja.<\/p>\n<p>Na obnovljive izvore energije mo\u017ee se prije\u0107i poduzimanjem niza konkretnih koraka koji se mogu primijeniti u svakodnevnom \u017eivotu i poslovanju.<\/p>\n<p>Sve vi\u0161e ku\u0107anstava i objekata koristi solarne panele za proizvodnju vlastite elektri\u010dne energije, kao i solarne sustave za grijanje vode, \u010dime se znatno smanjuje potreba za elektri\u010dnom energijom iz konvencionalnih izvora. Na ni\u017eoj razini, solarni punja\u010di za mobilne ure\u0111aje jednostavno su i prakti\u010dno rje\u0161enje za svakodnevnu upotrebu.<\/p>\n<p>Na lokacijama na kojima postoje odgovaraju\u0107i uvjeti mogu se koristiti i drugi oblici obnovljive energije, poput malih vjetroturbina ili sustava koji iskori\u0161tavaju energiju vode. Organski otpad mo\u017ee se pretvoriti u bioplin ili koristiti kao prirodno gnojivo, \u010dime se smanjuju koli\u010dina otpada i potreba za dodatnim izvorima energije.<\/p>\n<p>Energetska u\u010dinkovitost jednako je va\u017ena kao i izbor izvora energije. Primjena LED rasvjete, koja tro\u0161i znatno manje energije i ima dulji vijek trajanja od klasi\u010dnih \u017earulja, jednostavan je na\u010din smanjenja potro\u0161nje. Tako\u0111er, kori\u0161tenje elektri\u010dnih vozila doprinosi smanjenju emisija \u0161tetnih plinova u prometu.<\/p>\n<p>I skupljanje i kori\u0161tenje ki\u0161nice mo\u017ee smanjiti potro\u0161nju energije potrebne za opskrbu vodom, \u0161to je jo\u0161 jedan va\u017ean korak prema odr\u017eivosti.<\/p>\n<p>Mnoge tvrtke danas ula\u017eu u obnovljive izvore energije kroz postavljanje solarnih sustava, kori\u0161tenje biomase ili geotermalne energije i modernizaciju infrastrukture. Takvi primjeri pokazuju da odr\u017eiva rje\u0161enja nisu samo nu\u017enost, ve\u0107 i prilika za odgovorno i dugoro\u010dno poslovanje.<\/p>\n<p>Svaka odluka, koliko god mala bila, doprinosi smanjenju negativnog utjecaja na okoli\u0161.<\/p>\n<p><strong>Koriste\u0107i energiju na pametan i odgovoran na\u010din, zajedno mo\u017eemo graditi odr\u017eiviju budu\u0107nost<br \/>\n<\/strong><\/p>\n","protected":false},"excerpt":{"rendered":"<p>Odr\u017eiva energija temelji se na kori\u0161tenju obnovljivih izvora, poput sunca, vjetra, vode i biomase, koji omogu\u0107uju proizvodnju energije uz minimalni utjecaj na okoli\u0161<\/p>\n","protected":false},"author":3,"featured_media":1073,"parent":10484,"menu_order":2,"comment_status":"closed","ping_status":"closed","template":"","meta":{"footnotes":""},"class_list":["post-15146","page","type-page","status-publish","has-post-thumbnail","hentry"],"_links":{"self":[{"href":"https:\/\/npkrka.hr\/hr\/wp-json\/wp\/v2\/pages\/15146","targetHints":{"allow":["GET"]}}],"collection":[{"href":"https:\/\/npkrka.hr\/hr\/wp-json\/wp\/v2\/pages"}],"about":[{"href":"https:\/\/npkrka.hr\/hr\/wp-json\/wp\/v2\/types\/page"}],"author":[{"embeddable":true,"href":"https:\/\/npkrka.hr\/hr\/wp-json\/wp\/v2\/users\/3"}],"replies":[{"embeddable":true,"href":"https:\/\/npkrka.hr\/hr\/wp-json\/wp\/v2\/comments?post=15146"}],"version-history":[{"count":1,"href":"https:\/\/npkrka.hr\/hr\/wp-json\/wp\/v2\/pages\/15146\/revisions"}],"predecessor-version":[{"id":15147,"href":"https:\/\/npkrka.hr\/hr\/wp-json\/wp\/v2\/pages\/15146\/revisions\/15147"}],"up":[{"embeddable":true,"href":"https:\/\/npkrka.hr\/hr\/wp-json\/wp\/v2\/pages\/10484"}],"wp:featuredmedia":[{"embeddable":true,"href":"https:\/\/npkrka.hr\/hr\/wp-json\/wp\/v2\/media\/1073"}],"wp:attachment":[{"href":"https:\/\/npkrka.hr\/hr\/wp-json\/wp\/v2\/media?parent=15146"}],"curies":[{"name":"wp","href":"https:\/\/api.w.org\/{rel}","templated":true}]}}