{"id":1511,"date":"2022-07-15T10:43:29","date_gmt":"2022-07-15T08:43:29","guid":{"rendered":"https:\/\/www.npkrka.hr\/?page_id=1511"},"modified":"2022-10-12T07:27:40","modified_gmt":"2022-10-12T05:27:40","slug":"pjesacka-staza-niz-plocu","status":"publish","type":"page","link":"https:\/\/npkrka.hr\/hr\/posjeti\/krka-hike\/pjesacka-staza-niz-plocu\/","title":{"rendered":"Staza Niz plo\u010du"},"content":{"rendered":"<div class=\"elementor-element elementor-element-31873821 elementor-widget elementor-widget-text-editor\" data-id=\"31873821\" data-element_type=\"widget\" data-widget_type=\"text-editor.default\">\n<div class=\"elementor-widget-container\">\n<ul>\n<li>Iz smjera Drni\u0161a ili Ro\u0161koga slapa ide se u smjeru Bogati\u0107a Miljeva\u010dkog<\/li>\n<li>Treba slijediti putokaz prema pje\u0161a\u010dkoj stazi a automobil parkirati na pro\u0161irenju na po\u010detku staze<\/li>\n<li>Prva polovica staze, do vidikovca, makadamska, ravna je, od vidikovca se spu\u0161ta kroz usjeke u brdu, zatim niz kamenu liticu\/plo\u010du do <em>Ogrlica<\/em> iznad Ro\u0161kog slapa; treba predvidjeti povratak na po\u010detnu to\u010dku<\/li>\n<li>Stazi se mo\u017ee pristupiti i s Ro\u0161koga slapa; treba predvidjeti povratak<\/li>\n<li>Niz kamenu liticu postavljena je za\u0161titna ograda<\/li>\n<li>Posebna napomena: treba obuti kvalitetnu protukliznu obu\u0107u, zbog kose kamene litice. Preporu\u010da se obilazak samo za suha vremena<\/li>\n<\/ul>\n<\/div>\n<\/div>\n<div class=\"fotorama rounded-lg  shadow lblue-bg mt-5   \" data-width=\"100%\" data-ratio=\"16\/10\"  data-nav=\"thumbs\" data-autoplay=\"true\" data-arrows=\"true\" data-transition=\"crossfade\"><img decoding=\"async\" src=\"https:\/\/npkrka.hr\/wp-content\/uploads\/rsz_12_staza_niz_plocu_7.jpg\" width=\"100%\" \/><img decoding=\"async\" src=\"https:\/\/npkrka.hr\/wp-content\/uploads\/rsz_12_staza_niz_plocu_1.jpg\" width=\"100%\" \/><img decoding=\"async\" src=\"https:\/\/npkrka.hr\/wp-content\/uploads\/rsz_112_staza_niz_plocu_5_naslovna.jpg\" width=\"100%\" \/><img decoding=\"async\" src=\"https:\/\/npkrka.hr\/wp-content\/uploads\/rsz_12_staza_niz_plocu_2.jpg\" width=\"100%\" \/><img decoding=\"async\" src=\"https:\/\/npkrka.hr\/wp-content\/uploads\/rsz_112_staza_niz_plocu_3.jpg\" width=\"100%\" \/><img decoding=\"async\" src=\"https:\/\/npkrka.hr\/wp-content\/uploads\/rsz_12_staza_niz_plocu_4.jpg\" width=\"100%\" \/><img decoding=\"async\" src=\"https:\/\/npkrka.hr\/wp-content\/uploads\/rsz_12_staza_niz_plocu_6.jpg\" width=\"100%\" \/><\/div><p>&nbsp;<\/p>\n<section class=\"elementor-section elementor-top-section elementor-element elementor-element-3a4b6c59 elementor-section-boxed elementor-section-height-default elementor-section-height-default\" data-id=\"3a4b6c59\" data-element_type=\"section\" data-settings=\"{\"background_background\":\"classic\"}\">\n<div class=\"elementor-container elementor-column-gap-no\">\n<div class=\"elementor-column elementor-col-100 elementor-top-column elementor-element elementor-element-793dac15\" data-id=\"793dac15\" data-element_type=\"column\">\n<div class=\"elementor-widget-wrap elementor-element-populated\">\n<div class=\"elementor-element elementor-element-391212f4 elementor-widget elementor-widget-text-editor\" data-id=\"391212f4\" data-element_type=\"widget\" data-widget_type=\"text-editor.default\">\n<div class=\"elementor-widget-container\"><strong>Stari put niz ro\u0161ke gudure do mlinica i vode<\/strong><\/div>\n<\/div>\n<div class=\"elementor-element elementor-element-64450161 elementor-widget elementor-widget-text-editor\" data-id=\"64450161\" data-element_type=\"widget\" data-widget_type=\"text-editor.default\">\n<div class=\"elementor-widget-container\">\n<p>Put kojim su se nekada stanovnici okolnih sela niz strmu plo\u010du kanjona spu\u0161tali do vode i posjeda koje su obra\u0111ivali danas je pje\u0161a\u010dka staza, na kojoj posjetitelji mogu u\u017eivati u pogledu na o\u010daravaju\u0107i krajolik Ro\u0161koga slapa. A pogled je vrijedan uspona ili spusta, podjednako zahtjevnih, niz tu, kako joj samo ime ka\u017ee, ugla\u010danu plo\u010du uz ro\u0161ke gudure. Jo\u0161 je u pro\u0161lom stolje\u0107u Jasna Skelin Dubokovi\u0107, drni\u0161ka vizionarka, govorila o ure\u0111enju staze do vodenica jer se s te plo\u010de vidi sva ljepota kanjona: orlovski par koji kru\u017ei iznad ru\u0161evina Rogova, razasute Ogrlice, modrozelene vode stije\u0161njene u kanjonu Me\u0111u gredama\u2026 Vidi se i ku\u0107a Jasne Skelin Dubokovi\u0107, plemkinje koja je na Ro\u0161kome slapu odrasla i cijeli svoj \u017eivot posvetila njegovoj valorizaciji i razvoju.<\/p>\n<p>Takva mjesta, uzvi\u0161ena i nadmorski i duhovno, mjesta su istan\u010danih djela prirode i dom raznolikim \u017eivim stvorenjima. U blizini sela Bogati\u0107a, na gornjem dijelu te uko\u0161ene litice, zvane Plo\u010da, visoko iznad Ro\u0161koga slapa, na nadmorskoj visini od 156 m, nalazi se i jama Suza na Plo\u010di, nazvana po ulaznom otvoru u obliku suze. Rije\u010d je o malom, jednostavnom objektu, dugom pet, dubokom tri i pol metra, s vertikalnom razlikom od oko \u0161est metara. U njoj stanuje dalmatinski \u0161piljski konjic, tercijarni relikt i endem zapadnoga Mediterana.<\/p>\n<p>Ako se popnete pje\u0161a\u010dkom stazom, na\u0107i \u0107ete se sasvim blizu pticama nebeskim. Stijene i litice na Ro\u0161kome slapu i u kanjonu Me\u0111u gredama stani\u0161ta su dvadeset dvjema vrstama ptica. Tu se gnijezdi orao zmijar, koji u potrazi za hranom satima lebdi no\u0161en zra\u010dnim strujama. Kanjon iznad Ro\u0161koga slapa gnjezdi\u0161te je pe\u0107inske i hridne lastavice, piljka i bijele \u010diope. U pukotinama stijena i polu\u0161piljama gnijezdi se divlji golub, dru\u017eevna ptica koja \u017eivi u manjim jatima cijele godine, a na liticama ili velikim blokovima kamenja modrokos. Iznad Ro\u0161koga slapa \u010desto se mogu vidjeti obiteljska jata gavrana. U pukotinama strmih stijena ili napu\u0161tenim gnijezdima ptica grabljivica u nepristupa\u010dnim \u0161umama gnijezdi se u\u0161ara. Glasa se s \u201euu-hu\u201c, osobito \u010desto u prolje\u0107e za gnije\u017e\u0111enja, a pjev joj se \u010duje na udaljenost do \u010detiri kilometra. U dijelu kanjona iznad Ro\u0161koga slapa, iako se tu vi\u0161e ne gnijezde, povremeno se mogu vidjeti, u potrazi za hranom, sivi sokol i prugasti i suri orao.<\/p>\n<\/div>\n<\/div>\n<\/div>\n<\/div>\n<\/div>\n<\/section>\n","protected":false},"excerpt":{"rendered":"<p>Stari put niz ro\u0161ke gudure do mlinica i vode<\/p>\n","protected":false},"author":1,"featured_media":1518,"parent":1355,"menu_order":12,"comment_status":"closed","ping_status":"closed","template":"page-bike.php","meta":{"footnotes":""},"class_list":["post-1511","page","type-page","status-publish","has-post-thumbnail","hentry"],"_links":{"self":[{"href":"https:\/\/npkrka.hr\/hr\/wp-json\/wp\/v2\/pages\/1511","targetHints":{"allow":["GET"]}}],"collection":[{"href":"https:\/\/npkrka.hr\/hr\/wp-json\/wp\/v2\/pages"}],"about":[{"href":"https:\/\/npkrka.hr\/hr\/wp-json\/wp\/v2\/types\/page"}],"author":[{"embeddable":true,"href":"https:\/\/npkrka.hr\/hr\/wp-json\/wp\/v2\/users\/1"}],"replies":[{"embeddable":true,"href":"https:\/\/npkrka.hr\/hr\/wp-json\/wp\/v2\/comments?post=1511"}],"version-history":[{"count":0,"href":"https:\/\/npkrka.hr\/hr\/wp-json\/wp\/v2\/pages\/1511\/revisions"}],"up":[{"embeddable":true,"href":"https:\/\/npkrka.hr\/hr\/wp-json\/wp\/v2\/pages\/1355"}],"wp:featuredmedia":[{"embeddable":true,"href":"https:\/\/npkrka.hr\/hr\/wp-json\/wp\/v2\/media\/1518"}],"wp:attachment":[{"href":"https:\/\/npkrka.hr\/hr\/wp-json\/wp\/v2\/media?parent=1511"}],"curies":[{"name":"wp","href":"https:\/\/api.w.org\/{rel}","templated":true}]}}