{"id":15087,"date":"2026-04-08T13:53:00","date_gmt":"2026-04-08T11:53:00","guid":{"rendered":"https:\/\/npkrka.hr\/?page_id=15087"},"modified":"2026-04-08T13:58:20","modified_gmt":"2026-04-08T11:58:20","slug":"izaberi-lokalno-za-prirodu-ljude-i-buducnost","status":"publish","type":"page","link":"https:\/\/npkrka.hr\/hr\/o-nama\/odrzivo-upravljanje\/izaberi-lokalno-za-prirodu-ljude-i-buducnost\/","title":{"rendered":"Izaberi lokalno \u2013 za prirodu, ljude i budu\u0107nost"},"content":{"rendered":"<p>Kupnjom lokalnih proizvoda u Nacionalnom parku Krka ne biramo samo kvalitetu i autenti\u010dnost, ve\u0107 aktivno sudjelujemo i u o\u010duvanju prirode, tradicije i odr\u017eiva razvoja ovog jedinstvenog podru\u010dja. Takav odabir ima dalekose\u017ean pozitivni utjecaj \u2013 od za\u0161tite okoli\u0161a do ja\u010danja lokalne zajednice.<\/p>\n<p><strong>Za\u0161to birati lokalno?<\/strong><\/p>\n<p>Kupnja lokalnih proizvoda izravno podr\u017eava male proizvo\u0111a\u010de, obiteljska poljoprivredna gospodarstva i obrtnike koji svojim radom \u010duvaju tradiciju i identitet kraja. Time se poti\u010de lokalno gospodarstvo i omogu\u0107uje odr\u017eiviji razvoj zajednice, bez potrebe za masovnom proizvodnjom, koja \u010desto optere\u0107uje okoli\u0161.<\/p>\n<p>Osim ekonomskog aspekta, lokalni proizvodi imaju i va\u017enu ekolo\u0161ku prednost. Kra\u0107i transportni putovi zna\u010de manju emisiju stakleni\u010dkih plinova, \u010dime se smanjuje uglji\u010dni otisak. Hrana koja dolazi iz neposredne okolice svje\u017eija je, manje obra\u0111ena i \u010desto proizvedena na prirodniji na\u010din, \u0161to dodatno doprinosi o\u010duvanju zdravlja ljudi i ekosustava.<\/p>\n<p>Uz to, biraju\u0107i lokalno, \u010duvamo kulturnu ba\u0161tinu. Tradicionalni recepti, na\u010dini proizvodnje i autohtone sorte ne nestaju \u2013 naprotiv, dobivaju novu vrijednost i prostor za opstanak. Time destinacija zadr\u017eava svoju autenti\u010dnost, a posjetitelji imaju priliku do\u017eivjeti ne\u0161to istinski posebno i izvorno.<\/p>\n<p><strong>Kako na\u0161 izbor doprinosi odr\u017eivosti?<\/strong><\/p>\n<p>Odr\u017eivi razvoj podrazumijeva ravnote\u017eu izme\u0111u potreba ljudi, gospodarstva i okoli\u0161a. Lokalna kupnja upravo to omogu\u0107uje:<\/p>\n<ul>\n<li>smanjuje pritisak na prirodne resurse<\/li>\n<li>poti\u010de odgovornu proizvodnju i potro\u0161nju<\/li>\n<li>ja\u010da otpornost lokalne zajednice<\/li>\n<li>smanjuje koli\u010dinu otpada i nepotrebne ambala\u017ee.<\/li>\n<\/ul>\n<p>Svaka odluka koju donesemo kao potro\u0161a\u010di ima svoj utjecaj. Odabirom lokalnog proizvoda biramo odr\u017eiviji model \u017eivota i doprinosimo o\u010duvanju bogate kulturne ba\u0161tine na\u0161ega kraja.<\/p>\n<p>&nbsp;<\/p>\n<p>&nbsp;<\/p>\n<p>&nbsp;<\/p>\n","protected":false},"excerpt":{"rendered":"<p>Kupnjom lokalnih proizvoda u Nacionalnom parku Krka ne biramo samo kvalitetu i autenti\u010dnost, ve\u0107 aktivno sudjelujemo i u o\u010duvanju prirode, tradicije i odr\u017eiva razvoja ovog jedinstvenog podru\u010dja<\/p>\n","protected":false},"author":3,"featured_media":368,"parent":10484,"menu_order":2,"comment_status":"closed","ping_status":"closed","template":"","meta":{"footnotes":""},"class_list":["post-15087","page","type-page","status-publish","has-post-thumbnail","hentry"],"_links":{"self":[{"href":"https:\/\/npkrka.hr\/hr\/wp-json\/wp\/v2\/pages\/15087","targetHints":{"allow":["GET"]}}],"collection":[{"href":"https:\/\/npkrka.hr\/hr\/wp-json\/wp\/v2\/pages"}],"about":[{"href":"https:\/\/npkrka.hr\/hr\/wp-json\/wp\/v2\/types\/page"}],"author":[{"embeddable":true,"href":"https:\/\/npkrka.hr\/hr\/wp-json\/wp\/v2\/users\/3"}],"replies":[{"embeddable":true,"href":"https:\/\/npkrka.hr\/hr\/wp-json\/wp\/v2\/comments?post=15087"}],"version-history":[{"count":1,"href":"https:\/\/npkrka.hr\/hr\/wp-json\/wp\/v2\/pages\/15087\/revisions"}],"predecessor-version":[{"id":15088,"href":"https:\/\/npkrka.hr\/hr\/wp-json\/wp\/v2\/pages\/15087\/revisions\/15088"}],"up":[{"embeddable":true,"href":"https:\/\/npkrka.hr\/hr\/wp-json\/wp\/v2\/pages\/10484"}],"wp:featuredmedia":[{"embeddable":true,"href":"https:\/\/npkrka.hr\/hr\/wp-json\/wp\/v2\/media\/368"}],"wp:attachment":[{"href":"https:\/\/npkrka.hr\/hr\/wp-json\/wp\/v2\/media?parent=15087"}],"curies":[{"name":"wp","href":"https:\/\/api.w.org\/{rel}","templated":true}]}}