{"id":150,"date":"2022-06-15T10:05:14","date_gmt":"2022-06-15T08:05:14","guid":{"rendered":"https:\/\/www.npkrka.hr\/?page_id=150"},"modified":"2022-09-19T14:12:28","modified_gmt":"2022-09-19T12:12:28","slug":"kulturna-bastina","status":"publish","type":"page","link":"https:\/\/npkrka.hr\/hr\/kulturna-bastina\/","title":{"rendered":"Kulturna ba\u0161tina"},"content":{"rendered":"<p><strong>Uz prirodne ljepote kanjona, rijeka Krka odlikuje se i bogatom kulturnopovijesnom ba\u0161tinom, koja svjedo\u010di o su\u017eivotu \u010dovjeka i prirode na njezinu prostoru od prapovijesti do danas.<\/strong><\/p>\n<p>Kulturna ba\u0161tina zajedni\u010dko je bogatstvo \u017eitelja Pokr\u010dja, a za\u0161tita spomenika je najva\u017eniji \u010dinilac za prepoznavanje i o\u010duvanje kulturnog identiteta toga kraja.<\/p>\n<p>Prvi stanovnici uz rijeku Krku nastanjivali su \u0161pilje, koje su im pru\u017eale siguran zaklon od prirodnih nepogoda i divljih zvijeri. \u0160pilje su kori\u0161tene kao trajne nastambe ili kao privremena skloni\u0161ta, a dijelom i kao groblja (nekropole). Tijekom bron\u010danog i \u017eeljeznog doba na rubovima kanjona rijeke izgra\u0111ena su brojna gradinska naselja ili utvr\u0111enja.<\/p>\n<p>S dolaskom Rimljana na prostor rijeke Krke u 1. st. pr. Kr. po\u010dela je urbanizacija ve\u0107ih razmjera. Rije\u010d je u prvom redu o vojnim strukturama (vojnom logoru Burnumu i pet manjih ka\u0161tela) te cestama i vodovodima. Prema uzusima anti\u010dkog urbanizma, izgra\u0111ena su gradska sredi\u0161ta poput Scardone i Burnuma, sa svom urbanom infrastrukturom. Izgra\u0111eno je i nekoliko vila rustika (seoskih gospodarstava), u kojima su uglavnom stanovali islu\u017eeni vojnici iz Burnuma.<\/p>\n<p>Razdoblje srednjega vijeka obilje\u017eile su brojne utvrde na obalama Krke, koje, osim povijesne, imaju i izuzetnu ambijentalnu vrijednost. Me\u0111u njima se posebno isti\u010du Klju\u010dica, Tro\u0161enj i Ne\u010dven. U neposrednoj blizini utvrda podignuta su i brojna naselja, koja dijelom i danas postoje.<\/p>\n<p>Du\u017e toka rijeke Krke, posebice na slapi\u0161tima, izgra\u0111ena su brojna postrojenja koja za pogon koriste snagu vode: vodenice, stupe i ko\u0161evi. Sklopovi vodenica specifi\u010dno su svjedo\u010danstvo tradicijskog \u017eivota i na\u010dina privre\u0111ivanja kojeg kontinuitet se\u017ee u starija povijesna razdoblja.<\/p>\n<p>U novome vijeku do\u0161lo je do velikih promjena u eksploataciji vodene snage. Druga industrijska revolucija iznjedrila je novo pogonsko gorivo \u2013 elektri\u010dnu energiju, tako da su na Krki izgra\u0111ene \u010detiri hidroelektrane te niz industrijskih objekata koji su koristili tu energiju.<\/p>\n","protected":false},"excerpt":{"rendered":"<p>Uz prirodne ljepote kanjona, rijeka Krka odlikuje se i bogatom kulturnopovijesnom ba\u0161tinom, koja svjedo\u010di o su\u017eivotu \u010dovjeka i prirode na njezinu prostoru od prapovijesti do danas.<\/p>\n","protected":false},"author":1,"featured_media":2456,"parent":0,"menu_order":2,"comment_status":"closed","ping_status":"closed","template":"page-subpages.php","meta":{"footnotes":""},"class_list":["post-150","page","type-page","status-publish","has-post-thumbnail","hentry"],"_links":{"self":[{"href":"https:\/\/npkrka.hr\/hr\/wp-json\/wp\/v2\/pages\/150","targetHints":{"allow":["GET"]}}],"collection":[{"href":"https:\/\/npkrka.hr\/hr\/wp-json\/wp\/v2\/pages"}],"about":[{"href":"https:\/\/npkrka.hr\/hr\/wp-json\/wp\/v2\/types\/page"}],"author":[{"embeddable":true,"href":"https:\/\/npkrka.hr\/hr\/wp-json\/wp\/v2\/users\/1"}],"replies":[{"embeddable":true,"href":"https:\/\/npkrka.hr\/hr\/wp-json\/wp\/v2\/comments?post=150"}],"version-history":[{"count":0,"href":"https:\/\/npkrka.hr\/hr\/wp-json\/wp\/v2\/pages\/150\/revisions"}],"wp:featuredmedia":[{"embeddable":true,"href":"https:\/\/npkrka.hr\/hr\/wp-json\/wp\/v2\/media\/2456"}],"wp:attachment":[{"href":"https:\/\/npkrka.hr\/hr\/wp-json\/wp\/v2\/media?parent=150"}],"curies":[{"name":"wp","href":"https:\/\/api.w.org\/{rel}","templated":true}]}}