{"id":14903,"date":"2026-03-23T12:22:08","date_gmt":"2026-03-23T11:22:08","guid":{"rendered":"https:\/\/npkrka.hr\/?page_id=14903"},"modified":"2026-04-20T09:29:12","modified_gmt":"2026-04-20T07:29:12","slug":"nevidljivi-otpad-stvaran-problem-vrijeme-je-za-digitalno-pospremanje","status":"publish","type":"page","link":"https:\/\/npkrka.hr\/hr\/o-nama\/odrzivo-upravljanje\/nevidljivi-otpad-stvaran-problem-vrijeme-je-za-digitalno-pospremanje\/","title":{"rendered":"Nevidljivi otpad, stvaran problem: vrijeme je za digitalno pospremanje"},"content":{"rendered":"<p><strong>U subotu, 21. o\u017eujka odr\u017eava se Digital Cleanup Day.<\/strong><\/p>\n<p>&nbsp;<\/p>\n<p>U vremenu u kojemu veliki dio svakodnevice \u017eivimo\u00a0<em>online<\/em>\u00a0rijetko razmi\u0161ljamo o tome da i digitalni svijet stvara otpad: fotografije koje nikada ne pogledamo, stotine nepro\u010ditanih elektroni\u010dkih poruka, stare datoteke pohranjene u \u201eoblaku\u201c, aplikacije koje vi\u0161e ne koristimo\u2026 sve to \u010dini digitalni otpad. Iako ga ne vidimo kao fizi\u010dki otpad, njegov utjecaj na okoli\u0161 itekako je stvaran. Naime, sve digitalne datoteke pohranjene su u velikim podatkovnim centrima na poslu\u017eiteljima koji tro\u0161e znatne koli\u010dine elektri\u010dne energije za rad i hla\u0111enje. \u0160to vi\u0161e podataka pohranjujemo, to je ve\u0107a potreba za energijom. Procjenjuje se da digitalni sektor ve\u0107 danas ima udio od nekoliko postotaka u globalnoj emisiji stakleni\u010dkih plinova, \u0161to je usporedivo s emisijom u zra\u010dnom prometu. Upravo su zbog toga na\u0161e digitalne navike postale dio \u0161ire pri\u010de o odr\u017eivu razvoju.<\/p>\n<p>Jedan od na\u010dina na koje mo\u017eemo podizati svijest o digitalnom otpadu i smanjivati ga me\u0111unarodna je inicijativa Digital Cleanup Day, koja se ove godine obilje\u017eava u subotu, 21. o\u017eujka. Cilj te akcije jednostavan je: trebamo odvojiti malo vremena za \u201epospremanje\u201c svoga digitalnog prostora, odnosno uklanjanje nepotrebnih datoteka. Tako \u0107emo smanjiti koli\u010dinu podataka trajno pohranjenih na poslu\u017eiteljima i time indirektno smanjiti potro\u0161nju energije.<\/p>\n<p>Sudjelovanje u digitalnoj \u010distki mo\u017ee biti jednostavno, a u\u010dinak znatan. Evo nekoliko koraka koje svatko mo\u017ee poduzeti:<\/p>\n<ul>\n<li>obrisati stare i duple fotografije i videozapise<\/li>\n<li>isprazniti mapu s ne\u017eeljenom i starom e-po\u0161tom<\/li>\n<li>ukloniti aplikacije koje vi\u0161e ne koristimo<\/li>\n<li>o\u010distiti ra\u010dunalo ili \u201eoblak\u201c od starih dokumenata i datoteka<\/li>\n<li>odjaviti se s\u00a0<em>newslettera<\/em>\u00a0koji ne \u010ditamo.<\/li>\n<\/ul>\n<p>Osim \u0161to njome poma\u017eemo okoli\u0161u, digitalna \u010distka donosi i osobnu dobrobit: manje datoteka zna\u010di preglednije podatke, br\u017ee pretra\u017eivanje informacija i vi\u0161e prostora za sadr\u017eaje koji su nam zaista potrebni, a ujedno nas poti\u010de i da razvijamo odgovornije digitalne navike \u2013 ba\u0161 kao \u0161to razmi\u0161ljamo o smanjenju, ponovnoj uporabi i recikliranju predmeta u fizi\u010dkom svijetu.<\/p>\n<p>Za\u0161ti\u0107ena podru\u010dja poput Nacionalnog parka Krka podsje\u0107aju nas na to koliko je priroda vrijedna i osjetljiva. Odr\u017eivi razvoj ne odnosi se samo na o\u010duvanje krajolika, voda i bioraznolikosti, ve\u0107 i na na\u0161e svakodnevne izbore, pa i one koje \u010dinimo ispred ekrana.<\/p>\n<p>Zato vas povodom obilje\u017eavanja Digital Cleanup Day pozivamo da do kraja o\u017eujka odvojite nekoliko minuta i napravite malu \u010distku na va\u0161im digitalnim ure\u0111ajima. Jedan mali klik ne\u0107e promijeniti svijet, ali milijuni takvih klikova mogu napraviti veliku stvar.<\/p>\n","protected":false},"excerpt":{"rendered":"<p>U subotu, 21. o\u017eujka odr\u017eava se Digital Cleanup Day<\/p>\n","protected":false},"author":3,"featured_media":14874,"parent":10484,"menu_order":5,"comment_status":"closed","ping_status":"closed","template":"","meta":{"footnotes":""},"class_list":["post-14903","page","type-page","status-publish","has-post-thumbnail","hentry"],"_links":{"self":[{"href":"https:\/\/npkrka.hr\/hr\/wp-json\/wp\/v2\/pages\/14903","targetHints":{"allow":["GET"]}}],"collection":[{"href":"https:\/\/npkrka.hr\/hr\/wp-json\/wp\/v2\/pages"}],"about":[{"href":"https:\/\/npkrka.hr\/hr\/wp-json\/wp\/v2\/types\/page"}],"author":[{"embeddable":true,"href":"https:\/\/npkrka.hr\/hr\/wp-json\/wp\/v2\/users\/3"}],"replies":[{"embeddable":true,"href":"https:\/\/npkrka.hr\/hr\/wp-json\/wp\/v2\/comments?post=14903"}],"version-history":[{"count":2,"href":"https:\/\/npkrka.hr\/hr\/wp-json\/wp\/v2\/pages\/14903\/revisions"}],"predecessor-version":[{"id":14981,"href":"https:\/\/npkrka.hr\/hr\/wp-json\/wp\/v2\/pages\/14903\/revisions\/14981"}],"up":[{"embeddable":true,"href":"https:\/\/npkrka.hr\/hr\/wp-json\/wp\/v2\/pages\/10484"}],"wp:featuredmedia":[{"embeddable":true,"href":"https:\/\/npkrka.hr\/hr\/wp-json\/wp\/v2\/media\/14874"}],"wp:attachment":[{"href":"https:\/\/npkrka.hr\/hr\/wp-json\/wp\/v2\/media?parent=14903"}],"curies":[{"name":"wp","href":"https:\/\/api.w.org\/{rel}","templated":true}]}}