{"id":1482,"date":"2022-07-15T10:32:35","date_gmt":"2022-07-15T08:32:35","guid":{"rendered":"https:\/\/www.npkrka.hr\/?page_id=1482"},"modified":"2022-09-27T08:57:14","modified_gmt":"2022-09-27T06:57:14","slug":"pjesacka-staza-rimski-put","status":"publish","type":"page","link":"https:\/\/npkrka.hr\/hr\/posjeti\/krka-hike\/pjesacka-staza-rimski-put\/","title":{"rendered":"Staza Rimski put"},"content":{"rendered":"<div class=\"elementor-element elementor-element-60f55395 elementor-widget elementor-widget-text-editor\" data-id=\"60f55395\" data-element_type=\"widget\" data-widget_type=\"text-editor.default\">\n<div class=\"elementor-widget-container\">\n<ul>\n<li>Na parkirali\u0161te se dolazi iz Ivo\u0161evaca, iz smjera Kistanje \u2013 Knin, na desnoj obali<\/li>\n<li>To je prvo makadamska staza pa onda poljski put do Krke, sa strmim spustom\/usponom<\/li>\n<li>Treba predvidjeti povratak na polazi\u0161nu to\u010dku<\/li>\n<\/ul>\n<\/div>\n<\/div>\n<div class=\"fotorama rounded-lg  shadow lblue-bg mt-5   \" data-width=\"100%\" data-ratio=\"16\/10\"  data-nav=\"thumbs\" data-autoplay=\"true\" data-arrows=\"true\" data-transition=\"crossfade\"><img decoding=\"async\" src=\"https:\/\/npkrka.hr\/wp-content\/uploads\/rsz_rimskiput12jpg.jpg\" width=\"100%\" \/><img decoding=\"async\" src=\"https:\/\/npkrka.hr\/wp-content\/uploads\/rsz_rimskiput05jpg.jpg\" width=\"100%\" \/><img decoding=\"async\" src=\"https:\/\/npkrka.hr\/wp-content\/uploads\/rsz_rimskiput16jpg.jpg\" width=\"100%\" \/><img decoding=\"async\" src=\"https:\/\/npkrka.hr\/wp-content\/uploads\/rsz_rimskiput04jpg.jpg\" width=\"100%\" \/><img decoding=\"async\" src=\"https:\/\/npkrka.hr\/wp-content\/uploads\/rsz_rimskiput01jpg_naslovna.jpg\" width=\"100%\" \/><img decoding=\"async\" src=\"https:\/\/npkrka.hr\/wp-content\/uploads\/rsz_rimskiput06jpg.jpg\" width=\"100%\" \/><img decoding=\"async\" src=\"https:\/\/npkrka.hr\/wp-content\/uploads\/rsz_rimskiput07jpg.jpg\" width=\"100%\" \/><img decoding=\"async\" src=\"https:\/\/npkrka.hr\/wp-content\/uploads\/rsz_rimskiput14jpg.jpg\" width=\"100%\" \/><\/div><p>&nbsp;<\/p>\n<section class=\"elementor-section elementor-top-section elementor-element elementor-element-5d7d3715 elementor-section-boxed elementor-section-height-default elementor-section-height-default\" data-id=\"5d7d3715\" data-element_type=\"section\" data-settings=\"{\"background_background\":\"classic\"}\">\n<div class=\"elementor-container elementor-column-gap-no\">\n<div class=\"elementor-column elementor-col-100 elementor-top-column elementor-element elementor-element-3c8cf4da\" data-id=\"3c8cf4da\" data-element_type=\"column\">\n<div class=\"elementor-widget-wrap elementor-element-populated\">\n<div class=\"elementor-element elementor-element-2fd102b0 elementor-widget elementor-widget-text-editor\" data-id=\"2fd102b0\" data-element_type=\"widget\" data-widget_type=\"text-editor.default\">\n<div class=\"elementor-widget-container\">\n<p><strong>Putovima ilirskih plemena i starih Rimljana do skrivenih vodenica predindustrijskog doba<\/strong><\/p>\n<\/div>\n<\/div>\n<div class=\"elementor-element elementor-element-77ba4200 elementor-widget elementor-widget-text-editor\" data-id=\"77ba4200\" data-element_type=\"widget\" data-widget_type=\"text-editor.default\">\n<div class=\"elementor-widget-container\">\n<p>Ako se niste nau\u017eivali pogleda na Manojlovac s\u00a0<em>Carskog vidikovca<\/em>, uputite se strmim spustom niz kanjon do starih vodenica, koje se, nakon \u0161to su utihnuli njihovi mlinovi, skrivaju u gustom raslinju. \u201eOko voda svud zelenilo, rosna mahovina i li\u0161aji, br\u0161ljan, koji se penje, i vilinkosa koja se spu\u0161ta niz klisure. Eno tamnozelenog javora, lisnate smokvenice, vrba jadikovka, srebrolistih trepetljika i vitih jela. Voda se najprije modri kao u dubokim jezerima, protje\u010de podno gordih klisura i mrkih litica, proviruje uz grebene, pla\u010de zelene oto\u010di\u0107e, gusto grmlje, preska\u010de manje zapreke i \u010dedno se u bjelini pu\u0161ta niz \u0161iroku stepenicu.\u201c \u010cini se, prema njegovu putopisu o rijeci Krki iz 1927., da se don Krstu Sto\u0161i\u0107a sna\u017eno dojmio najvi\u0161i Krkin slap.<\/p>\n<p>I danas je do\u017eivljaj isti. Kanjon u kojem je slap obrastao submediteranskim raslinjem, a oko slapa na vla\u017enim, sjenovitim mjestima i u polu\u0161piljama raste gospin vlasak (<em>Adiantum capillus veneris<\/em>), rijetka svojta papratnja\u010de, tercijarni relikt tropskog podrijetla. Zovu ga i gospine ili viline vlasi. U mitologiji se gospin vlasak povezuje s ljepotom i ljubavi. U kr\u0161\u0107anstvu je jedna od brojnih biljaka posve\u0107enih Majci Bo\u017ejoj. U narodnoj medicini \u00a0njegovi se listovi stolje\u0107ima koriste za lije\u010denje bolesti di\u0161nih i mokra\u0107nih putova. Gospin vlasak uvr\u0161ten je, u kategoriji rijetke svojte, u Crvenu knjigu biljnih vrsta Republike Hrvatske.<\/p>\n<p>Dok se spu\u0161tate prema vodi i divite vegetaciji, hodate i drevnim putom koji su koristila ilirska plemena i rimski vojnici. No ta staza potje\u010de jo\u0161 iz prapovijesnih vremena, kada se u Puljanima, na lijevoj obali Krke, nalazila ilirska gradina, koja je bila prometno povezana ne samo s isto\u010dnim dijelom prostora koji je nadzirala, ve\u0107 i sa zapadnim, na desnoj obali rijeke. Logi\u010dan prijelaz bio je upravo iznad Manojlova\u010dkog slapa. U anti\u010dko je doba dobio jo\u0161 ve\u0107u va\u017enost. Budu\u0107i da su Rimljani bili vrsni graditelji cesta, oni su taj put uredili tako da je bio jedan od va\u017enijih komunikacijskih putova izme\u0111u lijeve i desne obale Krke, odnosno izme\u0111u rimskog vojnog logora u Burnumu i pretpovijesne gradine, koja je nastavila \u017eivjeti i u anti\u010dkom razdoblju. Poveznica je bio drveni most, \u010diji su ostaci prona\u0111eni u podno\u017eju Manojlova\u010dkog slapa. Mnogo stolje\u0107a kasnije tim su putom stanovnici toga kraja odlazili do vodenica i postrojenja za pranje robe. Zvuk mljevenja \u017eita tu je odzvanjao sve do 1965. godine, kada se ugasila zadnja vodenica a put zarastao. Nakon \u0161to su utihnuli zvuci mlina, i ljudskih koraka, ostao je samo \u0161um vode \u0161to se ru\u0161i u dubinu.<\/p>\n<\/div>\n<\/div>\n<\/div>\n<\/div>\n<\/div>\n<\/section>\n","protected":false},"excerpt":{"rendered":"<p>Putovima ilirskih plemena i starih Rimljana do skrivenih vodenica predindustrijskog doba<\/p>\n","protected":false},"author":1,"featured_media":1486,"parent":1355,"menu_order":19,"comment_status":"closed","ping_status":"closed","template":"page-bike.php","meta":{"footnotes":""},"class_list":["post-1482","page","type-page","status-publish","has-post-thumbnail","hentry"],"_links":{"self":[{"href":"https:\/\/npkrka.hr\/hr\/wp-json\/wp\/v2\/pages\/1482","targetHints":{"allow":["GET"]}}],"collection":[{"href":"https:\/\/npkrka.hr\/hr\/wp-json\/wp\/v2\/pages"}],"about":[{"href":"https:\/\/npkrka.hr\/hr\/wp-json\/wp\/v2\/types\/page"}],"author":[{"embeddable":true,"href":"https:\/\/npkrka.hr\/hr\/wp-json\/wp\/v2\/users\/1"}],"replies":[{"embeddable":true,"href":"https:\/\/npkrka.hr\/hr\/wp-json\/wp\/v2\/comments?post=1482"}],"version-history":[{"count":0,"href":"https:\/\/npkrka.hr\/hr\/wp-json\/wp\/v2\/pages\/1482\/revisions"}],"up":[{"embeddable":true,"href":"https:\/\/npkrka.hr\/hr\/wp-json\/wp\/v2\/pages\/1355"}],"wp:featuredmedia":[{"embeddable":true,"href":"https:\/\/npkrka.hr\/hr\/wp-json\/wp\/v2\/media\/1486"}],"wp:attachment":[{"href":"https:\/\/npkrka.hr\/hr\/wp-json\/wp\/v2\/media?parent=1482"}],"curies":[{"name":"wp","href":"https:\/\/api.w.org\/{rel}","templated":true}]}}