{"id":148,"date":"2022-06-15T10:04:57","date_gmt":"2022-06-15T08:04:57","guid":{"rendered":"https:\/\/www.npkrka.hr\/?page_id=148"},"modified":"2022-08-29T11:06:21","modified_gmt":"2022-08-29T09:06:21","slug":"prirodna-bastina","status":"publish","type":"page","link":"https:\/\/npkrka.hr\/hr\/prirodna-bastina\/","title":{"rendered":"Prirodna ba\u0161tina"},"content":{"rendered":"","protected":false},"excerpt":{"rendered":"<p>Sa svojih sedam sedrenih slapova i ukupnim padom od 224 m, Krka je prirodni i kr\u0161ki fenomen. \u017divotinjski svijet Nacionalnog parka Krka vrlo je bogat i raznolik s brojnim endemi\u010dnim, rijetkim i ugro\u017eenim svojtama. I raznolik biljni svijet s 1 186 svojte privla\u010di stru\u010dnjake i posjetitelje.<\/p>\n","protected":false},"author":1,"featured_media":2306,"parent":0,"menu_order":1,"comment_status":"closed","ping_status":"closed","template":"page-subpages.php","meta":{"footnotes":""},"class_list":["post-148","page","type-page","status-publish","has-post-thumbnail","hentry"],"_links":{"self":[{"href":"https:\/\/npkrka.hr\/hr\/wp-json\/wp\/v2\/pages\/148","targetHints":{"allow":["GET"]}}],"collection":[{"href":"https:\/\/npkrka.hr\/hr\/wp-json\/wp\/v2\/pages"}],"about":[{"href":"https:\/\/npkrka.hr\/hr\/wp-json\/wp\/v2\/types\/page"}],"author":[{"embeddable":true,"href":"https:\/\/npkrka.hr\/hr\/wp-json\/wp\/v2\/users\/1"}],"replies":[{"embeddable":true,"href":"https:\/\/npkrka.hr\/hr\/wp-json\/wp\/v2\/comments?post=148"}],"version-history":[{"count":0,"href":"https:\/\/npkrka.hr\/hr\/wp-json\/wp\/v2\/pages\/148\/revisions"}],"wp:featuredmedia":[{"embeddable":true,"href":"https:\/\/npkrka.hr\/hr\/wp-json\/wp\/v2\/media\/2306"}],"wp:attachment":[{"href":"https:\/\/npkrka.hr\/hr\/wp-json\/wp\/v2\/media?parent=148"}],"curies":[{"name":"wp","href":"https:\/\/api.w.org\/{rel}","templated":true}]}}