{"id":14785,"date":"2026-03-10T09:32:03","date_gmt":"2026-03-10T08:32:03","guid":{"rendered":"https:\/\/npkrka.hr\/?page_id=14785"},"modified":"2026-04-08T14:01:46","modified_gmt":"2026-04-08T12:01:46","slug":"ekoloski-otisak-trag-koji-ostavljamo-na-planetu","status":"publish","type":"page","link":"https:\/\/npkrka.hr\/hr\/o-nama\/odrzivo-upravljanje\/ekoloski-otisak-trag-koji-ostavljamo-na-planetu\/","title":{"rendered":"Ekolo\u0161ki otisak \u2013 trag koji ostavljamo na planetu"},"content":{"rendered":"<p><strong>Ekolo\u0161ki otisak (eng. <em>ecological footprint<\/em>) pokazuje koliki pritisak na\u0161 na\u010din \u017eivota vr\u0161i na prirodu.<\/strong><\/p>\n<p><strong><br \/>\n<\/strong>Definira se kao upotreba Zemljina kapitala te daje mjeru ponude i potra\u017enje prirode. Drugim rije\u010dima, ekolo\u0161ki otisak govori nam koliko prirodnih resursa tro\u0161imo u odnosu na to koliko ih Zemlja mo\u017ee obnoviti.<\/p>\n<p>Ta se mjera naj\u010de\u0161\u0107e izra\u017eava u tzv. globalnim hektarima ili kroz slikovito pitanje: <em>Koliko bi planeta bilo potrebno kada bi svi \u017eivjeli poput nas<\/em>? Danas \u010dovje\u010danstvo tro\u0161i prirodne resurse oko 1,7 puta br\u017ee nego \u0161to ih Zemlja mo\u017ee obnoviti, \u0161to zna\u010di da \u017eivimo kao da imamo gotovo dva planeta. Zbog toga svake godine dolazi do tzv. dana ekolo\u0161kog duga (<em>Earth overshoot day<\/em>) \u2013 datuma do kojega smo ve\u0107 potro\u0161ili sve resurse koje planet mo\u017ee obnoviti u toj godini.<\/p>\n<p><strong>Kako izra\u010dunati vlastiti ekolo\u0161ki otisak?<\/strong><\/p>\n<p>Danas postoji niz jednostavnih <em>online<\/em> alata koji nam mogu pomo\u0107i da procijenimo koliki je na\u0161 utjecaj na okoli\u0161. Oni obi\u010dno postavljaju pitanja o na\u010dinu prehrane, prijevozu, potro\u0161nji energije, kupovnim navikama i na\u010dinu stanovanja.<\/p>\n<p>Primjerice, mo\u017eemo isprobati:<\/p>\n<ul>\n<li><a href=\"https:\/\/www.footprintcalculator.org\/home\/en\"><strong>Global Footprint Network Footprint Calculator<\/strong><\/a>, jedan od najpoznatijih svjetskih kalkulatora<\/li>\n<li><a href=\"https:\/\/footprint.wwf.org.uk\/\"><strong>WWF Footprint Calculator<\/strong><\/a>, jednostavan i edukativan alat koji daje savjete za smanjenje utjecaja<\/li>\n<li><a href=\"https:\/\/ceicg.me\/kalkulator-ugljenicnog-otiska\/\"><strong>Kalkulator uglji\u010dnog otiska<\/strong><\/a> (<em>carbon footprint calculator<\/em>), koji procjenjuje emisije povezane s energijom, putovanjima i potro\u0161njom.<\/li>\n<\/ul>\n<p>Rezultat \u0107e nam pokazati gdje je na\u0161 utjecaj najve\u0107i: u prehrani, prijevozu, energiji ili u potro\u0161nji proizvoda.<\/p>\n<p><strong>\u0160to svatko od nas mo\u017ee u\u010diniti?<\/strong><\/p>\n<p>Dobra vijest je da i male promjene mogu imati velik u\u010dinak. Evo nekoliko jednostavnih koraka:<\/p>\n<ul>\n<li>Birajmo lokalnu i sezonsku hranu i smanjimo bacanje hrane<\/li>\n<li>Koristimo odr\u017eive oblike prijevoza \u2013 hodanje, bicikl i javni prijevoz ili dijelite vo\u017enju<\/li>\n<li>Smanjimo potro\u0161nju energije u domu \u2013 koristimo \u0161tedljive ure\u0111aje, LED rasvjetu i obnovljive izvore energije gdje god je to mogu\u0107e<\/li>\n<li>Kupujmo promi\u0161ljeno \u2013 birajmo kvalitetne proizvode koji traju dulje i imaju manje ambala\u017ee<\/li>\n<li>Po\u0161tujmo prirodu tijekom posjeta za\u0161ti\u0107enim podru\u010djima \u2013 kre\u0107imo se ozna\u010denim stazama, ne ostavljajmo otpad i podr\u017eavajmo lokalne odr\u017eive proizvode.<\/li>\n<\/ul>\n<p><strong>Za\u0161to je to va\u017eno?<\/strong><\/p>\n<p>Ekolo\u0161ki otisak poma\u017ee nam da razumijemo to da su prirodni resursi ograni\u010deni i da svaki pojedinac, posjetitelj ili poslovni subjekt, mo\u017ee doprinijeti njihovu o\u010duvanju. Promjenom svakodnevnih navika ne samo da \u0161titimo prirodu, nego osiguravamo i to da vrijednosti poput onih koje posjeduje Nacionalni park Krka ostanu o\u010duvane i budu dostupne budu\u0107im generacijama.<\/p>\n<p>&nbsp;<\/p>\n<p><strong>\u00a0<\/strong><\/p>\n","protected":false},"excerpt":{"rendered":"<p>Ekolo\u0161ki otisak (eng. ecological footprint) pokazuje koliki pritisak na\u0161 na\u010din \u017eivota vr\u0161i na prirodu<\/p>\n","protected":false},"author":3,"featured_media":1626,"parent":10484,"menu_order":7,"comment_status":"closed","ping_status":"closed","template":"","meta":{"footnotes":""},"class_list":["post-14785","page","type-page","status-publish","has-post-thumbnail","hentry"],"_links":{"self":[{"href":"https:\/\/npkrka.hr\/hr\/wp-json\/wp\/v2\/pages\/14785","targetHints":{"allow":["GET"]}}],"collection":[{"href":"https:\/\/npkrka.hr\/hr\/wp-json\/wp\/v2\/pages"}],"about":[{"href":"https:\/\/npkrka.hr\/hr\/wp-json\/wp\/v2\/types\/page"}],"author":[{"embeddable":true,"href":"https:\/\/npkrka.hr\/hr\/wp-json\/wp\/v2\/users\/3"}],"replies":[{"embeddable":true,"href":"https:\/\/npkrka.hr\/hr\/wp-json\/wp\/v2\/comments?post=14785"}],"version-history":[{"count":3,"href":"https:\/\/npkrka.hr\/hr\/wp-json\/wp\/v2\/pages\/14785\/revisions"}],"predecessor-version":[{"id":14982,"href":"https:\/\/npkrka.hr\/hr\/wp-json\/wp\/v2\/pages\/14785\/revisions\/14982"}],"up":[{"embeddable":true,"href":"https:\/\/npkrka.hr\/hr\/wp-json\/wp\/v2\/pages\/10484"}],"wp:featuredmedia":[{"embeddable":true,"href":"https:\/\/npkrka.hr\/hr\/wp-json\/wp\/v2\/media\/1626"}],"wp:attachment":[{"href":"https:\/\/npkrka.hr\/hr\/wp-json\/wp\/v2\/media?parent=14785"}],"curies":[{"name":"wp","href":"https:\/\/api.w.org\/{rel}","templated":true}]}}