{"id":1470,"date":"2022-07-15T10:29:26","date_gmt":"2022-07-15T08:29:26","guid":{"rendered":"https:\/\/www.npkrka.hr\/?page_id=1470"},"modified":"2022-09-27T08:27:47","modified_gmt":"2022-09-27T06:27:47","slug":"staza-rogovo","status":"publish","type":"page","link":"https:\/\/npkrka.hr\/hr\/posjeti\/krka-hike\/staza-rogovo\/","title":{"rendered":"Staza Rogovo"},"content":{"rendered":"<div class=\"elementor-element elementor-element-2371c5cb elementor-widget elementor-widget-text-editor\" data-id=\"2371c5cb\" data-element_type=\"widget\" data-widget_type=\"text-editor.default\">\n<div class=\"elementor-widget-container\">\n<ul>\n<li>Na cesti Rupe \u2013 La\u0161kovica treba slijediti oznake za vidikovac Rogovo<\/li>\n<li>Put je dijelom asfaltni, dijelom poljski, uz njega je pro\u0161irenje za parkiranje automobila<\/li>\n<li>Od znaka zabrane prometovanja za motorna vozila nastavlja se ravna makadamska pje\u0161a\u010dka staza<\/li>\n<li>Vidikovcu se pristupa preko uskog i strmog zemljanog prijelaza<\/li>\n<li>Povratak istim putom<\/li>\n<\/ul>\n<\/div>\n<\/div>\n<div class=\"fotorama rounded-lg  shadow lblue-bg mt-5   \" data-width=\"100%\" data-ratio=\"16\/10\"  data-nav=\"thumbs\" data-autoplay=\"true\" data-arrows=\"true\" data-transition=\"crossfade\"><img decoding=\"async\" src=\"https:\/\/npkrka.hr\/wp-content\/uploads\/rsz_9_staza_rogovo_4_naslovna.jpg\" width=\"100%\" \/><img decoding=\"async\" src=\"https:\/\/npkrka.hr\/wp-content\/uploads\/rsz_9_staza_rogovo_5.jpg\" width=\"100%\" \/><img decoding=\"async\" src=\"https:\/\/npkrka.hr\/wp-content\/uploads\/rsz_9_staza_rogovo_2.jpg\" width=\"100%\" \/><img decoding=\"async\" src=\"https:\/\/npkrka.hr\/wp-content\/uploads\/rsz_9_staza_rogovo_3.jpg\" width=\"100%\" \/><img decoding=\"async\" src=\"https:\/\/npkrka.hr\/wp-content\/uploads\/rsz_9_staza_rogovo_1.jpg\" width=\"100%\" \/><\/div><p>&nbsp;<\/p>\n<section class=\"elementor-section elementor-top-section elementor-element elementor-element-599652fe elementor-section-boxed elementor-section-height-default elementor-section-height-default\" data-id=\"599652fe\" data-element_type=\"section\" data-settings=\"{\"background_background\":\"classic\"}\">\n<div class=\"elementor-container elementor-column-gap-no\">\n<div class=\"elementor-column elementor-col-100 elementor-top-column elementor-element elementor-element-7912fab6\" data-id=\"7912fab6\" data-element_type=\"column\">\n<div class=\"elementor-widget-wrap elementor-element-populated\">\n<div class=\"elementor-element elementor-element-504779e4 elementor-widget elementor-widget-text-editor\" data-id=\"504779e4\" data-element_type=\"widget\" data-widget_type=\"text-editor.default\">\n<div class=\"elementor-widget-container\"><strong>Pogled s vrha roga na smaragdne i plave vode tjesnaca<\/strong><\/div>\n<\/div>\n<div class=\"elementor-element elementor-element-6c890236 elementor-widget elementor-widget-text-editor\" data-id=\"6c890236\" data-element_type=\"widget\" data-widget_type=\"text-editor.default\">\n<div class=\"elementor-widget-container\">\n<p>Kao i u \u017eivotu, tako i na rijeci Krki, pogled na isti prizor iz razli\u010ditog kuta gledanja donosi potpuno druga\u010diji do\u017eivljaj. Nacionalni park \u201eKrka\u201c prepun je takvih pogleda. Putuju\u0107i lijevom ili desnom obalom, otvaraju se vidikovci koji Krku \u010dine uvijek novom i zanimljivom, upravo zbog te dvojakosti \u2013 pored jedne znamenitosti stoji\u0161 dok drugu promatra\u0161 preko kanjona. Nije mudro govoriti da je tvoje more najljep\u0161e ako nisi vidio niti jedno drugo, ali za kanjon\u00a0Me\u0111u gredama, mo\u017ee se re\u0107i da je zasigurno jedan od najljep\u0161ih prizora u Nacionalnom parku. Upravo na taj kanjon, usje\u010den u sivu golet i na pitomo pro\u0161irenje rijeke gdje se odmara otok Visovac gleda vidikovac na kraju staze Rogovo. Iako danas vi\u0161e nema vidljivih tragova, na prostoru izme\u0111u sela Rupe i gornjeg dijela Visova\u010dkog jezera, na desnoj obali rijeke, su\u010delice \u0161pilji \u0160upljoj stini i utvrdi Kami\u010dak, nalazila se starohrvatska utvrda\u00a0Rogovo\u00a0(Rog, Babin grad), po kojoj je, smatra se, nazvan i Ro\u0161ki slap.<\/p>\n<p>Do vidikovca vodi pje\u0161a\u010dka staza pitomim \u0161umarkom, idealna za laganu prijepodnevnu \u0161etnju ili tro\u0161enje kalorija nakon ru\u010dka. Nakon uskog i strmog zemljanog prijelaza dolazi se na vrh \u201eroga\u201c odakle se pogled stere na plave i smaragdne vode tjesnaca nad kojima su neko\u0107 letjeli sna\u017eni orlovi\u00a0 i stra\u017earila utvrda \u0160ubi\u0107a Bribirskih. I dok je s jedne strane Krka na tom mjestu stije\u0161njena me\u0111u visokim liticama, s druge se otvara i \u0161iri u spokojno Visova\u010dko jezero, gdje u sjeni jablanova ve\u0107 osam stolje\u0107a \u017eive i mole franjevci.<\/p>\n<p>U prolje\u0107e i ljeto ovim putom plove brodovi Nacionalnog parka \u201eKrka\u201c od slapa do slapa. \u010cuva ih sv. Nikola, za\u0161titnik pomoraca, kojemu je posve\u0107ena zavjetna kapelica na lijevoj obali kanjona Me\u0111u gredama. Ne\u0161to ni\u017ee na istoj obali Krke, na sredini kanjona, u \u017eivoj stijeni nalazi se manji rasjed u kojem se, \u010dudnom igrom prirode, svako glasanje pretvara u trostruku jeku. Upravo zbog osobite geomorfolo\u0161ke strukture, tjesnac Me\u0111u gredama izabran je za mjesto na kojem je jahao najpopularniji filmski indijanski poglavica, Winnetou. Sve to vidi ili mo\u017ee zamisliti promatra\u010d s Rogova.<\/p>\n<\/div>\n<\/div>\n<\/div>\n<\/div>\n<\/div>\n<\/section>\n","protected":false},"excerpt":{"rendered":"<p>Pogled s vrha roga na smaragdne i plave vode tjesnaca<\/p>\n","protected":false},"author":1,"featured_media":1474,"parent":1355,"menu_order":9,"comment_status":"closed","ping_status":"closed","template":"page-bike.php","meta":{"footnotes":""},"class_list":["post-1470","page","type-page","status-publish","has-post-thumbnail","hentry"],"_links":{"self":[{"href":"https:\/\/npkrka.hr\/hr\/wp-json\/wp\/v2\/pages\/1470","targetHints":{"allow":["GET"]}}],"collection":[{"href":"https:\/\/npkrka.hr\/hr\/wp-json\/wp\/v2\/pages"}],"about":[{"href":"https:\/\/npkrka.hr\/hr\/wp-json\/wp\/v2\/types\/page"}],"author":[{"embeddable":true,"href":"https:\/\/npkrka.hr\/hr\/wp-json\/wp\/v2\/users\/1"}],"replies":[{"embeddable":true,"href":"https:\/\/npkrka.hr\/hr\/wp-json\/wp\/v2\/comments?post=1470"}],"version-history":[{"count":0,"href":"https:\/\/npkrka.hr\/hr\/wp-json\/wp\/v2\/pages\/1470\/revisions"}],"up":[{"embeddable":true,"href":"https:\/\/npkrka.hr\/hr\/wp-json\/wp\/v2\/pages\/1355"}],"wp:featuredmedia":[{"embeddable":true,"href":"https:\/\/npkrka.hr\/hr\/wp-json\/wp\/v2\/media\/1474"}],"wp:attachment":[{"href":"https:\/\/npkrka.hr\/hr\/wp-json\/wp\/v2\/media?parent=1470"}],"curies":[{"name":"wp","href":"https:\/\/api.w.org\/{rel}","templated":true}]}}