{"id":14683,"date":"2026-02-27T13:16:36","date_gmt":"2026-02-27T12:16:36","guid":{"rendered":"https:\/\/npkrka.hr\/?page_id=14683"},"modified":"2026-03-02T12:20:10","modified_gmt":"2026-03-02T11:20:10","slug":"projekt-sedra-viva","status":"publish","type":"page","link":"https:\/\/npkrka.hr\/hr\/o-nama\/projekti\/projekt-sedra-viva\/","title":{"rendered":"Projekt Sedra Viva"},"content":{"rendered":"<p><strong>Naziv projekta: Obnova i o\u010duvanje ciljnog stani\u0161nog tipa 32A0 \u2013 Sedrene barijere kr\u0161kih rijeka Dinarida na podru\u010dju NP NP Krka \u2013 Sedra Viva<\/strong><\/p>\n<p><strong>PK.3.7.05.0017<\/strong><\/p>\n<p><strong>\u00a0<\/strong><\/p>\n<p><strong>Ukupna vrijednost projekta: <\/strong>1.988.109,29 EUR<\/p>\n<p><strong>EU sufinanciranje: <\/strong>85 %<\/p>\n<p><strong>Prijavitelj \/ korisnik: <\/strong>Javna ustanova Nacionalni park Krka<\/p>\n<p><strong>Partneri: <\/strong>Institut za vode Josip Juraj Strossmayer iz Zagreba<\/p>\n<p><strong>Sa\u017eetak projekta: <\/strong>Cilj projekta \u201eObnova i o\u010duvanje ciljnog stani\u0161nog tipa 3210 \u2013 Sedrene barijere kr\u0161kih rijeka Dinarida na podru\u010dju NP NP Krka \u2013 Sedra Viva\u201c je obnoviti i o\u010duvati ciljni stani\u0161ni tip 32A0 \u2013 Sedrene barijere kr\u0161kih rijeka Dinarida na podru\u010dju NP Krka omogu\u0107avanjem nesmetanog procesa sedrenja i uspostavom pra\u0107enja u\u010dinkovitosti upravljanja. Navedeno se posti\u017ee provedbom aktivnosti obnove i o\u010duvanja sedrenih barijera i to restauracijom barijera uklanjanjem sukcesijske vegetacije te uspostavom pra\u0107enja u\u010dinkovitosti o\u010duvanja, obnove i upravljanja stani\u0161nim tipom. Predlo\u017eene aktivnosti temelje se na rezultatima niza znanstvenih istra\u017eivanja provedenih na projektnom podru\u010dju u posljednjih pet godina.<\/p>\n<p><strong>Aktivnosti projekta: <\/strong><\/p>\n<ul>\n<li>Uspostava temelja za pra\u0107enje i pra\u0107enje u\u010dinkovitosti o\u010duvanja, obnove i upravljanja stani\u0161nim tipom 32A0<\/li>\n<li>Restauracija stani\u0161nog tipa 32A0 \u2013 Sedrene barijere<\/li>\n<li>Upravljanje projektom<\/li>\n<li>Promid\u017eba i vidljivost<\/li>\n<\/ul>\n<p>Projekt je uskla\u0111en sa Specifi\u010dnim ciljem u okviru Programa Konkurentnost i kohezija 2021. \u2013 2027. \u201eJa\u010danje za\u0161tite i o\u010duvanja prirode, bioraznolikosti i zelene infrastrukture, me\u0111u ostalim i u urbanim podru\u010djima te smanjenje svih oblika one\u010di\u0161\u0107enja\u201c, kao i s ciljem 1. Strategije i akcijskog plana za\u0161tite prirode Republike Hrvatske.<\/p>\n","protected":false},"excerpt":{"rendered":"<p>Naziv projekta: Obnova i o\u010duvanje ciljnog stani\u0161nog tipa 32A0 \u2013 Sedrene barijere kr\u0161kih rijeka Dinarida na podru\u010dju NP NP Krka \u2013 Sedra Viva PK.3.7.05.0017 \u00a0 Ukupna vrijednost projekta: 1.988.109,29 EUR EU sufinanciranje: 85 % Prijavitelj \/ korisnik: Javna ustanova Nacionalni park Krka Partneri: Institut za vode Josip Juraj Strossmayer iz Zagreba Sa\u017eetak projekta: Cilj projekta [&hellip;]<\/p>\n","protected":false},"author":3,"featured_media":14684,"parent":53,"menu_order":1,"comment_status":"closed","ping_status":"closed","template":"page-5.php","meta":{"footnotes":""},"class_list":["post-14683","page","type-page","status-publish","has-post-thumbnail","hentry"],"_links":{"self":[{"href":"https:\/\/npkrka.hr\/hr\/wp-json\/wp\/v2\/pages\/14683","targetHints":{"allow":["GET"]}}],"collection":[{"href":"https:\/\/npkrka.hr\/hr\/wp-json\/wp\/v2\/pages"}],"about":[{"href":"https:\/\/npkrka.hr\/hr\/wp-json\/wp\/v2\/types\/page"}],"author":[{"embeddable":true,"href":"https:\/\/npkrka.hr\/hr\/wp-json\/wp\/v2\/users\/3"}],"replies":[{"embeddable":true,"href":"https:\/\/npkrka.hr\/hr\/wp-json\/wp\/v2\/comments?post=14683"}],"version-history":[{"count":1,"href":"https:\/\/npkrka.hr\/hr\/wp-json\/wp\/v2\/pages\/14683\/revisions"}],"predecessor-version":[{"id":14685,"href":"https:\/\/npkrka.hr\/hr\/wp-json\/wp\/v2\/pages\/14683\/revisions\/14685"}],"up":[{"embeddable":true,"href":"https:\/\/npkrka.hr\/hr\/wp-json\/wp\/v2\/pages\/53"}],"wp:featuredmedia":[{"embeddable":true,"href":"https:\/\/npkrka.hr\/hr\/wp-json\/wp\/v2\/media\/14684"}],"wp:attachment":[{"href":"https:\/\/npkrka.hr\/hr\/wp-json\/wp\/v2\/media?parent=14683"}],"curies":[{"name":"wp","href":"https:\/\/api.w.org\/{rel}","templated":true}]}}