{"id":1457,"date":"2022-07-15T10:23:49","date_gmt":"2022-07-15T08:23:49","guid":{"rendered":"https:\/\/www.npkrka.hr\/?page_id=1457"},"modified":"2022-09-27T08:35:31","modified_gmt":"2022-09-27T06:35:31","slug":"pjesacka-staza-roski-slap","status":"publish","type":"page","link":"https:\/\/npkrka.hr\/hr\/posjeti\/krka-hike\/pjesacka-staza-roski-slap\/","title":{"rendered":"Staza Ro\u0161ki slap"},"content":{"rendered":"<div class=\"elementor-element elementor-element-47892900 elementor-widget elementor-widget-text-editor\" data-id=\"47892900\" data-element_type=\"widget\" data-widget_type=\"text-editor.default\">\n<div class=\"elementor-widget-container\">\n<ul>\n<li>Kru\u017ena staza preko <em>Ogrlica<\/em>, razvedenog slapi\u0161ta iznad Ro\u0161kog slapa, potpuno ravna<\/li>\n<li>Uklju\u010duje dijelove makadama, drveni most i asfaltni most kojim prometuju sva vozila osim kamiona iznad 7,5 t<\/li>\n<\/ul>\n<\/div>\n<\/div>\n<section class=\"elementor-section elementor-top-section elementor-element elementor-element-5505d8e2 elementor-section-boxed elementor-section-height-default elementor-section-height-default\" data-id=\"5505d8e2\" data-element_type=\"section\" data-settings=\"{\"background_background\":\"classic\"}\">\n<div class=\"elementor-container elementor-column-gap-no\">\n<div class=\"elementor-column elementor-col-100 elementor-top-column elementor-element elementor-element-3bded7fa\" data-id=\"3bded7fa\" data-element_type=\"column\">\n<div class=\"elementor-widget-wrap elementor-element-populated\">\n<div class=\"elementor-element elementor-element-2932459f elementor-widget elementor-widget-text-editor\" data-id=\"2932459f\" data-element_type=\"widget\" data-widget_type=\"text-editor.default\">\n<div>\n<div class=\"fotorama rounded-lg  shadow lblue-bg mt-5   \" data-width=\"100%\" data-ratio=\"16\/10\"  data-nav=\"thumbs\" data-autoplay=\"true\" data-arrows=\"true\" data-transition=\"crossfade\"><img decoding=\"async\" src=\"https:\/\/npkrka.hr\/wp-content\/uploads\/rsz_11_staza_roski_slap_6.jpg\" width=\"100%\" \/><img decoding=\"async\" src=\"https:\/\/npkrka.hr\/wp-content\/uploads\/rsz_11_staza_roski_slap_4.jpg\" width=\"100%\" \/><img decoding=\"async\" src=\"https:\/\/npkrka.hr\/wp-content\/uploads\/rsz_11_staza_roski_slap_2_naslovna.jpg\" width=\"100%\" \/><img decoding=\"async\" src=\"https:\/\/npkrka.hr\/wp-content\/uploads\/rsz_11_staza_roski_slap_1.jpg\" width=\"100%\" \/><img decoding=\"async\" src=\"https:\/\/npkrka.hr\/wp-content\/uploads\/rsz_11_staza_roski_slap_5.jpg\" width=\"100%\" \/><img decoding=\"async\" src=\"https:\/\/npkrka.hr\/wp-content\/uploads\/rsz_11_staza_roski_slap_7.jpg\" width=\"100%\" \/><img decoding=\"async\" src=\"https:\/\/npkrka.hr\/wp-content\/uploads\/rsz_11_staza_roski_slap_3.jpg\" width=\"100%\" \/><\/div><p>&nbsp;<\/p>\n<\/div>\n<div class=\"elementor-widget-container\"><strong>Mostom preko biserne <em>Ogrlice<\/em> sred kanjona<\/strong><\/div>\n<\/div>\n<div class=\"elementor-element elementor-element-545a4165 elementor-widget elementor-widget-text-editor\" data-id=\"545a4165\" data-element_type=\"widget\" data-widget_type=\"text-editor.default\">\n<div class=\"elementor-widget-container\">\n<p>Na samoj sredini toka rijeke Krke, kao \u010dipka preko prsa nevjeste iz Bogati\u0107a, rasuo se niz sedrenih kaskada koje narod prozva\u0161e\u00a0<em>Ogrlicama<\/em>. Kada voda preko njih prije\u0111e, u \u0161irokoj lepezi Ro\u0161kog slapa, ru\u0161i se u jezero. Stije\u0161njen me\u0111u kanjonima rijeka Krke i \u010cikole, cijeli lokalitet odi\u0161e bogatom povije\u0161\u0107u \u017eivljenja na ovim prostorima.<\/p>\n<p>Hodaju\u0107i stazom Ro\u0161kog slapa, \u010dovjek uistinu poima da je voda izvor \u017eivota. Vidi bezbrojne slapi\u0107e, rukavce kako poskakuju i \u017eubore. Voda je ovaj kanjon oplemenila bujnom vegetacijom. U pukotinama kanjonskih stijena raste ilirsko-jadranski endem prozorski zvon\u010di\u0107. U rijeci plivaju poto\u010dna pastrva i klen. U zelenilu se skrivaju \u0161umska sme\u0111a i velika zelena \u017eaba ili barska kornja\u010da. Kamenjar s grmolikom vegetacijom stani\u0161te je velikog zelemba\u0107a, a od rijetkih sisavaca ovdje obitavaju divlja ma\u010dka i vidra.<\/p>\n<p>Staza vodi mostom preko\u00a0<em>Ogrlica,\u00a0<\/em>najljep\u0161eg ukrasa ovog lokaliteta i do vodenica, sa\u010duvanog spomenika ruralnog graditeljstva i gospodarske pro\u0161losti, a s obzirom na bogatu tradiciju i pu\u010dki izraz koji svjedo\u010de, smatraju se i etnolo\u0161ko-etnografskim spomenikom. Krka ovdje protje\u010de u malim poto\u010di\u0107ima i \u017eubori u slapi\u0107ima pa su vodenice idealno mjesto za otpo\u010dinuti, ne\u0161to pregristi i u\u017eivati u zvukovima rijeke.<\/p>\n<p>Pri vrhu kanjona nalazi se Ozi\u0111ana pe\u0107ina koja je pru\u017eala zaklon \u010dovjeku mla\u0111eg kamenog doba a posjetitelji mogu pre\u0107i mostom s 22 kamena navoja kojim su premo\u0161\u0107ene obale Krke, a koji nam je u naslije\u0111e ostavilo Rimsko doba. Smatra se da je Ro\u0161ki slap ime dobio po srednjovjekovnoj utvrdi Rogovo na desnoj obali rijeke nad kanjonom Me\u0111u gredama a do mjesta na kojem je nekada stajala utvrda danas vodi pje\u0161a\u010dka staza s vidikovcem.<\/p>\n<p>Od\u00a0<em>Ogrlica<\/em>\u00a0pa prema mjestu gdje se Ro\u0161ki slap ru\u0161i u jezero kanjon je \u0161irok i otvoren. Uzvodno se pak opet su\u017eava i kre\u0107e prema gornjoj Krki. Na tom je mjestu pristani\u0161te izletni\u010dkih brodova koji posjetitelje prevoze uskim tjesnacom Brzica do Carigradske drage u kojoj se smjestio manastir Krka.<\/p>\n<\/div>\n<\/div>\n<\/div>\n<\/div>\n<\/div>\n<\/section>\n","protected":false},"excerpt":{"rendered":"<p>Kru\u017ena staza preko Ogrlica, razvedenog slapi\u0161ta iznad Ro\u0161kog slapa, potpuno ravna<\/p>\n","protected":false},"author":1,"featured_media":1460,"parent":1355,"menu_order":11,"comment_status":"closed","ping_status":"closed","template":"page-bike.php","meta":{"footnotes":""},"class_list":["post-1457","page","type-page","status-publish","has-post-thumbnail","hentry"],"_links":{"self":[{"href":"https:\/\/npkrka.hr\/hr\/wp-json\/wp\/v2\/pages\/1457","targetHints":{"allow":["GET"]}}],"collection":[{"href":"https:\/\/npkrka.hr\/hr\/wp-json\/wp\/v2\/pages"}],"about":[{"href":"https:\/\/npkrka.hr\/hr\/wp-json\/wp\/v2\/types\/page"}],"author":[{"embeddable":true,"href":"https:\/\/npkrka.hr\/hr\/wp-json\/wp\/v2\/users\/1"}],"replies":[{"embeddable":true,"href":"https:\/\/npkrka.hr\/hr\/wp-json\/wp\/v2\/comments?post=1457"}],"version-history":[{"count":0,"href":"https:\/\/npkrka.hr\/hr\/wp-json\/wp\/v2\/pages\/1457\/revisions"}],"up":[{"embeddable":true,"href":"https:\/\/npkrka.hr\/hr\/wp-json\/wp\/v2\/pages\/1355"}],"wp:featuredmedia":[{"embeddable":true,"href":"https:\/\/npkrka.hr\/hr\/wp-json\/wp\/v2\/media\/1460"}],"wp:attachment":[{"href":"https:\/\/npkrka.hr\/hr\/wp-json\/wp\/v2\/media?parent=1457"}],"curies":[{"name":"wp","href":"https:\/\/api.w.org\/{rel}","templated":true}]}}