{"id":14432,"date":"2026-01-27T11:56:10","date_gmt":"2026-01-27T10:56:10","guid":{"rendered":"https:\/\/npkrka.hr\/?page_id=14432"},"modified":"2026-02-11T14:36:44","modified_gmt":"2026-02-11T13:36:44","slug":"junior-ranger-program","status":"publish","type":"page","link":"https:\/\/npkrka.hr\/hr\/o-nama\/junior-ranger-program\/","title":{"rendered":"Junior Ranger program"},"content":{"rendered":"<p><img fetchpriority=\"high\" decoding=\"async\" class=\"alignnone wp-image-14556\" src=\"https:\/\/npkrka.hr\/wp-content\/uploads\/LOGO-Junior-Ranger-HR-300x300.png\" alt=\"\" width=\"224\" height=\"224\" srcset=\"https:\/\/npkrka.hr\/wp-content\/uploads\/LOGO-Junior-Ranger-HR-300x300.png 300w, https:\/\/npkrka.hr\/wp-content\/uploads\/LOGO-Junior-Ranger-HR-1024x1024.png 1024w, https:\/\/npkrka.hr\/wp-content\/uploads\/LOGO-Junior-Ranger-HR-150x150.png 150w, https:\/\/npkrka.hr\/wp-content\/uploads\/LOGO-Junior-Ranger-HR-768x768.png 768w, https:\/\/npkrka.hr\/wp-content\/uploads\/LOGO-Junior-Ranger-HR-1536x1536.png 1536w, https:\/\/npkrka.hr\/wp-content\/uploads\/LOGO-Junior-Ranger-HR-2048x2048.png 2048w, https:\/\/npkrka.hr\/wp-content\/uploads\/LOGO-Junior-Ranger-HR-12x12.png 12w\" sizes=\"(max-width: 224px) 100vw, 224px\" \/><\/p>\n<p>&nbsp;<\/p>\n<p>Na Europski dan parkova, 24. svibnja 2025. u Nacionalnom parku Krka po\u010dela je s radom prva hrvatska Junior Ranger grupa mladih \u010duvara prirode na temelju sporazuma o suradnji u Junior Ranger i Youth+ programima potpisanog izme\u0111u Javne ustanove Nacionalni park Krka i Europarc Federation, najve\u0107e europske mre\u017ee za\u0161ti\u0107enih podru\u010dja.<\/p>\n<p>Junior Ranger grupu Nacionalnog parka Krka \u010dini dvadesetak mladih \u010duvara prirode, koji se redovito sastaju u Parku da bi u\u010dili o njegovim prirodnim i kulturnopovijesnim vrijednostima. Program radionica osmi\u0161ljen je posebno za njih kako bi napredovali u znanju i mudrosti, usvajali vje\u0161tine snala\u017eenja u prirodi i upoznali raznolike ekosustave i tako razvili svijest o potrebi za\u0161tite prirode i o\u010duvanju okoli\u0161a.<\/p>\n<p>Osnovana 1973. godine, organizacija Europarc Federation sna\u017eno podupire uklju\u010divanje mladih u za\u0161titu prirode. To \u010dini kroz dvije inicijative:\u00a0<em>Junior Ranger<\/em>\u00a0program, za djecu od dvanaest do osamnaest godina, i\u00a0<em>Youth+<\/em>\u00a0program, za mlade od osamnaest do trideset godina.<\/p>\n<p>Aktivnosti u sklopu Junior Ranger i Youth+ programa promoviraju se preko EUROPARC mre\u017ee za\u0161ti\u0107enih podru\u010dja. Poti\u010de se izravna suradnja izme\u0111u Junior Rangera i \u010duvara prirode za\u0161ti\u0107enih podru\u010dja u cilju preno\u0161enja znanja i vje\u0161tina na mla\u0111e nara\u0161taje, kao i me\u0111unarodna suradnja i umre\u017eavanje izme\u0111u mentora i mladih \u010duvara prirode razli\u010ditih zemalja.<\/p>\n<p>Ugovorom o suradnji partneri se obvezuju da \u0107e omogu\u0107iti me\u0111unarodnu suradnju djeci i mladima, \u010duvarima prirode i mentorima. Partneri zajedno promi\u010du implementaciju Manifesta mladih, podr\u017eavaju sna\u017enije uklju\u010divanje mladih u aktivnosti za\u0161ti\u0107enih podru\u010dja i poti\u010du ih na istra\u017eivanje, u\u010denje i \u010duvanje za\u0161ti\u0107enih podru\u010dja, posebno onih koja se nalaze u njihovoj blizini.<\/p>\n<p>U skladu s EUROPARC standardima izra\u0111en je hrvatski Junior Ranger logotip te je Republika Hrvatska sada i slu\u017ebeno dio\u00a0<a href=\"https:\/\/www.google.com\/maps\/d\/u\/0\/viewer?mid=1buJ7bAXBVN6Cl3bcWjR6YZaox4xIRKue&amp;femb=1&amp;ll=47.902987359492776%2C24.253555414654443&amp;z=4\">EUROPARC zajednice mladih \u010duvara prirode<\/a>.<\/p>\n<p>Junior Ranger grupa Nacionalnog parka Krka formirana je kao jedna od aktivnosti projekta \u201e<a href=\"https:\/\/npkrka.hr\/hr\/o-nama\/projekti\/erasmus\/\">Podizanje ekolo\u0161ke osvije\u0161tenosti kod mladih iz za\u0161ti\u0107enih podru\u010dja<\/a>\u201c.<\/p>\n<p>&nbsp;<\/p>\n<p><a href=\"https:\/\/npkrka.hr\/wp-content\/uploads\/EUROPARC-Protected-Areas-In-Sight-2025.pdf\">EUROPARC Protected Areas In-Sight 2025 <\/a>(str. 30 \u2013 31)<\/p>\n","protected":false},"excerpt":{"rendered":"<p>&nbsp; Na Europski dan parkova, 24. svibnja 2025. u Nacionalnom parku Krka po\u010dela je s radom prva hrvatska Junior Ranger grupa mladih \u010duvara prirode na temelju sporazuma o suradnji u Junior Ranger i Youth+ programima potpisanog izme\u0111u Javne ustanove Nacionalni park Krka i Europarc Federation, najve\u0107e europske mre\u017ee za\u0161ti\u0107enih podru\u010dja. Junior Ranger grupu Nacionalnog parka [&hellip;]<\/p>\n","protected":false},"author":2,"featured_media":14435,"parent":23,"menu_order":11,"comment_status":"closed","ping_status":"closed","template":"page-5.php","meta":{"footnotes":""},"class_list":["post-14432","page","type-page","status-publish","has-post-thumbnail","hentry"],"_links":{"self":[{"href":"https:\/\/npkrka.hr\/hr\/wp-json\/wp\/v2\/pages\/14432","targetHints":{"allow":["GET"]}}],"collection":[{"href":"https:\/\/npkrka.hr\/hr\/wp-json\/wp\/v2\/pages"}],"about":[{"href":"https:\/\/npkrka.hr\/hr\/wp-json\/wp\/v2\/types\/page"}],"author":[{"embeddable":true,"href":"https:\/\/npkrka.hr\/hr\/wp-json\/wp\/v2\/users\/2"}],"replies":[{"embeddable":true,"href":"https:\/\/npkrka.hr\/hr\/wp-json\/wp\/v2\/comments?post=14432"}],"version-history":[{"count":6,"href":"https:\/\/npkrka.hr\/hr\/wp-json\/wp\/v2\/pages\/14432\/revisions"}],"predecessor-version":[{"id":14636,"href":"https:\/\/npkrka.hr\/hr\/wp-json\/wp\/v2\/pages\/14432\/revisions\/14636"}],"up":[{"embeddable":true,"href":"https:\/\/npkrka.hr\/hr\/wp-json\/wp\/v2\/pages\/23"}],"wp:featuredmedia":[{"embeddable":true,"href":"https:\/\/npkrka.hr\/hr\/wp-json\/wp\/v2\/media\/14435"}],"wp:attachment":[{"href":"https:\/\/npkrka.hr\/hr\/wp-json\/wp\/v2\/media?parent=14432"}],"curies":[{"name":"wp","href":"https:\/\/api.w.org\/{rel}","templated":true}]}}