{"id":1441,"date":"2022-07-15T10:16:52","date_gmt":"2022-07-15T08:16:52","guid":{"rendered":"https:\/\/www.npkrka.hr\/?page_id=1441"},"modified":"2023-07-28T14:06:34","modified_gmt":"2023-07-28T12:06:34","slug":"pjesacka-staza-skradinski-buk","status":"publish","type":"page","link":"https:\/\/npkrka.hr\/hr\/posjeti\/krka-hike\/pjesacka-staza-skradinski-buk\/","title":{"rendered":"Staza Skradinski buk"},"content":{"rendered":"<div class=\"elementor-element elementor-element-bac2d24 elementor-widget elementor-widget-text-editor\" data-id=\"bac2d24\" data-element_type=\"widget\" data-widget_type=\"text-editor.default\">\n<div class=\"elementor-widget-container\">\n<ul>\n<li>Dolazak ili pje\u0161a\u010dkom stazom s Lozovca (875 m), ili autobusom Parka ili osobnim automobilom u zimskom razdoblju<\/li>\n<li>Na po\u010detku staze nalaze se drveni mosti\u0107i kojima se prelazi preko slapi\u0161ta a staza vodi i kroz etnoselo; treba slijediti putokaze, kretati se u jednom smjeru i vratiti na po\u010detnu to\u010dku<\/li>\n<li>Za posjetitelje koji su u Park do\u0161li brodom iz Skradina ili pje\u0161ke ili biciklom stazom koja vodi od Skradinskog mosta (dugom 3 400 m) staza po\u010dinje kod recepcije u kampu, vodi preko velikog drvenog mosta, pa uz stepenice, potom kroz etnoselo a onda preko drvenih mosti\u0107a iznad slapi\u0161ta; treba slijediti putokaze, kretati se u jednom smjeru i vratiti na po\u010detnu to\u010dku<\/li>\n<\/ul>\n<\/div>\n<\/div>\n<div class=\"fotorama rounded-lg  shadow lblue-bg mt-5   \" data-width=\"100%\" data-ratio=\"16\/10\"  data-nav=\"thumbs\" data-autoplay=\"true\" data-arrows=\"true\" data-transition=\"crossfade\"><img decoding=\"async\" src=\"https:\/\/npkrka.hr\/wp-content\/uploads\/3-staza-Skradinski-buk-7-NASLOVNA.png\" width=\"100%\" \/><img decoding=\"async\" src=\"https:\/\/npkrka.hr\/wp-content\/uploads\/3-staza-Skradinski-buk-8.png\" width=\"100%\" \/><img decoding=\"async\" src=\"https:\/\/npkrka.hr\/wp-content\/uploads\/3-staza-Skradinski-buk-6.png\" width=\"100%\" \/><img decoding=\"async\" src=\"https:\/\/npkrka.hr\/wp-content\/uploads\/3-staza-Skradinski-buk-4.png\" width=\"100%\" \/><img decoding=\"async\" src=\"https:\/\/npkrka.hr\/wp-content\/uploads\/3-staza-Skradinski-buk-2.png\" width=\"100%\" \/><img decoding=\"async\" src=\"https:\/\/npkrka.hr\/wp-content\/uploads\/3-staza-Skradinski-buk-1.png\" width=\"100%\" \/><img decoding=\"async\" src=\"https:\/\/npkrka.hr\/wp-content\/uploads\/3-staza-Skradinski-buk-5.png\" width=\"100%\" \/><\/div><p>&nbsp;<\/p>\n<section class=\"elementor-section elementor-top-section elementor-element elementor-element-5073bad9 elementor-section-boxed elementor-section-height-default elementor-section-height-default\" data-id=\"5073bad9\" data-element_type=\"section\" data-settings=\"{\"background_background\":\"classic\"}\">\n<div class=\"elementor-container elementor-column-gap-no\">\n<div class=\"elementor-column elementor-col-100 elementor-top-column elementor-element elementor-element-f45c716\" data-id=\"f45c716\" data-element_type=\"column\">\n<div class=\"elementor-widget-wrap elementor-element-populated\">\n<div class=\"elementor-element elementor-element-707f6aa1 elementor-widget elementor-widget-text-editor\" data-id=\"707f6aa1\" data-element_type=\"widget\" data-widget_type=\"text-editor.default\">\n<div class=\"elementor-widget-container\"><strong>Svakim korakom do otkri\u0107a veli\u010danstvenih vrijednosti<\/strong><\/div>\n<\/div>\n<div class=\"elementor-element elementor-element-7977fafe elementor-widget elementor-widget-text-editor\" data-id=\"7977fafe\" data-element_type=\"widget\" data-widget_type=\"text-editor.default\">\n<div class=\"elementor-widget-container\">\n<p>Skradinski buk\u00a0najdu\u017ei je, najpoznatiji i najposje\u0107eniji slap na rijeci Krki. Tvore ga sedrene barijere, otoci i jezera. Slap se mo\u017ee razgledati zahvaljuju\u0107i mre\u017ei staza i mostova,\u00a0koje prolaze i kroz splet vodenica, me\u0111u kojima je i etnografska zbirka, \u0161to svjedo\u010de o gospodarskoj pro\u0161losti \u0160ibenika i njegova kraja. Ve\u0107ina vodenica obnovljena je pa slu\u017ee za prezentaciju starih zanata i ugostiteljstvo.\u00a0To bi bio sa\u017eeti opis staze koja vrluda kroz Buk. Iako tuda hrli najve\u0107i broj posjetitelja da bi vidjeli veli\u010danstveni slap, onaj tko uspori i uputi se stazom duha otvorena za prirodu ugledat \u0107e ljepotu na svakom od 2 195 koraka koje treba u\u010diniti da bi se staza pro\u0161la. Pa krenimo!<\/p>\n<p>Staza vodi preko \u017eive vode. \u010covjek hoda drvenim mosti\u0107ima dok se pod njim pra\u0107aka liska i pliva ilirski klen. Uokolo svuda zelenilo. \u010cuje se kreket zelene \u017eabe. Trepere modra i prugasta konjska smrt \u2013 vretenca, \u017eivopisne letjelice vila. Brzo oko uhvatit \u0107e i hitru kretnju bjelou\u0161ke ili zaron ribarice. Za sve one koje zanima \u0161to je to \u0161to vide postavljene su edukativne table du\u017e cijele staze.<\/p>\n<p>S vidikovca na stazi na desnoj obali rijeke najljep\u0161e se mo\u017ee vidjeti stvoriteljica slapova, temeljni fenomen Nacionalnog parka \u201eKrka\u201c \u2013\u00a0sedra. Sedra je \u010desta pojava u povr\u0161inskim tokovima dinarskog kr\u0161a, ali rijetko gradi slapove poput ovih na Krki. Do\u0111ete li ljeti, vidjet \u0107ete sedrene barijere odjevene u zelenu mahovinu. Ako vas put nanese zimi, do\u017eivjet \u0107ete bijele vodene valove, kao da su se spustili nebeski kumulusi. \u201eKod slapova prskaju tisu\u0107e i milijuni sitnih kapljica, pu\u0161e se kao magla, bijele se kao prozra\u010dni vilinski veli i na trakovima suncu daju \u0161arene duge. Divi\u0161 se me\u0111u pojedinim slapovima tamno zelenoj vodi, koja je na povr\u0161ini glatka kao ogledalo, a sprema se sve\u010dano, da se poput snijega bijela otkotrlja niz stepenice kao oltare\u201c (Krsto Sto\u0161i\u0107,\u00a0Rijeka Krka sa 54 slike, 1927.).<\/p>\n<p>Drveni most mjesto je na kojem je \u010dovjek najbli\u017ee slapu. Most je \u010dvrst pa to podrhtava du\u0161a od pogleda na ljepotu i mo\u0107 prirode. Preko sedamnaest stepenica Skradinskog buka, raspore\u0111enih na osamsto metara du\u017eine, prelijevaju se zajedni\u010dke vode rijeka Krke i \u010cikole. Slap je \u0161irok od dvjesto do \u010detiristo metara, s ukupnom visinskom razlikom od 45,7 m. Velika koli\u010dina pjene koju vidite ispod slapova na Skradinskom buku ustvari je prirodni sapun.<\/p>\n<p>Skradinski buk mjesto je slavne povijesti i bogate kulturnopovijesne ba\u0161tine. Na stazi se mogu vidjeti ostaci HE Krka, prve hidroelektrane u svijetu koja je osvijetlila jedan grad \u2013 \u0160ibenik. Carski vidikovac na lijevoj obali staze mjesto je s kojeg se Skradinskom buku divio austro-ugarski car Franjo Josip I. sa suprugom Elizabetom. Vodenice na Skradinskom buku predindustrijska su postrojenja u kojima je nekada cijela Dalmacija mljela \u017eito. Dalmatinski buha\u010d, mljeven u vodenicama obitelji \u0160upuk na Skradinskom buku, koristio se kao insekticid za prokopavanja Panamskog kanala. U obnovljenom etnoselu susrest \u0107ete mlinara, kova\u010da i tkalju, u narodnoj no\u0161nji, koji \u0107e vam s puno znanja i ljubavi prezentirati te stare zanate.<\/p>\n<\/div>\n<\/div>\n<\/div>\n<\/div>\n<\/div>\n<\/section>\n","protected":false},"excerpt":{"rendered":"<p>: Svakim korakom do otkri\u0107a veli\u010danstvenih vrijednosti<\/p>\n","protected":false},"author":1,"featured_media":1450,"parent":1355,"menu_order":3,"comment_status":"closed","ping_status":"closed","template":"page-bike.php","meta":{"footnotes":""},"class_list":["post-1441","page","type-page","status-publish","has-post-thumbnail","hentry"],"_links":{"self":[{"href":"https:\/\/npkrka.hr\/hr\/wp-json\/wp\/v2\/pages\/1441","targetHints":{"allow":["GET"]}}],"collection":[{"href":"https:\/\/npkrka.hr\/hr\/wp-json\/wp\/v2\/pages"}],"about":[{"href":"https:\/\/npkrka.hr\/hr\/wp-json\/wp\/v2\/types\/page"}],"author":[{"embeddable":true,"href":"https:\/\/npkrka.hr\/hr\/wp-json\/wp\/v2\/users\/1"}],"replies":[{"embeddable":true,"href":"https:\/\/npkrka.hr\/hr\/wp-json\/wp\/v2\/comments?post=1441"}],"version-history":[{"count":0,"href":"https:\/\/npkrka.hr\/hr\/wp-json\/wp\/v2\/pages\/1441\/revisions"}],"up":[{"embeddable":true,"href":"https:\/\/npkrka.hr\/hr\/wp-json\/wp\/v2\/pages\/1355"}],"wp:featuredmedia":[{"embeddable":true,"href":"https:\/\/npkrka.hr\/hr\/wp-json\/wp\/v2\/media\/1450"}],"wp:attachment":[{"href":"https:\/\/npkrka.hr\/hr\/wp-json\/wp\/v2\/media?parent=1441"}],"curies":[{"name":"wp","href":"https:\/\/api.w.org\/{rel}","templated":true}]}}