{"id":1408,"date":"2022-07-15T09:56:28","date_gmt":"2022-07-15T07:56:28","guid":{"rendered":"https:\/\/www.npkrka.hr\/?page_id=1408"},"modified":"2022-10-12T07:26:03","modified_gmt":"2022-10-12T05:26:03","slug":"pjesacka-staza-stinice-roski-slap-ozidana-pecina","status":"publish","type":"page","link":"https:\/\/npkrka.hr\/hr\/posjeti\/krka-hike\/pjesacka-staza-stinice-roski-slap-ozidana-pecina\/","title":{"rendered":"Staza Stinice \u2013 Ro\u0161ki slap \u2013 Ozi\u0111ana pe\u0107ina"},"content":{"rendered":"<div class=\"elementor-element elementor-element-7a7f69d1 elementor-widget elementor-widget-text-editor\" data-id=\"7a7f69d1\" data-element_type=\"widget\" data-widget_type=\"text-editor.default\">\n<div class=\"elementor-widget-container\">\n<ul>\n<li>\u010cetiri su mogu\u0107a ulaza na stazu \/ izlaza s nje: Stinice, Bri\u0161tane Gornje, Ro\u0161ki slap, Ozi\u0111ana pe\u0107ina (Bogati\u0107i Miljeva\u010dki)<\/li>\n<li>Svi ulazi\/izlazi nalaze se na lijevoj obali Krke izme\u0111u puta prema Visovcu i Ro\u0161kome slapu; Ro\u0161kome slapu mo\u017ee se pristupiti i s desne obale<\/li>\n<li>Zahtjevna staza koju \u010dine zemljani putovi, makadam, drveni mosti\u0107i i stepenice, te mnogi usponi i spustovi, od kojih je vrlo zahtjevan uspon uz 517 stepenica do Ozi\u0111ane pe\u0107ine<\/li>\n<li>Treba predvidjeti povratak do polazi\u0161ne to\u010dke jer staza nije kru\u017ena<\/li>\n<li>U ponudi od lipnja do rujna je\u00a0<a role=\"link\" href=\"https:\/\/www.npkrka.hr\/hr\/posjeti\/ulazi-u-park\/ulaz-roski-slap-laskovica\/\">prijevoz autobusom<\/a>\u00a0La\u0161kovica \u2013 Ro\u0161ki slap \u2013 Bogati\u0107i Miljeva\u010dki \u2013 Stinice<\/li>\n<\/ul>\n<div class=\"fotorama rounded-lg  shadow lblue-bg mt-5   \" data-width=\"100%\" data-ratio=\"16\/10\"  data-nav=\"thumbs\" data-autoplay=\"true\" data-arrows=\"true\" data-transition=\"crossfade\"><img decoding=\"async\" src=\"https:\/\/npkrka.hr\/wp-content\/uploads\/rsz_10_staza_stinice_\u2013_roski_slap_\u2013_ozidana_pecina_8.jpg\" width=\"100%\" \/><img decoding=\"async\" src=\"https:\/\/npkrka.hr\/wp-content\/uploads\/rsz_10_staza_stinice_\u2013_roski_slap_\u2013_ozidana_pecina_3.jpg\" width=\"100%\" \/><img decoding=\"async\" src=\"https:\/\/npkrka.hr\/wp-content\/uploads\/rsz_10_staza_stinice_\u2013_roski_slap_\u2013_ozidana_pecina_10_naslovna.jpg\" width=\"100%\" \/><img decoding=\"async\" src=\"https:\/\/npkrka.hr\/wp-content\/uploads\/rsz_10_staza_stinice_\u2013_roski_slap_\u2013_ozidana_pecina_9.jpg\" width=\"100%\" \/><img decoding=\"async\" src=\"https:\/\/npkrka.hr\/wp-content\/uploads\/rsz_10_staza_stinice_\u2013_roski_slap_\u2013_ozidana_pecina_1.jpg\" width=\"100%\" \/><img decoding=\"async\" src=\"https:\/\/npkrka.hr\/wp-content\/uploads\/rsz_10_staza_stinice_\u2013_roski_slap_\u2013_ozidana_pecina_12.jpg\" width=\"100%\" \/><img decoding=\"async\" src=\"https:\/\/npkrka.hr\/wp-content\/uploads\/rsz_10_staza_stinice_\u2013_roski_slap_\u2013_ozidana_pecina_6.jpg\" width=\"100%\" \/><img decoding=\"async\" src=\"https:\/\/npkrka.hr\/wp-content\/uploads\/rsz_10_staza_stinice_\u2013_roski_slap_\u2013_ozidana_pecina_5.jpg\" width=\"100%\" \/><img decoding=\"async\" src=\"https:\/\/npkrka.hr\/wp-content\/uploads\/rsz_110_staza_stinice_\u2013_roski_slap_\u2013_ozidana_pecina_4.jpg\" width=\"100%\" \/><img decoding=\"async\" src=\"https:\/\/npkrka.hr\/wp-content\/uploads\/rsz_10_staza_stinice_\u2013_roski_slap_\u2013_ozidana_pecina_7.jpg\" width=\"100%\" \/><img decoding=\"async\" src=\"https:\/\/npkrka.hr\/wp-content\/uploads\/rsz_10_staza_stinice_\u2013_roski_slap_\u2013_ozidana_pecina_11.jpg\" width=\"100%\" \/><img decoding=\"async\" src=\"https:\/\/npkrka.hr\/wp-content\/uploads\/rsz_10_staza_stinice_\u2013_roski_slap_\u2013_ozidana_pecina_2.jpg\" width=\"100%\" \/><\/div><p>&nbsp;<\/p>\n<\/div>\n<\/div>\n<section class=\"elementor-section elementor-top-section elementor-element elementor-element-29b09d8c elementor-section-boxed elementor-section-height-default elementor-section-height-default\" data-id=\"29b09d8c\" data-element_type=\"section\" data-settings=\"{\"background_background\":\"classic\"}\">\n<div class=\"elementor-container elementor-column-gap-no\">\n<div class=\"elementor-column elementor-col-100 elementor-top-column elementor-element elementor-element-c012807\" data-id=\"c012807\" data-element_type=\"column\">\n<div class=\"elementor-widget-wrap elementor-element-populated\">\n<div class=\"elementor-element elementor-element-65fc65b9 elementor-widget elementor-widget-text-editor\" data-id=\"65fc65b9\" data-element_type=\"widget\" data-widget_type=\"text-editor.default\">\n<div class=\"elementor-widget-container\"><strong>Lugarev put od stoljetne \u0161ume do tisu\u0107ljetne pe\u0107ine<\/strong><\/div>\n<div><\/div>\n<div>\u0160uma je oduvijek imala posebno mjesto u svijetu ma\u0161te. Dovoljno je spomenuti kultni status koji u popularnoj kulturi imaju \u0160ervudska \u0161uma, dom Robina Hooda, Mirkwood iz Gospodara prstenova i Zabranjena \u0161uma iz serijala o Harryju Potteru, kao i \u0160uma Striborova me\u0111u hrvatskim bajkama. Stara \u0161uma hrasta medunca i bijelog graba na Stinicama simboli\u010dan je po\u010detak magi\u010dnog srednjeg toka rijeke Krke. Sa stablima starim od sto pedeset do dvjesto godina, ona je ujedno po\u010detak, ili kraj, pou\u010dno-pje\u0161a\u010dke staze Stinice \u2013 Ro\u0161ki slap \u2013 Ozi\u0111ana pe\u0107ina.<\/div>\n<\/div>\n<div class=\"elementor-element elementor-element-5675ea73 elementor-widget elementor-widget-text-editor\" data-id=\"5675ea73\" data-element_type=\"widget\" data-widget_type=\"text-editor.default\">\n<div class=\"elementor-widget-container\">\n<p>Od stoljetne \u0161ume do pretpovijesne pe\u0107ine, kroz smaragdnozeleni tjesnac i preko srebrnih kaskada Ro\u0161koga slapa, nekada je hodio lugar, \u010dija je slu\u017eba bila \u010duvanje \u0161ume i njezine imovine. Lugari su zadu\u017eeni za odre\u0111ena podru\u010dja \u2013 lugarije, u kojima se obi\u010dno nalazi i lugarska ku\u0107a u kojoj sami ili s porodicom \u017eive. Nekada je to bila i Visova\u010dka ku\u0107a \u201eKu\u017eelj\u201c na Stinicama, a danas je ona posjetiteljski centar u kojemu je ure\u0111en stalni izlo\u017ebeni postav \u201eLugareva ku\u0107a\u201c<em>.<\/em><\/p>\n<p>Na drugom kraju staze nalazi se dom pretpovijesna \u010dovjeka, Ozi\u0111ana pe\u0107ina, do koje vodi 517 drvenih stepenica okomito polo\u017eenih na stijenu Ro\u0161koga slapa. Arheolo\u0161ka istra\u017eivanja potvrdila su u pe\u0107ini nazo\u010dnost svih neoliti\u010dkih kultura jadranskoga prostora, zatim eneoliti\u010dkih, te onih ranoga i srednjega bron\u010danog doba. \u010covjek je u pe\u0107ini bio neprekidno prisutan u razdoblju od 6 000 do 1 500 godina prije Krista. U pe\u0107ini je, <em>in situ<\/em>, ure\u0111ena arheolo\u0161ka zbirka. To zna\u010di da posjetitelji imaju priliku kro\u010diti stopama neoliti\u010dkog \u010dovjeka.<\/p>\n<p>Hodaju\u0107i tom stazom, \u010dovjek kao da kro\u010di iz jednog svijeta u drugi: krajolik se stalno mijenja \u2013 od mo\u010dvarnog terena, jednog od najva\u017enijih europskih ornitolo\u0161kih podru\u010dja zbog brojnosti vrsta ptica u vrijeme migracije, do uskoga kanjona s pogledom na \u0161pilju \u0160uplju stinu, ostatke srednjovjekovne utvrde\u00a0Kami\u010dak\u00a0i liticu na na desnoj strani kanjona na kojoj je neko\u0107 stajala utvrda\u00a0Rogovo. Staza prelazi preko Ro\u0161koga slapa, njegovih bisernih\u00a0<em>Ogrlica<\/em>, penje se do pe\u0107ine i zavr\u0161ava u Bogati\u0107ima, na nadmorskoj visini od 234 m.<\/p>\n<\/div>\n<\/div>\n<\/div>\n<\/div>\n<\/div>\n<\/section>\n","protected":false},"excerpt":{"rendered":"<p>Lugarev put od stoljetne \u0161ume do tisu\u0107ljetne pe\u0107ine<\/p>\n","protected":false},"author":1,"featured_media":1421,"parent":1355,"menu_order":10,"comment_status":"closed","ping_status":"closed","template":"page-bike.php","meta":{"footnotes":""},"class_list":["post-1408","page","type-page","status-publish","has-post-thumbnail","hentry"],"_links":{"self":[{"href":"https:\/\/npkrka.hr\/hr\/wp-json\/wp\/v2\/pages\/1408","targetHints":{"allow":["GET"]}}],"collection":[{"href":"https:\/\/npkrka.hr\/hr\/wp-json\/wp\/v2\/pages"}],"about":[{"href":"https:\/\/npkrka.hr\/hr\/wp-json\/wp\/v2\/types\/page"}],"author":[{"embeddable":true,"href":"https:\/\/npkrka.hr\/hr\/wp-json\/wp\/v2\/users\/1"}],"replies":[{"embeddable":true,"href":"https:\/\/npkrka.hr\/hr\/wp-json\/wp\/v2\/comments?post=1408"}],"version-history":[{"count":0,"href":"https:\/\/npkrka.hr\/hr\/wp-json\/wp\/v2\/pages\/1408\/revisions"}],"up":[{"embeddable":true,"href":"https:\/\/npkrka.hr\/hr\/wp-json\/wp\/v2\/pages\/1355"}],"wp:featuredmedia":[{"embeddable":true,"href":"https:\/\/npkrka.hr\/hr\/wp-json\/wp\/v2\/media\/1421"}],"wp:attachment":[{"href":"https:\/\/npkrka.hr\/hr\/wp-json\/wp\/v2\/media?parent=1408"}],"curies":[{"name":"wp","href":"https:\/\/api.w.org\/{rel}","templated":true}]}}