{"id":1394,"date":"2022-07-15T09:50:51","date_gmt":"2022-07-15T07:50:51","guid":{"rendered":"https:\/\/www.npkrka.hr\/?page_id=1394"},"modified":"2022-09-27T08:50:21","modified_gmt":"2022-09-27T06:50:21","slug":"pjesacka-staza-trosenj-pistavac","status":"publish","type":"page","link":"https:\/\/npkrka.hr\/hr\/posjeti\/krka-hike\/pjesacka-staza-trosenj-pistavac\/","title":{"rendered":"Staza Tro\u0161enj \u2013 Pi\u0161tavac"},"content":{"rendered":"<div class=\"elementor-element elementor-element-fd88bd7 elementor-widget elementor-widget-text-editor\" data-id=\"fd88bd7\" data-element_type=\"widget\" data-widget_type=\"text-editor.default\">\n<div class=\"elementor-widget-container\">\n<ul>\n<li>Na stazu se dolazi iz Kistanja, na desnoj obali Krke, ili od recepcije za manastir Krka ili kroz \u010cu\u010devo, treba slijediti putokaze<\/li>\n<li>Staza se mo\u017ee obi\u0107i i u kra\u0107im dionicama, treba predvidjeti povratak na polazi\u0161nu to\u010dku<\/li>\n<li>To je makadamska staza, posvuda ravna osim bla\u017eeg uspona prema vidikovcu uz utvrdu Tro\u0161enj<\/li>\n<\/ul>\n<\/div>\n<\/div>\n<div class=\"fotorama rounded-lg  shadow lblue-bg mt-5   \" data-width=\"100%\" data-ratio=\"16\/10\"  data-nav=\"thumbs\" data-autoplay=\"true\" data-arrows=\"true\" data-transition=\"crossfade\"><img decoding=\"async\" src=\"https:\/\/npkrka.hr\/wp-content\/uploads\/rsz_16_staza_trosenj_\u2013_pistavac_1.jpg\" width=\"100%\" \/><img decoding=\"async\" src=\"https:\/\/npkrka.hr\/wp-content\/uploads\/rsz_16_staza_trosenj_\u2013_pistavac_5.jpg\" width=\"100%\" \/><img decoding=\"async\" src=\"https:\/\/npkrka.hr\/wp-content\/uploads\/rsz_16_staza_trosenj_\u2013_pistavac_4.jpg\" width=\"100%\" \/><img decoding=\"async\" src=\"https:\/\/npkrka.hr\/wp-content\/uploads\/rsz_16_staza_trosenj_\u2013_pistavac_3_naslovna.jpg\" width=\"100%\" \/><img decoding=\"async\" src=\"https:\/\/npkrka.hr\/wp-content\/uploads\/rsz_16_staza_trosenj_\u2013_pistavac_2.jpg\" width=\"100%\" \/><\/div><p>&nbsp;<\/p>\n<section class=\"elementor-section elementor-top-section elementor-element elementor-element-3e8f95ab elementor-section-boxed elementor-section-height-default elementor-section-height-default\" data-id=\"3e8f95ab\" data-element_type=\"section\" data-settings=\"{\">\n<div class=\"elementor-container elementor-column-gap-no\">\n<div class=\"elementor-column elementor-col-100 elementor-top-column elementor-element elementor-element-11364964\" data-id=\"11364964\" data-element_type=\"column\">\n<div class=\"elementor-widget-wrap elementor-element-populated\">\n<div class=\"elementor-element elementor-element-578ff954 elementor-widget elementor-widget-text-editor\" data-id=\"578ff954\" data-element_type=\"widget\" data-widget_type=\"text-editor.default\">\n<div class=\"elementor-widget-container\"><strong>Kamenjarski travnjaci \u0161to vode do \u0160ubi\u0107eve kule jugoisto\u010dne Bukovice<\/strong><\/div>\n<\/div>\n<div class=\"elementor-element elementor-element-4ee0ffc4 elementor-widget elementor-widget-text-editor\" data-id=\"4ee0ffc4\" data-element_type=\"widget\" data-widget_type=\"text-editor.default\">\n<div class=\"elementor-widget-container\">\n<p>Iz smjera Kistanja preko sela \u010cu\u010devo put vodi do srednjovjekovne utvrde Tro\u0161enj. Smje\u0161tena je na desnoj obali Krke, nasuprot utvrdi Ne\u010dven. Sagradila ju je velika\u0161ka obitelj \u0160ubi\u0107 u 15. stolje\u0107u zbog nadzora nad strate\u0161ki va\u017enim mostom preko rijeke.<\/p>\n<p>Staza do utvrde vodi kroz pitomo podru\u010dje na kojem se vidi i osje\u0107a djelovanje \u010dovjeka, koji je tijekom stoljetnog su\u017eivota s prirodom utjecao na bioraznolikost biljnih vrsta uzgojem poljoprivrednih kultura. Me\u0111u tim kulturama naj\u010de\u0161\u0107e su pitomi orah, smokva, badem, vinova loza, \u0161ipak, divlja tre\u0161nja i bijeli dud. One \u010dine prepoznatljivu pejsa\u017enu sliku i simbol su toga kraja. Vegetaciju naselja, uz kultivirane, karakteriziraju i ruderalne biljne vrste koje naseljuju neobra\u0111ene povr\u0161ine, rubove cesta i polja. To su kozmopolitske vrste koje se svakodnevno susre\u0107u: kupina, pasja ru\u017ea, \u0161umski sljez, trputac, \u0161\u0107irevi, kiselice, iglice i bro\u0107ike. Ome\u0111ile su i stazu \u0161to vodi do kamenog stra\u017eara nad Krkom. Uokolo se nalaze i suhi kamenjarski travnjaci, koji su posljedica ekstenzivnog sto\u010darstva ili po\u017eara. U travnja\u010dkoj vegetaciji, od drvenastih vrsta prevladavaju hrast medunac, bijeli grab i maklen. Sloj grmlja karakteriziraju grmoliki gra\u0161ar, dra\u010da i brijestolisna kupina. Prizemnu vegetaciju \u010dine o\u0161trolisna \u0161paroga, modri kotrljan, primorski vrisak\u2026 Zbog smanjene ispa\u0161e, zajednica se nalazi u sukcesiji prema \u0161umi i \u0161ikari hrasta medunca i bijelog graba.<\/p>\n<p>Duga preko pet kilometara, ova staza povezuje male zaseoke Kistanja, sredi\u0161njeg mjesta jugoisto\u010dne Bukovice. Prije 1854. godine na mjestu Kistanja bila je samo jedna ku\u0107a, kvartir, iz mleta\u010dkog doba u kojoj je stanovala vojna posada \u0161to je nadzirala prijevoz i pregledavala stoku na putu iz Knina u Zadar. Iz te funkcije, na sjeci\u0161tu putova iz Ravnih kotara, Bukovice i Knina, razvilo se trgovi\u0161te i upravno sredi\u0161te isto\u010dne Bukovice. I danas su Kistanje mjesto puno \u017eivota.\u00a0 Osnovnu \u0161kolu poha\u0111a 231 u\u010denik. To je budu\u0107nost ovog kraja pro\u017eeta tragovima drevne naseljenosti, od ilirskog i rimskog doba do srednjeg vijeka.\u00a0 U takvom okru\u017eenju, iz kamena u kamenu stoji utvrda Tro\u0161enj, \u010cu\u010devo ili Bani-kula, prema legendi koja ka\u017ee da je pod kulom zakopan ma\u010d nekoga bana. Utvrda je nepravilna oblika, s obrambenim zidinama, kru\u017enom kulom i stambenim prostorijama. Obje utvrde nad kanjonom, \u010cu\u010devo i Ne\u010dven, podignute su na pribli\u017eno istoj visini (243 odnosno 242 m) i povezane drvenim mostom. Nema sigurnih podataka o tomu kad je sagra\u0111en Tro\u0161enj. Spominje se u ispravi iz 1437., ali vjerojatno je utvrda podignuta ranije. U turskoj je vlasti bila do 1684. U njoj je stolovao i zloglasni kr\u010dki kapetan Mehmed-beg Ljubun\u010di\u0107, o kojem \u0161apu\u0107e legenda o Uzdah-kuli.<\/p>\n<\/div>\n<\/div>\n<\/div>\n<\/div>\n<\/div>\n<\/section>\n","protected":false},"excerpt":{"rendered":"<p>Kamenjarski travnjaci \u0161to vode do \u0160ubi\u0107eve kule jugoisto\u010dne Bukovice<\/p>\n","protected":false},"author":1,"featured_media":1399,"parent":1355,"menu_order":16,"comment_status":"closed","ping_status":"closed","template":"page-bike.php","meta":{"footnotes":""},"class_list":["post-1394","page","type-page","status-publish","has-post-thumbnail","hentry"],"_links":{"self":[{"href":"https:\/\/npkrka.hr\/hr\/wp-json\/wp\/v2\/pages\/1394","targetHints":{"allow":["GET"]}}],"collection":[{"href":"https:\/\/npkrka.hr\/hr\/wp-json\/wp\/v2\/pages"}],"about":[{"href":"https:\/\/npkrka.hr\/hr\/wp-json\/wp\/v2\/types\/page"}],"author":[{"embeddable":true,"href":"https:\/\/npkrka.hr\/hr\/wp-json\/wp\/v2\/users\/1"}],"replies":[{"embeddable":true,"href":"https:\/\/npkrka.hr\/hr\/wp-json\/wp\/v2\/comments?post=1394"}],"version-history":[{"count":0,"href":"https:\/\/npkrka.hr\/hr\/wp-json\/wp\/v2\/pages\/1394\/revisions"}],"up":[{"embeddable":true,"href":"https:\/\/npkrka.hr\/hr\/wp-json\/wp\/v2\/pages\/1355"}],"wp:featuredmedia":[{"embeddable":true,"href":"https:\/\/npkrka.hr\/hr\/wp-json\/wp\/v2\/media\/1399"}],"wp:attachment":[{"href":"https:\/\/npkrka.hr\/hr\/wp-json\/wp\/v2\/media?parent=1394"}],"curies":[{"name":"wp","href":"https:\/\/api.w.org\/{rel}","templated":true}]}}