{"id":1380,"date":"2022-07-15T09:40:42","date_gmt":"2022-07-15T07:40:42","guid":{"rendered":"https:\/\/www.npkrka.hr\/?page_id=1380"},"modified":"2022-09-27T08:22:02","modified_gmt":"2022-09-27T06:22:02","slug":"pjesacka-staza-staza-vukovica-podi","status":"publish","type":"page","link":"https:\/\/npkrka.hr\/hr\/posjeti\/krka-hike\/pjesacka-staza-staza-vukovica-podi\/","title":{"rendered":"Staza Vukovi\u0107a podi"},"content":{"rendered":"<ul>\n<li>Kod naselja Dubravice na desnoj obali Krke treba slijediti smjer Graovo, potom pje\u0161a\u010dke oznake do staze<\/li>\n<li>Automobile treba parkirati na pro\u0161irenju prije same pje\u0161a\u010dke staze pa nastaviti makadamskom pou\u010dno-pje\u0161a\u010dkom stazom do vidikovca<\/li>\n<li>Povratak istim putom<\/li>\n<\/ul>\n<div class=\"fotorama rounded-lg  shadow lblue-bg mt-5   \" data-width=\"100%\" data-ratio=\"16\/10\"  data-nav=\"thumbs\" data-autoplay=\"true\" data-arrows=\"true\" data-transition=\"crossfade\"><img decoding=\"async\" src=\"https:\/\/npkrka.hr\/wp-content\/uploads\/vidikovac-vukovica-podi04-1.jpg\" width=\"100%\" \/><img decoding=\"async\" src=\"https:\/\/npkrka.hr\/wp-content\/uploads\/rsz_8_staza_vukovica_podi_3.jpg\" width=\"100%\" \/><img decoding=\"async\" src=\"https:\/\/npkrka.hr\/wp-content\/uploads\/rsz_8_staza_vukovica_podi_1.jpg\" width=\"100%\" \/><img decoding=\"async\" src=\"https:\/\/npkrka.hr\/wp-content\/uploads\/rsz_8_staza_vukovica_podi_5.jpg\" width=\"100%\" \/><img decoding=\"async\" src=\"https:\/\/npkrka.hr\/wp-content\/uploads\/rsz_8_staza_vukovica_podi_2.jpg\" width=\"100%\" \/><\/div><p>&nbsp;<\/p>\n<div class=\"elementor-element elementor-element-2f6b8d5d elementor-widget elementor-widget-text-editor\" data-id=\"2f6b8d5d\" data-element_type=\"widget\" data-widget_type=\"text-editor.default\">\n<div class=\"elementor-widget-container\">\n<p><strong>Malim mjestima do velikih djela prirode<\/strong><\/p>\n<p>Da biste do\u0161li do rubova kanjona rijeke Krke s kojih se otvaraju vidici na njezina djela u prirodi, morate pro\u0107i kroz pitoma mala mjesta smje\u0161tena uz njezine obale. Od Gornjeg Graova do ruba kanjona na Vukovi\u0107a podima, na \u0161irem podru\u010dju Dubravica, vodi pou\u010dno-pje\u0161a\u010dka staza s vidikovcem. Vidikovac je dio brdsko-biciklisti\u010dke rute, duge 25,8 km, otvorene u sklopu novih 470 km\u00a0biciklisti\u010dkih ruta\u00a0kroz Nacionalni park \u201eKrka\u201c, koja prolazi kroz Dubravice, pa kroz zimzelene \u0161ume u predjelu brda sv. Kate, potom do vidikovca, da bi se zatim istim putom vratila u Skradin.<\/p>\n<p>Desna obala Krke bogatija je vodom i zelenija, \u0161to je \u010dini idealnom za ugodne \u0161etnje ili biciklisti\u010dke avanture. Na kraju, koju god alternativu izabrali, uvijek se isplati. Osim \u0161to \u010dinite dobro svom duhu i \u201eku\u0107i\u201c u kojoj obitava, do\u010dekat \u0107e vas prizori u kojima o\u010di mogu u\u017eivati vje\u010dno. Pogled s vidikovca na Vukovi\u0107a podima na oto\u010di\u0107\u00a0Visovac\u00a0i kanjon\u00a0Me\u0111u gredama, iz perspektive orlova koji su nekada letjeli tim prostorom, otkriva spektakularan, veli\u010danstven krajolik. Staza koja vodi do vidikovca idealna je za jutarnji ili popodnevni izlet. Kada s drvene ograde ili male sjenice pogledate nadesno, vidjet \u0107ete otok Visovac, biser hrvatske prirodne i kulturne ba\u0161tine, smje\u0161ten usred Visova\u010dkog jezera, pitomog pro\u0161irenja rijeke izme\u0111u dvaju slapova, Ro\u0161kog slapa i Skradinskog buka. A ako pogledate nalijevo, vidjet \u0107ete, usje\u010den u okomite, sure stijene kanjona rijeke Krke, tjesnac Me\u0111u gredama, 500 m dug prolaz od Visova\u010dkog jezera do Ro\u0161kog slapa.<\/p>\n<p>Visova\u010dko jezero nastalo je izdizanjem sedrene barijere Skradinskog buka, udaljenog od kanjona Me\u0111u gredama oko 11 km, maksimalne dubine do 27 m. Na naj\u0161irem dijelu jezera smje\u0161ten je otok Visovac. Na sjevernoj obali nalazi se zaravan Polje, s kultiviranim poljoprivrednim povr\u0161inama, na koju se na blago polo\u017eenoj uzvisini naslanja maslinik Bili brig. Na ostalim obroncima oko jezera razvijena je niska vegetacija, u kojoj odska\u010du \u0161uma hrasta medunca na Stinicama na isto\u010dnoj i \u0161uma hrasta crnike u Ma\u010dkovici na zapadnoj obali jezera.<\/p>\n<\/div>\n<\/div>\n","protected":false},"excerpt":{"rendered":"<p>Malim mjestima do velikih djela prirode<\/p>\n","protected":false},"author":1,"featured_media":1385,"parent":1355,"menu_order":8,"comment_status":"closed","ping_status":"closed","template":"page-bike.php","meta":{"footnotes":""},"class_list":["post-1380","page","type-page","status-publish","has-post-thumbnail","hentry"],"_links":{"self":[{"href":"https:\/\/npkrka.hr\/hr\/wp-json\/wp\/v2\/pages\/1380","targetHints":{"allow":["GET"]}}],"collection":[{"href":"https:\/\/npkrka.hr\/hr\/wp-json\/wp\/v2\/pages"}],"about":[{"href":"https:\/\/npkrka.hr\/hr\/wp-json\/wp\/v2\/types\/page"}],"author":[{"embeddable":true,"href":"https:\/\/npkrka.hr\/hr\/wp-json\/wp\/v2\/users\/1"}],"replies":[{"embeddable":true,"href":"https:\/\/npkrka.hr\/hr\/wp-json\/wp\/v2\/comments?post=1380"}],"version-history":[{"count":0,"href":"https:\/\/npkrka.hr\/hr\/wp-json\/wp\/v2\/pages\/1380\/revisions"}],"up":[{"embeddable":true,"href":"https:\/\/npkrka.hr\/hr\/wp-json\/wp\/v2\/pages\/1355"}],"wp:featuredmedia":[{"embeddable":true,"href":"https:\/\/npkrka.hr\/hr\/wp-json\/wp\/v2\/media\/1385"}],"wp:attachment":[{"href":"https:\/\/npkrka.hr\/hr\/wp-json\/wp\/v2\/media?parent=1380"}],"curies":[{"name":"wp","href":"https:\/\/api.w.org\/{rel}","templated":true}]}}