{"id":12957,"date":"2025-11-06T07:14:27","date_gmt":"2025-11-06T06:14:27","guid":{"rendered":"https:\/\/www.npkrka.hr\/?page_id=12957"},"modified":"2026-03-20T11:36:12","modified_gmt":"2026-03-20T10:36:12","slug":"refresh-fish-life","status":"publish","type":"page","link":"https:\/\/npkrka.hr\/hr\/o-nama\/projekti\/refresh-fish-life\/","title":{"rendered":"Projekt ReFresh Fish LIFE"},"content":{"rendered":"<p><strong>Naziv projekta<\/strong>:\u00a0<strong>Pobolj\u0161anje stanja o\u010duvanosti ugro\u017eenih slatkovodnih ribljih vrsta koje su ugro\u017eene ili u nepovoljnom do lo\u0161em stanju o\u010duvanosti u \u0160ibensko-kninskoj i Splitsko-dalmatinskoj \u017eupaniji<\/strong><\/p>\n<p><strong>LIFE24-NAT-HR-Refresh-Fish-LIFE\/101216203<\/strong><\/p>\n<p><strong>Trajanje projekta<\/strong>: 60 mjeseci (od 1. rujna 2025. do 31. kolovoza 2030.)<\/p>\n<p><strong>Ukupna vrijednost projekta<\/strong>: 4.048.272,24 EUR<\/p>\n<p><strong>EU sufinaciranje<\/strong>: 75 %<\/p>\n<p><strong>Koordinator<\/strong>:\u00a0Javna ustanova \u201eNacionalni park Krka\u201c<\/p>\n<p><strong>Partneri<\/strong>:<\/p>\n<ul>\n<li>Javna ustanova za upravljanje za\u0161ti\u0107enim dijelovima prirode na podru\u010dju Splitsko-dalmatinske \u017eupanije More i kr\u0161<\/li>\n<li>Javna ustanova Priroda \u0160ibensko-kninske \u017eupanije<\/li>\n<li>Prirodoslovno matemati\u010dki fakultet Sveu\u010dili\u0161ta u Zagrebu (PMF)<\/li>\n<li>Ministarstvo za\u0161tite okoli\u0161a i zelene tranzicije \u2013 Zavod za za\u0161titu okoli\u0161a i prirode<\/li>\n<\/ul>\n<p><strong>Pridru\u017eeni partneri<\/strong>:<\/p>\n<ul>\n<li>\u0160portsko ribolovno dru\u0161tvo \u201eKrka\u201c Knin<\/li>\n<li>Hrvatske vode<\/li>\n<\/ul>\n<p><strong>Opis projekta<\/strong>:<\/p>\n<p>Projekt ReFresh Fish LIFE bavi se klju\u010dnim izazovima koji prijete o\u010duvanju pet endemskih i ugro\u017eenih vrsta slatkovodnih riba u \u0160ibensko-kninskoj i Splitsko-dalmatinskoj \u017eupaniji. Te vrste \u2013 visova\u010dki glavo\u010di\u0107 (<em>Knipowitschia mrakovcici)<\/em>,\u00a0dalmatinska gaovica (<em>Phoxinellus dalmaticus<\/em>), o\u0161trulja (<em>Aulopyge huegelii<\/em>), turski klen (<em>Telestes turskyi<\/em>) i pijurica (<em>Phoxinellus alepidotus<\/em>) \u2013 navedene su kao ugro\u017eene ili kriti\u010dno ugro\u017eene na IUCN-ovu Crvenom popisu te su ocijenjene kao one s nepovoljnim statusom o\u010duvanosti (U1 ili U2) na biogeografskoj razini EU-a.<\/p>\n<p>Svih pet vrsta ograni\u010deno je na nekoliko rije\u010dnih sustava i suo\u010davaju se s intenzivnim pritiscima zbog alohtonih i invazivnih alohtonih vrsta (IAS), zaga\u0111enja, hidrolo\u0161kih promjena, fragmentacije stani\u0161ta i nedostatka znanja o njihovim ekolo\u0161kim potrebama. Projekt se provodi unutar \u010detiriju klju\u010dnih podru\u010dja Natura 2000: \u0160ireg podru\u010dja NP \u201eKrka\u201c (HR2000918), \u010cikole (HR2000919), Vrbe (HR2001266) i Srednjeg toka Cetine s Hrvata\u010dkim i Sinjskim poljem (HR2001313). Zajedno, ta su podru\u010dja dom 100 % globalnih populacija triju ciljanih vrsta i velikog dijela ostalih dviju. Projekt \u0107e se izravno uhvatiti u ko\u0161tac s degradacijom tih slatkovodnih ekosustava i gubitkom izvorne bioraznolikosti kroz sveobuhvatni skup mjera o\u010duvanja.<\/p>\n<p><strong>Ciljevi projekta<\/strong>:<\/p>\n<ol>\n<li>Pobolj\u0161ati status o\u010duvanja ugro\u017eenih i kriti\u010dno ugro\u017eenih vrsta slatkovodnih riba kontrolom stranih i invazivnih stranih vrsta riba na \u010detirima Natura 2000 podru\u010djima<\/li>\n<li>Obnoviti degradirana stani\u0161ta, uklju\u010duju\u0107i priobalnu vegetaciju, potopljene ekosustave i prirodne uvjete toka, uz istovremeno pobolj\u0161avanje ekolo\u0161ke baze znanja kako bi se podr\u017eala za\u0161tita temeljena na dokazima<\/li>\n<li>Sprije\u010diti uno\u0161enje i \u0161irenje stranih invazivnih vrsta specifi\u010dnim mjerama (npr. elektrobarijerama) i anga\u017emanom dionika<\/li>\n<li>Izgraditi institucionalne kapacitete i oja\u010dati dugoro\u010dno upravljanje podru\u010djima Natura 2000 opremanjem lokalnih javnih institucija i \u010duvara prirode alatima, obukom i dono\u0161enjem smjernica<\/li>\n<li>Uspostaviti sveobuhvatno pra\u0107enje ekolo\u0161kih i socio-ekonomskih utjecaja kako bi se procijenila u\u010dinkovitost akcija, osiguravaju\u0107i prilagodljivo upravljanje projektima<\/li>\n<li>Poticati svijest i anga\u017eman kod rekreacijskih ribara, poljoprivrednika, \u0161kolske djece i \u0161ire javnosti, izgra\u0111uju\u0107i zajedni\u010dko razumijevanje bioraznolikosti slatke vode i prijetnji koje predstavljaju strane i invazivne strane vrste.<\/li>\n<\/ol>\n<p><strong>O\u010dekivani rezultati<\/strong>:<\/p>\n<ol>\n<li>Uklanjanje stranih i invazivnih stranih vrsta riba putem selektivnog elektroribolova i ribolovnih kampanja predvo\u0111enih dionicima, uz znatno smanjenje njihove biomase u kriti\u010dnim stani\u0161tima<\/li>\n<li>Postavljanje elektri\u010dnih barijera na klju\u010dnim rutama invazije kako bi se blokiralo daljnje \u0161irenje stranih invazivnih vrsta u osjetljive zone<\/li>\n<li>Obnova priobalne vegetacije i prikupljanje podvodnog otpada radi rehabilitacije klju\u010dnih podru\u010dja za mrije\u0161\u0107enje i uto\u010di\u0161te<\/li>\n<li>Osna\u017eene \u2013 kroz obuku, vozila, brodove i nadzorne sustave \u2013 javne institucije koje upravljaju podru\u010djima Natura 2000 kako bi se osigurala kontinuirana za\u0161tita podru\u010dja<\/li>\n<li>Ve\u0107e znanje i razvijeni alati za informiranje o dugoro\u010dnim planovima upravljanja podru\u010djima i nacionalnim politikama o\u010duvanja bioraznolikosti<\/li>\n<li>Komunikacijski materijali, \u0161kolske radionice, terenske demonstracije i kampanje koje dopiru do \u0161iroke publike radi poticanja promjene pona\u0161anja ljudi.<\/li>\n<\/ol>\n<p>&nbsp;<\/p>\n<p><a href=\"https:\/\/www.haop.hr\/hr\/tematska-podrucja\/prirodne-vrijednosti-stanje-i-ocuvanje\/projekti\/refresh-fish-life-poboljsanje\">ReFresh Fish LIFE<\/a><\/p>\n<p>&nbsp;<\/p>\n","protected":false},"excerpt":{"rendered":"<p>Naziv projekta:\u00a0Pobolj\u0161anje stanja o\u010duvanosti ugro\u017eenih slatkovodnih ribljih vrsta koje su ugro\u017eene ili u nepovoljnom do lo\u0161em stanju o\u010duvanosti u \u0160ibensko-kninskoj i Splitsko-dalmatinskoj \u017eupaniji LIFE24-&#8230;<\/p>\n","protected":false},"author":2,"featured_media":12958,"parent":53,"menu_order":2,"comment_status":"closed","ping_status":"closed","template":"page-5.php","meta":{"footnotes":""},"class_list":["post-12957","page","type-page","status-publish","has-post-thumbnail","hentry"],"_links":{"self":[{"href":"https:\/\/npkrka.hr\/hr\/wp-json\/wp\/v2\/pages\/12957","targetHints":{"allow":["GET"]}}],"collection":[{"href":"https:\/\/npkrka.hr\/hr\/wp-json\/wp\/v2\/pages"}],"about":[{"href":"https:\/\/npkrka.hr\/hr\/wp-json\/wp\/v2\/types\/page"}],"author":[{"embeddable":true,"href":"https:\/\/npkrka.hr\/hr\/wp-json\/wp\/v2\/users\/2"}],"replies":[{"embeddable":true,"href":"https:\/\/npkrka.hr\/hr\/wp-json\/wp\/v2\/comments?post=12957"}],"version-history":[{"count":3,"href":"https:\/\/npkrka.hr\/hr\/wp-json\/wp\/v2\/pages\/12957\/revisions"}],"predecessor-version":[{"id":14802,"href":"https:\/\/npkrka.hr\/hr\/wp-json\/wp\/v2\/pages\/12957\/revisions\/14802"}],"up":[{"embeddable":true,"href":"https:\/\/npkrka.hr\/hr\/wp-json\/wp\/v2\/pages\/53"}],"wp:featuredmedia":[{"embeddable":true,"href":"https:\/\/npkrka.hr\/hr\/wp-json\/wp\/v2\/media\/12958"}],"wp:attachment":[{"href":"https:\/\/npkrka.hr\/hr\/wp-json\/wp\/v2\/media?parent=12957"}],"curies":[{"name":"wp","href":"https:\/\/api.w.org\/{rel}","templated":true}]}}