{"id":12835,"date":"2025-10-21T07:17:24","date_gmt":"2025-10-21T05:17:24","guid":{"rendered":"https:\/\/www.npkrka.hr\/?page_id=12835"},"modified":"2026-03-19T13:28:50","modified_gmt":"2026-03-19T12:28:50","slug":"mosaic-of-life","status":"publish","type":"page","link":"https:\/\/npkrka.hr\/hr\/o-nama\/projekti\/mosaic-of-life\/","title":{"rendered":"Projekt Mosaic of LIFE"},"content":{"rendered":"<p><img fetchpriority=\"high\" decoding=\"async\" class=\"alignnone size-medium wp-image-14621\" src=\"https:\/\/npkrka.hr\/wp-content\/uploads\/Mosaic-of-LIFE-1-300x200.png\" alt=\"\" width=\"300\" height=\"200\" srcset=\"https:\/\/npkrka.hr\/wp-content\/uploads\/Mosaic-of-LIFE-1-300x200.png 300w, https:\/\/npkrka.hr\/wp-content\/uploads\/Mosaic-of-LIFE-1-1024x683.png 1024w, https:\/\/npkrka.hr\/wp-content\/uploads\/Mosaic-of-LIFE-1-768x512.png 768w, https:\/\/npkrka.hr\/wp-content\/uploads\/Mosaic-of-LIFE-1-18x12.png 18w, https:\/\/npkrka.hr\/wp-content\/uploads\/Mosaic-of-LIFE-1.png 1200w\" sizes=\"(max-width: 300px) 100vw, 300px\" \/><\/p>\n<p>&nbsp;<\/p>\n<p><strong>Puni naziv projekta:<\/strong><\/p>\n<p>Mosaic of LIFE \u2013 Obnova stani\u0161ta, pobolj\u0161anje statusa za\u0161tite travnja\u010dkih ptica i promicanje rje\u0161enja temeljenih na prirodi kroz otporni mozaik mediteranskog krajolika<\/p>\n<p><strong>LIFE24-NAT-HR-Mosaic-of-LIFE\/101202651<\/strong><\/p>\n<p><strong>Trajanje: <\/strong><\/p>\n<p>1. 9. 2025. \u2013 31. 8. 2030.<\/p>\n<p><strong>Ukupna vrijednost:<\/strong><\/p>\n<p>4.850.315,57 \u20ac<\/p>\n<p><strong>Nositelj:<\/strong><\/p>\n<p>Udruga Biom<\/p>\n<p><strong>Partneri:<\/strong><\/p>\n<p>Ekolo\u0161ka udruga \u201eKrka\u201d Knin (\u201eKRKA\u201d KNIN)<\/p>\n<p>Sveu\u010dili\u0161te u Zagrebu Agronomski fakultet (FAZ)<\/p>\n<p>Javna ustanova \u201eNacionalni park Krka\u201c (NP \u201eKRKA\u201c)<\/p>\n<p>Vatrogasna zajednica \u017eupanije Splitsko-dalmatinske (FASDC)<\/p>\n<p><strong>Pridru\u017eeni partneri:<\/strong><\/p>\n<p>Ministarstvo za\u0161tite okoli\u0161a i zelene tranzicije \u2013 Zavod za za\u0161titu okoli\u0161a i prirode (IEN-MEPGT)<\/p>\n<p>Ministarstvo poljoprivrede, \u0161umarstva i ribarstva (MAFF)<\/p>\n<p>Javna ustanova za upravljanje za\u0161ti\u0107enim dijelovima prirode na podru\u010dju Splitsko-dalmatinske \u017eupanije \u2013 More i kr\u0161 (MKrs)<\/p>\n<p>Javna ustanova Priroda \u0160ibensko-kninske \u017eupanije (PIPSKC)<\/p>\n<p><strong>Kontakt osoba:<\/strong><\/p>\n<p>Tomislav Hudina, tomislav.hudina@biom.hr, voditelj projekta<\/p>\n<p><strong>Ciljevi projekta<\/strong><\/p>\n<ul>\n<li>Provesti aktivnosti obnove na najmanje 560 ha i pobolj\u0161ati upravljanje na dodatnih 1020 ha ciljnih Natura 2000 travnjaka koji zarastaju grmljem te zna\u010dajno pove\u0107ati broj gnijezde\u0107ih parova \u010detiriju ciljanih vrsta ptica na podru\u010dju projekta kroz \u0161irenje aktivnosti i prijenos znanja iz projekta Dinara back to LIFE u \u0161iru regiju.<\/li>\n<li>Osna\u017eiti sto\u010dare, donositelje odluka i druge dionike za o\u010duvanje ciljnih Natura 2000 travnja\u010dkih stani\u0161nih tipova i povezanih vrsta pobolj\u0161anjem ekonomske isplativosti tradicionalne ekstenzivne poljoprivrede i ja\u010danjem otpornosti gospodarstava na klimatske promjene.<\/li>\n<li>Zalagati se za o\u010duvanje mozai\u010dnog krajolika \u010dine\u0107i ga otpornijim na klimatske promjene primjenom rje\u0161enja temeljenih na prirodi i testiranjem pravnih opcija povezanih sa Zakonom o obnovi prirode i nacionalnim zakonodavstvom.<\/li>\n<li>Podi\u0107i svijest o va\u017enosti o\u010duvanja mozai\u010dnog krajolika, ciljnih Natura 2000 stani\u0161ta i s njima povezanih vrsta te promovirati tradicionalne poljoprivredne prakse i politike EU koje doprinose rje\u0161avanju postoje\u0107ih izazova.<\/li>\n<\/ul>\n<p><img decoding=\"async\" class=\"alignnone wp-image-12836\" src=\"https:\/\/www.npkrka.hr\/wp-content\/uploads\/Dizajn-bez-naslova-300x90.png\" alt=\"\" width=\"600\" height=\"180\" srcset=\"https:\/\/npkrka.hr\/wp-content\/uploads\/Dizajn-bez-naslova-300x90.png 300w, https:\/\/npkrka.hr\/wp-content\/uploads\/Dizajn-bez-naslova-1024x309.png 1024w, https:\/\/npkrka.hr\/wp-content\/uploads\/Dizajn-bez-naslova-768x232.png 768w, https:\/\/npkrka.hr\/wp-content\/uploads\/Dizajn-bez-naslova-1536x463.png 1536w, https:\/\/npkrka.hr\/wp-content\/uploads\/Dizajn-bez-naslova.png 2000w\" sizes=\"(max-width: 600px) 100vw, 600px\" \/><\/p>\n<p><em>Projekt \u201eMosaic of LIFE\u201d je sufinanciran sredstvima LIFE Programa Europske unije, Ureda za udruge Vlade Republike Hrvatske i Fonda za za\u0161titu okoli\u0161a i energetsku u\u010dinkovitost.<\/em><\/p>\n<p><a href=\"https:\/\/www.npkrka.hr\/wp-content\/uploads\/INFO_Mosaic-of-LIFE.pdf\">INFO_Mosaic of LIFE<\/a><\/p>\n<p><a href=\"https:\/\/www.biom.hr\/projekti\/mosaic-of-life\/\">Mosaic of LIFE<\/a><\/p>\n","protected":false},"excerpt":{"rendered":"<p>Puni naziv projekta: Mosaic of LIFE \u2013 Habitat restoration, grassland birds conservation status improvement and promotion of nature based solutions through resilient mosaic Mediterranean landscape LIFE24-NAT-HR-Mosaic-of&#8230;<\/p>\n","protected":false},"author":2,"featured_media":14621,"parent":53,"menu_order":3,"comment_status":"closed","ping_status":"closed","template":"page-5.php","meta":{"footnotes":""},"class_list":["post-12835","page","type-page","status-publish","has-post-thumbnail","hentry"],"_links":{"self":[{"href":"https:\/\/npkrka.hr\/hr\/wp-json\/wp\/v2\/pages\/12835","targetHints":{"allow":["GET"]}}],"collection":[{"href":"https:\/\/npkrka.hr\/hr\/wp-json\/wp\/v2\/pages"}],"about":[{"href":"https:\/\/npkrka.hr\/hr\/wp-json\/wp\/v2\/types\/page"}],"author":[{"embeddable":true,"href":"https:\/\/npkrka.hr\/hr\/wp-json\/wp\/v2\/users\/2"}],"replies":[{"embeddable":true,"href":"https:\/\/npkrka.hr\/hr\/wp-json\/wp\/v2\/comments?post=12835"}],"version-history":[{"count":3,"href":"https:\/\/npkrka.hr\/hr\/wp-json\/wp\/v2\/pages\/12835\/revisions"}],"predecessor-version":[{"id":14876,"href":"https:\/\/npkrka.hr\/hr\/wp-json\/wp\/v2\/pages\/12835\/revisions\/14876"}],"up":[{"embeddable":true,"href":"https:\/\/npkrka.hr\/hr\/wp-json\/wp\/v2\/pages\/53"}],"wp:featuredmedia":[{"embeddable":true,"href":"https:\/\/npkrka.hr\/hr\/wp-json\/wp\/v2\/media\/14621"}],"wp:attachment":[{"href":"https:\/\/npkrka.hr\/hr\/wp-json\/wp\/v2\/media?parent=12835"}],"curies":[{"name":"wp","href":"https:\/\/api.w.org\/{rel}","templated":true}]}}