{"id":1260,"date":"2022-07-12T12:02:36","date_gmt":"2022-07-12T10:02:36","guid":{"rendered":"https:\/\/www.npkrka.hr\/?page_id=1260"},"modified":"2023-10-11T08:56:07","modified_gmt":"2023-10-11T06:56:07","slug":"krka-bike-road-3","status":"publish","type":"page","link":"https:\/\/npkrka.hr\/hr\/posjeti\/krka-bike\/cestovni-biciklizam\/krka-bike-road-3\/","title":{"rendered":"Krka Bike Road 3"},"content":{"rendered":"<p>Ruta po\u010dinje u centru za posjetitelje NP \u201eKrka\u201c u La\u0161kovici, prolazi kroz Kistanje i pored Burnuma, a na povratku prelazi rijeku Krku preko slapa Brljan i vodi kroz mjesto Oklaj.<\/p>\n<p>Na kraju se jo\u0161 jednom spu\u0161ta u kanjon Krke, prolazi preko Ro\u0161kog slapa, i vra\u0107a u centar za posjetitelje NP \u201eKrka&#8221; u La\u0161kovici.<\/p>\n<div class=\"fotorama rounded-lg  shadow lblue-bg mt-5   \" data-width=\"100%\" data-ratio=\"16\/10\"  data-nav=\"thumbs\" data-autoplay=\"true\" data-arrows=\"true\" data-transition=\"crossfade\"><div data-video=\"https:\/\/www.youtube.com\/watch?v=khnca8vKDbA\"> <\/div><img decoding=\"async\" src=\"https:\/\/npkrka.hr\/wp-content\/uploads\/Np-Krka-Cikloturizam-0033.jpg\" width=\"100%\" \/><img decoding=\"async\" src=\"https:\/\/npkrka.hr\/wp-content\/uploads\/amfiteatarburnum-2.jpg\" width=\"100%\" \/><img decoding=\"async\" src=\"https:\/\/npkrka.hr\/wp-content\/uploads\/Np-Krka-Cikloturizam-0029.jpg\" width=\"100%\" \/><img decoding=\"async\" src=\"https:\/\/npkrka.hr\/wp-content\/uploads\/foto-084_preview.jpeg\" width=\"100%\" \/><img decoding=\"async\" src=\"https:\/\/npkrka.hr\/wp-content\/uploads\/Np-Krka-Cikloturizam-0077.jpg\" width=\"100%\" \/><\/div><p>&nbsp;<\/p>\n","protected":false},"excerpt":{"rendered":"<p>Ruta po\u010dinje u centru za posjetitelje NP \u201eKrka\u201c u La\u0161kovici, prolazi kroz Kistanje i pored Burnuma, a na povratku prelazi rijeku Krku preko slapa Brljan i vodi kroz mjesto Oklaj.Na kraju se jo\u0161 jednom spu\u0161ta u kanjon Krke, prolazi preko Ro\u0161&#8230;<\/p>\n","protected":false},"author":1,"featured_media":8733,"parent":1235,"menu_order":2,"comment_status":"closed","ping_status":"closed","template":"page-bike.php","meta":{"footnotes":""},"class_list":["post-1260","page","type-page","status-publish","has-post-thumbnail","hentry"],"_links":{"self":[{"href":"https:\/\/npkrka.hr\/hr\/wp-json\/wp\/v2\/pages\/1260","targetHints":{"allow":["GET"]}}],"collection":[{"href":"https:\/\/npkrka.hr\/hr\/wp-json\/wp\/v2\/pages"}],"about":[{"href":"https:\/\/npkrka.hr\/hr\/wp-json\/wp\/v2\/types\/page"}],"author":[{"embeddable":true,"href":"https:\/\/npkrka.hr\/hr\/wp-json\/wp\/v2\/users\/1"}],"replies":[{"embeddable":true,"href":"https:\/\/npkrka.hr\/hr\/wp-json\/wp\/v2\/comments?post=1260"}],"version-history":[{"count":0,"href":"https:\/\/npkrka.hr\/hr\/wp-json\/wp\/v2\/pages\/1260\/revisions"}],"up":[{"embeddable":true,"href":"https:\/\/npkrka.hr\/hr\/wp-json\/wp\/v2\/pages\/1235"}],"wp:featuredmedia":[{"embeddable":true,"href":"https:\/\/npkrka.hr\/hr\/wp-json\/wp\/v2\/media\/8733"}],"wp:attachment":[{"href":"https:\/\/npkrka.hr\/hr\/wp-json\/wp\/v2\/media?parent=1260"}],"curies":[{"name":"wp","href":"https:\/\/api.w.org\/{rel}","templated":true}]}}