{"id":12402,"date":"2025-08-14T10:59:02","date_gmt":"2025-08-14T08:59:02","guid":{"rendered":"https:\/\/www.npkrka.hr\/?page_id=12402"},"modified":"2026-02-27T13:34:41","modified_gmt":"2026-02-27T12:34:41","slug":"projekt-life-contra-ailanthus","status":"publish","type":"page","link":"https:\/\/npkrka.hr\/hr\/o-nama\/projekti\/projekt-life-contra-ailanthus\/","title":{"rendered":"Projekt LIFE CONTRA Ailanthus"},"content":{"rendered":"<p><strong><img decoding=\"async\" src=\"https:\/\/www.npkrka.hr\/wp-content\/uploads\/life-abainst-ailanthus-logo.png\" \/><\/strong><\/p>\n<p>Javna ustanova \u201eNacionalni park Krka\u201c partner je na projektu \u201eLIFE CONTRA Ailanthus\u201c, financiranim kroz Program LIFE.<\/p>\n<p>Ministarstvo gospodarstva i odr\u017eivog razvoja potpisalo je ugovor s Europskom komisijom za projekt \u201eLIFE CONTRA Ailanthus\u201c, kojim se planira uspostavljanje kontrole nad invazivnim stablom pajasenom. Ukupna vrijednost projekta je 19,4 milijuna kuna, od \u010dega 60 % sufinancira Europska unija.<\/p>\n<p>Projekt se financira kroz Program LIFE, instrument Europske unije namijenjen financiranju aktivnosti na podru\u010dju za\u0161tite okoli\u0161a, prirode i klime. Projekt provodi Zavod za za\u0161titu okoli\u0161a i prirode Ministarstva gospodarstva i odr\u017eivog razvoja u suradnji s projektnim partnerima: Javnom ustanovom \u201eNacionalni park Krka\u201d, Javnom ustanovom za upravljanje za\u0161ti\u0107enim dijelovima prirode Dubrova\u010dko-neretvanske \u017eupanije i Vrtlarom d.o.o. Predvi\u0111eno je da projektne aktivnosti traju \u010detiri i pol godine.<\/p>\n<p>Pajasen (<em>Ailanthus altissima<\/em>\u00a0(Mill.) Swingle) stablo je porijeklom iz isto\u010dne Azije, koje se od 18. stolje\u0107a sadilo diljem svijeta za potrebe hortikulture, a danas se smatra jednom od najinvazivnijih biljnih vrsta u Europi. Pajasen istiskuje zavi\u010dajnu vegetaciju i smanjuje bioraznolikost, \u0161tetnik je u poljoprivredi, izaziva alergiju kod ljudi te uni\u0161tava spomenike kulturne ba\u0161tine i druge gra\u0111evine izuzetno jakim korijenovim sustavom. Vrsta se zbog negativnih utjecaja na bioraznolikost, gospodarstvo i zdravlje ljudi nalazi i na popisu invazivnih stranih vrsta koje izazivaju zabrinutost u Europskoj uniji. U Hrvatskoj je pajasen \u0161iroko rasprostranjen, a posebno ugro\u017eava za\u0161ti\u0107ena stani\u0161ta i vrste u mediteranskoj regiji.<\/p>\n<p>Projektom je planirano uspostavljanje kontrole nad invazivnim stablom pajasenom u mediteranskoj regiji Hrvatske: u dvama podru\u010djima ekolo\u0161ke mre\u017ee Republike Hrvatske (HR2000918 \u0160ire podru\u010dje NP \u201eKrka\u201c i HR2001364 JI dio Pelje\u0161ca) i u gradovima s povijesnom jezgrom (Stonu, Malom Stonu i Dubrovniku).<\/p>\n<p>O\u010dekivani glavni rezultati projekta \u201eLIFE CONTRA Ailanthus\u201c jesu pobolj\u0161anje statusa o\u010duvanja Natura 2000 stani\u0161nih tipova, o\u010duvanje kulturne ba\u0161tine, sprje\u010davanje daljnjeg \u0161irenja invazivne strane vrste i razvoj nacionalnog protokola. Dodatni ciljevi jesu pobolj\u0161anje kapaciteta za upravljanje invazivnim vrstama i podizanje, na nacionalnoj razini, svijesti javnosti o negativnom utjecaju invazivnih vrsta.<\/p>\n","protected":false},"excerpt":{"rendered":"<p>Javna ustanova \u201eNacionalni park Krka\u201c partner je na projektu \u201eLIFE CONTRA Ailanthus\u201c, financiranim kroz Program LIFE.<\/p>\n","protected":false},"author":3,"featured_media":2762,"parent":53,"menu_order":5,"comment_status":"closed","ping_status":"closed","template":"page-8.php","meta":{"footnotes":""},"class_list":["post-12402","page","type-page","status-publish","has-post-thumbnail","hentry"],"_links":{"self":[{"href":"https:\/\/npkrka.hr\/hr\/wp-json\/wp\/v2\/pages\/12402","targetHints":{"allow":["GET"]}}],"collection":[{"href":"https:\/\/npkrka.hr\/hr\/wp-json\/wp\/v2\/pages"}],"about":[{"href":"https:\/\/npkrka.hr\/hr\/wp-json\/wp\/v2\/types\/page"}],"author":[{"embeddable":true,"href":"https:\/\/npkrka.hr\/hr\/wp-json\/wp\/v2\/users\/3"}],"replies":[{"embeddable":true,"href":"https:\/\/npkrka.hr\/hr\/wp-json\/wp\/v2\/comments?post=12402"}],"version-history":[{"count":1,"href":"https:\/\/npkrka.hr\/hr\/wp-json\/wp\/v2\/pages\/12402\/revisions"}],"predecessor-version":[{"id":14689,"href":"https:\/\/npkrka.hr\/hr\/wp-json\/wp\/v2\/pages\/12402\/revisions\/14689"}],"up":[{"embeddable":true,"href":"https:\/\/npkrka.hr\/hr\/wp-json\/wp\/v2\/pages\/53"}],"wp:featuredmedia":[{"embeddable":true,"href":"https:\/\/npkrka.hr\/hr\/wp-json\/wp\/v2\/media\/2762"}],"wp:attachment":[{"href":"https:\/\/npkrka.hr\/hr\/wp-json\/wp\/v2\/media?parent=12402"}],"curies":[{"name":"wp","href":"https:\/\/api.w.org\/{rel}","templated":true}]}}