{"id":1239,"date":"2022-07-12T11:52:09","date_gmt":"2022-07-12T09:52:09","guid":{"rendered":"https:\/\/www.npkrka.hr\/?page_id=1239"},"modified":"2023-10-11T08:44:50","modified_gmt":"2023-10-11T06:44:50","slug":"krka-bike-road-1","status":"publish","type":"page","link":"https:\/\/npkrka.hr\/hr\/posjeti\/krka-bike\/cestovni-biciklizam\/krka-bike-road-1\/","title":{"rendered":"Krka Bike Road 1"},"content":{"rendered":"<p>Ruta kre\u0107e iz ispostave JU \u201eNP Krka\u201d u Skradinu, prolazi preko rijeke Krke, te se penje na plato iznad Skradinskog buka. Nakon toga spu\u0161ta se u kanjon rijeke \u010cikole, zatim, drugi put, u kanjon rijeke Krke, te prolazi preko Ro\u0161kog slapa.<\/p>\n<p>Na povratku prema Skradinu ruta prolazi kroz mjesta La\u0161kovica, Rupe i Dubravice.<\/p>\n<div class=\"fotorama rounded-lg  shadow lblue-bg mt-5   \" data-width=\"100%\" data-ratio=\"16\/10\"  data-nav=\"thumbs\" data-autoplay=\"true\" data-arrows=\"true\" data-transition=\"crossfade\"><div data-video=\"https:\/\/www.youtube.com\/watch?v=P331zT8X-xU\"> <\/div><img decoding=\"async\" src=\"https:\/\/npkrka.hr\/wp-content\/uploads\/rsizbrod23152110.jpg\" width=\"100%\" \/><img decoding=\"async\" src=\"https:\/\/npkrka.hr\/wp-content\/uploads\/Np-Krka-Cikloturizam-0067.jpg\" width=\"100%\" \/><img decoding=\"async\" src=\"https:\/\/npkrka.hr\/wp-content\/uploads\/roski-slap-most-road.jpg\" width=\"100%\" \/><img decoding=\"async\" src=\"https:\/\/npkrka.hr\/wp-content\/uploads\/Np-Krka-Cikloturizam-0059-2.jpg\" width=\"100%\" \/><\/div><p>&nbsp;<\/p>\n","protected":false},"excerpt":{"rendered":"<p>Ruta kre\u0107e iz ispostave JU \u201eNP Krka\u201d u Skradinu, prolazi preko rijeke Krke, te se penje na plato iznad Skradinskog buka.<\/p>\n","protected":false},"author":1,"featured_media":8722,"parent":1235,"menu_order":0,"comment_status":"closed","ping_status":"closed","template":"page-bike.php","meta":{"footnotes":""},"class_list":["post-1239","page","type-page","status-publish","has-post-thumbnail","hentry"],"_links":{"self":[{"href":"https:\/\/npkrka.hr\/hr\/wp-json\/wp\/v2\/pages\/1239","targetHints":{"allow":["GET"]}}],"collection":[{"href":"https:\/\/npkrka.hr\/hr\/wp-json\/wp\/v2\/pages"}],"about":[{"href":"https:\/\/npkrka.hr\/hr\/wp-json\/wp\/v2\/types\/page"}],"author":[{"embeddable":true,"href":"https:\/\/npkrka.hr\/hr\/wp-json\/wp\/v2\/users\/1"}],"replies":[{"embeddable":true,"href":"https:\/\/npkrka.hr\/hr\/wp-json\/wp\/v2\/comments?post=1239"}],"version-history":[{"count":0,"href":"https:\/\/npkrka.hr\/hr\/wp-json\/wp\/v2\/pages\/1239\/revisions"}],"up":[{"embeddable":true,"href":"https:\/\/npkrka.hr\/hr\/wp-json\/wp\/v2\/pages\/1235"}],"wp:featuredmedia":[{"embeddable":true,"href":"https:\/\/npkrka.hr\/hr\/wp-json\/wp\/v2\/media\/8722"}],"wp:attachment":[{"href":"https:\/\/npkrka.hr\/hr\/wp-json\/wp\/v2\/media?parent=1239"}],"curies":[{"name":"wp","href":"https:\/\/api.w.org\/{rel}","templated":true}]}}