{"id":1213,"date":"2022-07-12T11:25:03","date_gmt":"2022-07-12T09:25:03","guid":{"rendered":"https:\/\/www.npkrka.hr\/?page_id=1213"},"modified":"2023-10-11T09:23:31","modified_gmt":"2023-10-11T07:23:31","slug":"krka-bike-trek-5","status":"publish","type":"page","link":"https:\/\/npkrka.hr\/hr\/posjeti\/krka-bike\/trekking\/krka-bike-trek-5\/","title":{"rendered":"Krka Bike Trek 5"},"content":{"rendered":"<p>Ruta kre\u0107e iz centra za posjetitelje NP \u201eKrka\u201d u La\u0161kovici, te po makadamskim i zemljanim putovima obilazi vidikovce Rogovo i Dra\u010devica, s kojih se pru\u017ea pogled na kanjon rijeke Krke i Ro\u0161ki slap.\u00a0 Iz Dra\u010device se zatim vra\u0107a u centar za posjetitelje.<\/p>\n<div class=\"fotorama rounded-lg  shadow lblue-bg mt-5   \" data-width=\"100%\" data-ratio=\"16\/10\"  data-nav=\"thumbs\" data-autoplay=\"true\" data-arrows=\"true\" data-transition=\"crossfade\"><div data-video=\"https:\/\/www.youtube.com\/watch?v=QzKDJh9VM3E\"> <\/div><img decoding=\"async\" src=\"https:\/\/npkrka.hr\/wp-content\/uploads\/Np-Krka-Cikloturizam-0103-1.jpg\" width=\"100%\" \/><img decoding=\"async\" src=\"https:\/\/npkrka.hr\/wp-content\/uploads\/vidikovacrogovo08jpg-1.jpg\" width=\"100%\" \/><img decoding=\"async\" src=\"https:\/\/npkrka.hr\/wp-content\/uploads\/vidikovacrogovo04jpg-1.jpg\" width=\"100%\" \/><img decoding=\"async\" src=\"https:\/\/npkrka.hr\/wp-content\/uploads\/Np-Krka-Cikloturizam-0078.jpg\" width=\"100%\" \/><img decoding=\"async\" src=\"https:\/\/npkrka.hr\/wp-content\/uploads\/9.-staza-Rogovo-3.jpg\" width=\"100%\" \/><\/div><p>&nbsp;<\/p>\n","protected":false},"excerpt":{"rendered":"<p>Ruta kre\u0107e iz centra za posjetitelje NP \u201eKrka\u201d u La\u0161kovici, te po makadamskim i zemljanim putovima obilazi vidikovce Rogovo i Dra\u010devica, s kojih se pru\u017ea pogled na kanjon rijeke Krke i Ro\u0161ki slap.\u00a0<\/p>\n","protected":false},"author":1,"featured_media":8758,"parent":1160,"menu_order":4,"comment_status":"closed","ping_status":"closed","template":"page-bike.php","meta":{"footnotes":""},"class_list":["post-1213","page","type-page","status-publish","has-post-thumbnail","hentry"],"_links":{"self":[{"href":"https:\/\/npkrka.hr\/hr\/wp-json\/wp\/v2\/pages\/1213","targetHints":{"allow":["GET"]}}],"collection":[{"href":"https:\/\/npkrka.hr\/hr\/wp-json\/wp\/v2\/pages"}],"about":[{"href":"https:\/\/npkrka.hr\/hr\/wp-json\/wp\/v2\/types\/page"}],"author":[{"embeddable":true,"href":"https:\/\/npkrka.hr\/hr\/wp-json\/wp\/v2\/users\/1"}],"replies":[{"embeddable":true,"href":"https:\/\/npkrka.hr\/hr\/wp-json\/wp\/v2\/comments?post=1213"}],"version-history":[{"count":0,"href":"https:\/\/npkrka.hr\/hr\/wp-json\/wp\/v2\/pages\/1213\/revisions"}],"up":[{"embeddable":true,"href":"https:\/\/npkrka.hr\/hr\/wp-json\/wp\/v2\/pages\/1160"}],"wp:featuredmedia":[{"embeddable":true,"href":"https:\/\/npkrka.hr\/hr\/wp-json\/wp\/v2\/media\/8758"}],"wp:attachment":[{"href":"https:\/\/npkrka.hr\/hr\/wp-json\/wp\/v2\/media?parent=1213"}],"curies":[{"name":"wp","href":"https:\/\/api.w.org\/{rel}","templated":true}]}}