{"id":120,"date":"2022-06-15T09:35:14","date_gmt":"2022-06-15T07:35:14","guid":{"rendered":"https:\/\/www.npkrka.hr\/?page_id=120"},"modified":"2024-08-20T14:16:12","modified_gmt":"2024-08-20T12:16:12","slug":"pravila-parka","status":"publish","type":"page","link":"https:\/\/npkrka.hr\/hr\/informacije\/pravila-parka\/","title":{"rendered":"Pravila Parka"},"content":{"rendered":"<p><strong>Molimo vas da se pridr\u017eavate pisanih uputa i upozorenja slu\u017ebenih osoba u obostranom interesu.<\/strong><\/p>\r\n<p>U Nacionalnom parku \u201eKrka\u201c posjetiteljima nije dopu\u0161teno kupanje, osim na posebno ozna\u010denim i za to predvi\u0111enim mjestima.\u00a0<\/p>\r\n<p>Zabranjeno je ronjenje i lov ribe podvodnom pu\u0161kom, rekreacijski ribolov, lov, hvatanje, rastjerivanje ili uznemiravanje divlja\u010di ili drugih \u017eivotinjskih vrsta, branje i o\u0161te\u0107ivanje autohtonog bilja, razbijanje i o\u0161te\u0107ivanje sedre, snimanje za komercijalne svrhe bez odobrenja, prometovanje motornim vozilima bez odobrenja cestama na kojima je promet zabranjen ili ograni\u010den, kampiranje i lo\u017eenje vatre izvan ozna\u010denih mjesta, odlaganje sme\u0107a i one\u010di\u0161\u0107avanje izvora i vodotoka te kretanje po sedrenim barijerama izvan dopu\u0161tenih staza i vo\u0111enje pasa bez povodca (Napomena: Psima je dopu\u0161ten ulaz u Park u pratnji vlasnika i tijekom boravka cijelo vrijeme mora biti na povodcu. Nije im dopu\u0161ten ulaz na otok Visovac.\u00a0<\/p>\r\n<p>Zabranjeno je kretati se izvan ozna\u010denih pje\u0161a\u010dkih staza i izvan podru\u010dja predvi\u0111enog za posje\u0107ivanje na podru\u010dju strogog rezervata, posebnog rezervata i nacionalnog parka osim pri provedbi istra\u017eivanja za koje je isho\u0111eno dopu\u0161tenje (Zakon o za\u0161titi prirode, \u010clanak 139.).<\/p>\r\n<p><strong>Zabranjeno je kori\u0161tenje dronova ili drugih bespilotnih letjelica u Nacionalnom parku \u201eKrka\u201c.<\/strong><\/p>\r\n<p>\u00a0<\/p>\r\n<p>\u00a0<\/p>\r\n<p>\u00a0<\/p>\r\n","protected":false},"excerpt":{"rendered":"<p>Molimo vas da se pridr\u017eavate pisanih uputa i upozorenja slu\u017ebenih osoba u obostranom interesu.<\/p>\n","protected":false},"author":1,"featured_media":3532,"parent":142,"menu_order":0,"comment_status":"closed","ping_status":"closed","template":"","meta":{"footnotes":""},"class_list":["post-120","page","type-page","status-publish","has-post-thumbnail","hentry"],"_links":{"self":[{"href":"https:\/\/npkrka.hr\/hr\/wp-json\/wp\/v2\/pages\/120","targetHints":{"allow":["GET"]}}],"collection":[{"href":"https:\/\/npkrka.hr\/hr\/wp-json\/wp\/v2\/pages"}],"about":[{"href":"https:\/\/npkrka.hr\/hr\/wp-json\/wp\/v2\/types\/page"}],"author":[{"embeddable":true,"href":"https:\/\/npkrka.hr\/hr\/wp-json\/wp\/v2\/users\/1"}],"replies":[{"embeddable":true,"href":"https:\/\/npkrka.hr\/hr\/wp-json\/wp\/v2\/comments?post=120"}],"version-history":[{"count":0,"href":"https:\/\/npkrka.hr\/hr\/wp-json\/wp\/v2\/pages\/120\/revisions"}],"up":[{"embeddable":true,"href":"https:\/\/npkrka.hr\/hr\/wp-json\/wp\/v2\/pages\/142"}],"wp:featuredmedia":[{"embeddable":true,"href":"https:\/\/npkrka.hr\/hr\/wp-json\/wp\/v2\/media\/3532"}],"wp:attachment":[{"href":"https:\/\/npkrka.hr\/hr\/wp-json\/wp\/v2\/media?parent=120"}],"curies":[{"name":"wp","href":"https:\/\/api.w.org\/{rel}","templated":true}]}}