{"id":118,"date":"2022-06-15T09:35:03","date_gmt":"2022-06-15T07:35:03","guid":{"rendered":"https:\/\/www.npkrka.hr\/?page_id=118"},"modified":"2024-08-20T14:14:28","modified_gmt":"2024-08-20T12:14:28","slug":"suveniri","status":"publish","type":"page","link":"https:\/\/npkrka.hr\/hr\/posjeti\/suveniri\/","title":{"rendered":"Suveniri"},"content":{"rendered":"<p><b>Ponesite sa sobom dio povijesti: tradicijski suveniri<\/b><\/p>\n<p>Ne postoji bolji memento od autohtonog suvenira, jer vas ne\u0107e samo podsje\u0107ati na prekrasan odmor, nego \u0107e pri\u010dati pri\u010du i govoriti o tradiciji i povijesti mjesta s kojega dolazi. Suvenire inspirirane tradicijom mo\u017eete prona\u0107i u suvenirnicama JU \u201eNP Krka\u201c na Skradinskome buku i Ro\u0161kome slapu, u \u0160ibeniku (Trg Ivana Pavla II. br. 5) i Drni\u0161u (Ulica kardinala A. Stepinca 17).<\/p>\n","protected":false},"excerpt":{"rendered":"<p>Ponesite sa sobom dio povijesti: tradicijski suveniri<\/p>\n","protected":false},"author":1,"featured_media":3257,"parent":27,"menu_order":11,"comment_status":"closed","ping_status":"closed","template":"page-subpages.php","meta":{"footnotes":""},"class_list":["post-118","page","type-page","status-publish","has-post-thumbnail","hentry"],"_links":{"self":[{"href":"https:\/\/npkrka.hr\/hr\/wp-json\/wp\/v2\/pages\/118","targetHints":{"allow":["GET"]}}],"collection":[{"href":"https:\/\/npkrka.hr\/hr\/wp-json\/wp\/v2\/pages"}],"about":[{"href":"https:\/\/npkrka.hr\/hr\/wp-json\/wp\/v2\/types\/page"}],"author":[{"embeddable":true,"href":"https:\/\/npkrka.hr\/hr\/wp-json\/wp\/v2\/users\/1"}],"replies":[{"embeddable":true,"href":"https:\/\/npkrka.hr\/hr\/wp-json\/wp\/v2\/comments?post=118"}],"version-history":[{"count":0,"href":"https:\/\/npkrka.hr\/hr\/wp-json\/wp\/v2\/pages\/118\/revisions"}],"up":[{"embeddable":true,"href":"https:\/\/npkrka.hr\/hr\/wp-json\/wp\/v2\/pages\/27"}],"wp:featuredmedia":[{"embeddable":true,"href":"https:\/\/npkrka.hr\/hr\/wp-json\/wp\/v2\/media\/3257"}],"wp:attachment":[{"href":"https:\/\/npkrka.hr\/hr\/wp-json\/wp\/v2\/media?parent=118"}],"curies":[{"name":"wp","href":"https:\/\/api.w.org\/{rel}","templated":true}]}}