{"id":1178,"date":"2022-07-12T10:59:41","date_gmt":"2022-07-12T08:59:41","guid":{"rendered":"https:\/\/www.npkrka.hr\/?page_id=1178"},"modified":"2023-10-11T09:05:31","modified_gmt":"2023-10-11T07:05:31","slug":"krka-bike-trek-2","status":"publish","type":"page","link":"https:\/\/npkrka.hr\/hr\/posjeti\/krka-bike\/trekking\/krka-bike-trek-2\/","title":{"rendered":"Krka Bike Trek 2"},"content":{"rendered":"<p>Ruta po\u010dinje u Eko kampusu \u201eKrka\u201c u Puljanima, odakle kombinacijom asfaltnih i makadamskih cesta vodi do naselja Ne\u010dven, s koje se pru\u017ea pogled na kanjon rijeke Krke i utvrdu Tro\u0161enj. Odatle se istim putom vra\u0107a u Eko kampus \u201eKrka\u201c u Puljanima.<\/p>\n<div class=\"fotorama rounded-lg  shadow lblue-bg mt-5   \" data-width=\"100%\" data-ratio=\"16\/10\"  data-nav=\"thumbs\" data-autoplay=\"true\" data-arrows=\"true\" data-transition=\"crossfade\"><div data-video=\"https:\/\/www.youtube.com\/watch?v=9V1fwoNsN5w\"> <\/div><img decoding=\"async\" src=\"https:\/\/npkrka.hr\/wp-content\/uploads\/Eko-kampus-Krka-4.jpg\" width=\"100%\" \/><img decoding=\"async\" src=\"https:\/\/npkrka.hr\/wp-content\/uploads\/Np-Krka-Cikloturizam-0128.jpg\" width=\"100%\" \/><img decoding=\"async\" src=\"https:\/\/npkrka.hr\/wp-content\/uploads\/Trosenj-i-Necven-8-scaled.jpg\" width=\"100%\" \/><img decoding=\"async\" src=\"https:\/\/npkrka.hr\/wp-content\/uploads\/trosenj0026162815-1.jpg\" width=\"100%\" \/><img decoding=\"async\" src=\"https:\/\/npkrka.hr\/wp-content\/uploads\/Trosenj-i-Necven-9-scaled.jpg\" width=\"100%\" \/><\/div><p>&nbsp;<\/p>\n","protected":false},"excerpt":{"rendered":"<p>Ruta po\u010dinje u Eko kampusu Puljane, odakle kombinacijom asfaltnih i makadamskih cesta vodi do naselja Ne\u010dven, s koje se pru\u017ea pogled na kanjon rijeke Krke i utvrdu Tro\u0161enj.<\/p>\n","protected":false},"author":1,"featured_media":8738,"parent":1160,"menu_order":1,"comment_status":"closed","ping_status":"closed","template":"page-bike.php","meta":{"footnotes":""},"class_list":["post-1178","page","type-page","status-publish","has-post-thumbnail","hentry"],"_links":{"self":[{"href":"https:\/\/npkrka.hr\/hr\/wp-json\/wp\/v2\/pages\/1178","targetHints":{"allow":["GET"]}}],"collection":[{"href":"https:\/\/npkrka.hr\/hr\/wp-json\/wp\/v2\/pages"}],"about":[{"href":"https:\/\/npkrka.hr\/hr\/wp-json\/wp\/v2\/types\/page"}],"author":[{"embeddable":true,"href":"https:\/\/npkrka.hr\/hr\/wp-json\/wp\/v2\/users\/1"}],"replies":[{"embeddable":true,"href":"https:\/\/npkrka.hr\/hr\/wp-json\/wp\/v2\/comments?post=1178"}],"version-history":[{"count":0,"href":"https:\/\/npkrka.hr\/hr\/wp-json\/wp\/v2\/pages\/1178\/revisions"}],"up":[{"embeddable":true,"href":"https:\/\/npkrka.hr\/hr\/wp-json\/wp\/v2\/pages\/1160"}],"wp:featuredmedia":[{"embeddable":true,"href":"https:\/\/npkrka.hr\/hr\/wp-json\/wp\/v2\/media\/8738"}],"wp:attachment":[{"href":"https:\/\/npkrka.hr\/hr\/wp-json\/wp\/v2\/media?parent=1178"}],"curies":[{"name":"wp","href":"https:\/\/api.w.org\/{rel}","templated":true}]}}