{"id":1160,"date":"2022-07-12T10:23:23","date_gmt":"2022-07-12T08:23:23","guid":{"rendered":"https:\/\/www.npkrka.hr\/?page_id=1160"},"modified":"2023-10-12T09:34:06","modified_gmt":"2023-10-12T07:34:06","slug":"trekking","status":"publish","type":"page","link":"https:\/\/npkrka.hr\/hr\/posjeti\/krka-bike\/trekking\/","title":{"rendered":"Treking"},"content":{"rendered":"<p><strong>Treking &#038; obiteljska ruta\u00a0<\/strong>\u2013 vo\u017enja treking, brdskim ili city biciklima po asfaltiranim cestama i kvalitetnim makadamskim putovima, s blagim usponima i padovima, bez tehni\u010dki zahtjevnih dijelova, namijenjena obiteljima s djecom te manje aktivnim rekreativcima svih dobi koji \u017eele u\u017eivati u prirodi.<\/p>\n<p>Infrastruktura \u2013 ozna\u010dene rute po asfaltiranim cestama, makadamskim putovima i \u0161etnicama. Naj\u010de\u0161\u0107e obilaze zanimljivosti destinacije i ostale turisti\u010dke sadr\u017eaje.<\/p>\n","protected":false},"excerpt":{"rendered":"<p>Treking &#038; obiteljska ruta\u00a0\u2013 vo\u017enja treking, brdskim ili city biciklima po asfaltiranim cestama i kvalitetnim makadamskim putovima, s blagim usponima i padovima, bez tehni\u010dki zahtjevnih dijelova, namijenjena obiteljima s djecom te manje aktivnim rekreativcima svih dobi koji \u017eele u\u017eivati u prirodi.<\/p>\n","protected":false},"author":1,"featured_media":1161,"parent":99,"menu_order":2,"comment_status":"closed","ping_status":"closed","template":"page-4.php","meta":{"footnotes":""},"class_list":["post-1160","page","type-page","status-publish","has-post-thumbnail","hentry"],"_links":{"self":[{"href":"https:\/\/npkrka.hr\/hr\/wp-json\/wp\/v2\/pages\/1160","targetHints":{"allow":["GET"]}}],"collection":[{"href":"https:\/\/npkrka.hr\/hr\/wp-json\/wp\/v2\/pages"}],"about":[{"href":"https:\/\/npkrka.hr\/hr\/wp-json\/wp\/v2\/types\/page"}],"author":[{"embeddable":true,"href":"https:\/\/npkrka.hr\/hr\/wp-json\/wp\/v2\/users\/1"}],"replies":[{"embeddable":true,"href":"https:\/\/npkrka.hr\/hr\/wp-json\/wp\/v2\/comments?post=1160"}],"version-history":[{"count":0,"href":"https:\/\/npkrka.hr\/hr\/wp-json\/wp\/v2\/pages\/1160\/revisions"}],"up":[{"embeddable":true,"href":"https:\/\/npkrka.hr\/hr\/wp-json\/wp\/v2\/pages\/99"}],"wp:featuredmedia":[{"embeddable":true,"href":"https:\/\/npkrka.hr\/hr\/wp-json\/wp\/v2\/media\/1161"}],"wp:attachment":[{"href":"https:\/\/npkrka.hr\/hr\/wp-json\/wp\/v2\/media?parent=1160"}],"curies":[{"name":"wp","href":"https:\/\/api.w.org\/{rel}","templated":true}]}}