{"id":116,"date":"2022-06-15T09:34:33","date_gmt":"2022-06-15T07:34:33","guid":{"rendered":"https:\/\/www.npkrka.hr\/?page_id=116"},"modified":"2023-03-16T12:47:42","modified_gmt":"2023-03-16T11:47:42","slug":"edukativne-radionice","status":"publish","type":"page","link":"https:\/\/npkrka.hr\/hr\/posjeti\/edukativne-radionice\/","title":{"rendered":"Edukativne radionice"},"content":{"rendered":"<p><strong>Edukacija je, uz za\u0161titu i promicanje vrijednosti Parka, jedna od temeljnih odrednica Javne ustanove \u201eNP Krka\u201c.<\/strong><\/p>\n<p>Svijest o va\u017enosti za\u0161tite okoli\u0161a treba graditi kod najmla\u0111ih posjetitelja jer su oni najbolji promotori pozitivnih ekolo\u0161kih poruka u svojoj u\u017eoj i \u0161iroj okolini. Edukativni programi obuhva\u0107aju predavanja, ekolo\u0161ke radionice, terensku nastavu i sportske aktivnosti, a sadr\u017eajno i metodski prilago\u0111eni su razli\u010ditim uzrastima djece. Teme se odnose na biolo\u0161ku raznolikost i za\u0161titu prirode. Programe edukacije provode djelatnici Javne ustanove \u201eNacionalni park Krka\u201c u dogovoru s odgojiteljima, u\u010diteljima ili profesorima. Programi se odr\u017eavaju tijekom \u010ditave godine, na otvorenom ili u ispostavama JU \u201eNacionalni park Krka\u201c. Radionice, za koje se treba najaviti, traju jedan sat a preporu\u010dena veli\u010dina skupine je 25 u\u010denika. Skupina koja posje\u0107uje Nacionalni park \u201eKrka\u201c s vodi\u010dem mo\u017ee imati najvi\u0161e 50 u\u010denika. Posjet treba otkazati najmanje 24 sata prije zakazanog termina, u protivnom se napla\u0107uje puna cijena rezervirane usluge.<\/p>\n<p>Ministarstvo znanosti i obrazovanja dalo je preporuku za provo\u0111enje edukativnih programa Javne ustanove \u201eNacionalni park Krka\u201c na temelju stru\u010dnog mi\u0161ljenja Agencije za odgoj i obrazovanje kojim je potvr\u0111en vrijedan doprinos programa u ostvarivanju postignu\u0107a u\u010denika. Agencija isti\u010de da su programom predlo\u017eene aktivnosti prilago\u0111ene odgojno-obrazovnim potrebama i uzrastu u\u010denika i usmjerene na razvoj temeljnih kompetencija i osobne odgovornosti u\u010denika.<\/p>\n","protected":false},"excerpt":{"rendered":"<p>Edukacija je, uz za\u0161titu i promicanje vrijednosti Parka, jedna od temeljnih odrednica Javne ustanove \u201cNP Krka\u201d.<\/p>\n","protected":false},"author":1,"featured_media":611,"parent":27,"menu_order":10,"comment_status":"closed","ping_status":"closed","template":"page-subpages.php","meta":{"footnotes":""},"class_list":["post-116","page","type-page","status-publish","has-post-thumbnail","hentry"],"_links":{"self":[{"href":"https:\/\/npkrka.hr\/hr\/wp-json\/wp\/v2\/pages\/116","targetHints":{"allow":["GET"]}}],"collection":[{"href":"https:\/\/npkrka.hr\/hr\/wp-json\/wp\/v2\/pages"}],"about":[{"href":"https:\/\/npkrka.hr\/hr\/wp-json\/wp\/v2\/types\/page"}],"author":[{"embeddable":true,"href":"https:\/\/npkrka.hr\/hr\/wp-json\/wp\/v2\/users\/1"}],"replies":[{"embeddable":true,"href":"https:\/\/npkrka.hr\/hr\/wp-json\/wp\/v2\/comments?post=116"}],"version-history":[{"count":0,"href":"https:\/\/npkrka.hr\/hr\/wp-json\/wp\/v2\/pages\/116\/revisions"}],"up":[{"embeddable":true,"href":"https:\/\/npkrka.hr\/hr\/wp-json\/wp\/v2\/pages\/27"}],"wp:featuredmedia":[{"embeddable":true,"href":"https:\/\/npkrka.hr\/hr\/wp-json\/wp\/v2\/media\/611"}],"wp:attachment":[{"href":"https:\/\/npkrka.hr\/hr\/wp-json\/wp\/v2\/media?parent=116"}],"curies":[{"name":"wp","href":"https:\/\/api.w.org\/{rel}","templated":true}]}}