{"id":11599,"date":"2025-04-02T13:22:39","date_gmt":"2025-04-02T11:22:39","guid":{"rendered":"https:\/\/www.npkrka.hr\/?page_id=11599"},"modified":"2025-04-04T09:02:10","modified_gmt":"2025-04-04T07:02:10","slug":"krka-vrelo-zivota","status":"publish","type":"page","link":"https:\/\/npkrka.hr\/hr\/posjeti\/sadrzaji\/krka-vrelo-zivota\/","title":{"rendered":"Krka \u2013 vrelo \u017eivota"},"content":{"rendered":"<p><strong>Centar za interpretaciju prirode Krka \u2013 vrelo \u017eivota u Kistanjama jedinstveno je mjesto koje na moderan i interaktivan na\u010din prikazuje neprocjenjivu vrijednost vode za \u017eivot na na\u0161em planetu<\/strong><\/p>\n<p>Smje\u0161ten na zapadnom ulazu u Nacionalni park \u201eKrka\u201c, Centar nudi putovanje kroz svijet rijeke Krke, koja je stolje\u0107ima oblikovala krajolik i kulturu i \u017eivot ljudi \u0160ibensko-kninske \u017eupanije. Od drevnih mlinova i starorimskih logora do prve hidroelektrane u Europi koja je proizvodila izmjeni\u010dnu struju, Krka je simbol su\u017eivota \u010dovjeka i prirode. Kroz nekoliko interpretacijskih cjelina, interaktivne izlo\u017ebe i \u010detrnaest audioto\u010daka, posjetitelji mogu istra\u017eiti temu vode i njezine klju\u010dne uloge u prirodi i dru\u0161tvu.<\/p>\n<p>Posjetite Centar i otkrijte fascinantnu pri\u010du o vodi \u2013 iskonskoj sili \u017eivota koja oblikuje svijet oko nas i u nama.<\/p>\n<ul>\n<li>Dolazak kolnom cestom iz Kistanja<\/li>\n<li>Sredi\u0161nja pristupna to\u010dka na zapadnoj strani Parka<\/li>\n<li>Blizina rimskog vojnog logora Burnuma i Manojlova\u010dkog slapa<\/li>\n<li>Mogu\u0107nost kupnje ulaznice za Ro\u0161ki slap, Kistanje (Krka <strong>\u2013<\/strong> vrelo \u017eivota), Manojlova\u010dki slap, Burnum, Eko kampus \u201eKrka\u201c i ulaznice za sve kopnene lokalitete.<\/li>\n<\/ul>\n<p>\u00a0<\/p>\n<div class=\"fotorama rounded-lg  shadow lblue-bg mt-5   \" data-width=\"100%\" data-ratio=\"16\/10\"  data-nav=\"thumbs\" data-autoplay=\"true\" data-arrows=\"true\" data-transition=\"crossfade\"><img decoding=\"async\" src=\"https:\/\/npkrka.hr\/wp-content\/uploads\/Krka-vrelo-zivota-Kistanje-1.jpg\" width=\"100%\" \/><img decoding=\"async\" src=\"https:\/\/npkrka.hr\/wp-content\/uploads\/Np_Krka_Kistanje-0024.jpg\" width=\"100%\" \/><img decoding=\"async\" src=\"https:\/\/npkrka.hr\/wp-content\/uploads\/Krka-vrelo-zivota-Kistanje-5.jpg\" width=\"100%\" \/><img decoding=\"async\" src=\"https:\/\/npkrka.hr\/wp-content\/uploads\/Np_Krka_Kistanje-0033.jpg\" width=\"100%\" \/><img decoding=\"async\" src=\"https:\/\/npkrka.hr\/wp-content\/uploads\/Krka-vrelo-zivota-Kistanje-4.jpg\" width=\"100%\" \/><img decoding=\"async\" src=\"https:\/\/npkrka.hr\/wp-content\/uploads\/Np_Krka_Kistanje-0040.jpg\" width=\"100%\" \/><img decoding=\"async\" src=\"https:\/\/npkrka.hr\/wp-content\/uploads\/Np_Krka_Kistanje-0050.jpg\" width=\"100%\" \/><img decoding=\"async\" src=\"https:\/\/npkrka.hr\/wp-content\/uploads\/Np_Krka_Kistanje-0078.jpg\" width=\"100%\" \/><img decoding=\"async\" src=\"https:\/\/npkrka.hr\/wp-content\/uploads\/Np_Krka_Kistanje-0051.jpg\" width=\"100%\" \/><img decoding=\"async\" src=\"https:\/\/npkrka.hr\/wp-content\/uploads\/Krka-vrelo-zivota-Kistanje-3.jpg\" width=\"100%\" \/><img decoding=\"async\" src=\"https:\/\/npkrka.hr\/wp-content\/uploads\/Np_Krka_Kistanje-0076.jpg\" width=\"100%\" \/><img decoding=\"async\" src=\"https:\/\/npkrka.hr\/wp-content\/uploads\/Krka-vrelo-zivota-Kistanje-2.jpg\" width=\"100%\" \/><img decoding=\"async\" src=\"https:\/\/npkrka.hr\/wp-content\/uploads\/Np_Krka_Kistanje-0074.jpg\" width=\"100%\" \/><img decoding=\"async\" src=\"https:\/\/npkrka.hr\/wp-content\/uploads\/Np_Krka_Kistanje-0064.jpg\" width=\"100%\" \/><img decoding=\"async\" src=\"https:\/\/npkrka.hr\/wp-content\/uploads\/Np_Krka_Kistanje-0084.jpg\" width=\"100%\" \/><\/div><p>&nbsp;<\/p>\n<p>\u00a0<\/p>\n<p>\u00a0<\/p>\n","protected":false},"excerpt":{"rendered":"<p>Centar za interpretaciju prirode Krka \u2013 vrelo \u017eivota u Kistanjama jedinstveno je mjesto koje na moderan i interaktivan na\u010din prikazuje neprocjenjivu vrijednost vode za \u017eivot na na\u0161em planetu<\/p>\n","protected":false},"author":2,"featured_media":11603,"parent":93,"menu_order":9,"comment_status":"closed","ping_status":"closed","template":"","meta":{"footnotes":""},"class_list":["post-11599","page","type-page","status-publish","has-post-thumbnail","hentry"],"_links":{"self":[{"href":"https:\/\/npkrka.hr\/hr\/wp-json\/wp\/v2\/pages\/11599","targetHints":{"allow":["GET"]}}],"collection":[{"href":"https:\/\/npkrka.hr\/hr\/wp-json\/wp\/v2\/pages"}],"about":[{"href":"https:\/\/npkrka.hr\/hr\/wp-json\/wp\/v2\/types\/page"}],"author":[{"embeddable":true,"href":"https:\/\/npkrka.hr\/hr\/wp-json\/wp\/v2\/users\/2"}],"replies":[{"embeddable":true,"href":"https:\/\/npkrka.hr\/hr\/wp-json\/wp\/v2\/comments?post=11599"}],"version-history":[{"count":0,"href":"https:\/\/npkrka.hr\/hr\/wp-json\/wp\/v2\/pages\/11599\/revisions"}],"up":[{"embeddable":true,"href":"https:\/\/npkrka.hr\/hr\/wp-json\/wp\/v2\/pages\/93"}],"wp:featuredmedia":[{"embeddable":true,"href":"https:\/\/npkrka.hr\/hr\/wp-json\/wp\/v2\/media\/11603"}],"wp:attachment":[{"href":"https:\/\/npkrka.hr\/hr\/wp-json\/wp\/v2\/media?parent=11599"}],"curies":[{"name":"wp","href":"https:\/\/api.w.org\/{rel}","templated":true}]}}