{"id":114,"date":"2022-06-15T09:33:59","date_gmt":"2022-06-15T07:33:59","guid":{"rendered":"https:\/\/www.npkrka.hr\/?page_id=114"},"modified":"2024-01-31T09:28:23","modified_gmt":"2024-01-31T08:28:23","slug":"klub-prijatelja-krke","status":"publish","type":"page","link":"https:\/\/npkrka.hr\/hr\/posjeti\/klub-prijatelja-krke\/","title":{"rendered":"Klub prijatelja Krke"},"content":{"rendered":"<p><b>Javna ustanova \u201eNacionalni park Krka\u201c obradovala je istinske zaljubljenike u prirodu mogu\u0107no\u0161\u0107u u\u010dlanjenja u Klub prijatelja Krke.<\/b><\/p>\n<p>Dr\u017eavljanima Republike Hrvatske \u010dlanstvo je dostupno po cijeni od 50 eura za odrasle i 25 eura za djecu od sedam do osamnaest godina, koja \u0107e posje\u0107ivati Park u pratnji roditelja, a vrijedi godinu dana od dana kupnje.<\/p>\n<p>\u010clanstvo za strane posjetitelje iznosi 60 eura za odrasle i 30 eura za djecu od sedam do osamnaest godina.<\/p>\n<p>Za \u017eitelje \u0160ibensko-kninske \u017eupanije \u010dlanarina u\u010dlanjenja u Klub iznosi 13 eura za odrasle i 6 eura za djecu od sedam do osamnaest godina.<\/p>\n<p>Svi prijatelji mo\u0107i \u0107e neograni\u010deno puta u\u0107i u NP \u201eKrka\u201c u tom razdoblju. Uz iskaznicu Kluba prijatelja Krke na ulazu u Park potrebno je predo\u010diti osobnu iskaznicu ili drugu odgovaraju\u0107u ispravu.<\/p>\n<p>U Klub prijatelja Krke mogu\u0107e se u\u010dlaniti na svim recepcijama (osim recepcije Burnum) i ispostavama JU \u201eNP Krka\u201c uz predo\u010denje osobne iskaznice.<\/p>\n<p><strong>Za sve dodatne informacije nazvati na telefon 022\/ 201-777 ili mail na <a href=\"mailto:info@npk.hr\">info@npk.hr<\/a>\u00a0<\/strong><\/p>\n<p><img decoding=\"async\" class=\"alignnone size-full wp-image-3501\" src=\"https:\/\/www.npkrka.hr\/wp-content\/uploads\/Klub-prijatelja-Krke.jpg\" alt=\"\" width=\"100%\" srcset=\"https:\/\/npkrka.hr\/wp-content\/uploads\/Klub-prijatelja-Krke.jpg 1391w, https:\/\/npkrka.hr\/wp-content\/uploads\/Klub-prijatelja-Krke-300x276.jpg 300w, https:\/\/npkrka.hr\/wp-content\/uploads\/Klub-prijatelja-Krke-1024x942.jpg 1024w, https:\/\/npkrka.hr\/wp-content\/uploads\/Klub-prijatelja-Krke-768x707.jpg 768w\" sizes=\"(max-width: 1391px) 100vw, 1391px\" \/><\/p>\n","protected":false},"excerpt":{"rendered":"<p>Javna ustanova \u201eNacionalni park Krka\u201c obradovala je istinske zaljubljenike u prirodu mogu\u0107no\u0161\u0107u u\u010dlanjenja u Klub prijatelja Krke.<\/p>\n","protected":false},"author":1,"featured_media":643,"parent":27,"menu_order":9,"comment_status":"closed","ping_status":"closed","template":"","meta":{"footnotes":""},"class_list":["post-114","page","type-page","status-publish","has-post-thumbnail","hentry"],"_links":{"self":[{"href":"https:\/\/npkrka.hr\/hr\/wp-json\/wp\/v2\/pages\/114","targetHints":{"allow":["GET"]}}],"collection":[{"href":"https:\/\/npkrka.hr\/hr\/wp-json\/wp\/v2\/pages"}],"about":[{"href":"https:\/\/npkrka.hr\/hr\/wp-json\/wp\/v2\/types\/page"}],"author":[{"embeddable":true,"href":"https:\/\/npkrka.hr\/hr\/wp-json\/wp\/v2\/users\/1"}],"replies":[{"embeddable":true,"href":"https:\/\/npkrka.hr\/hr\/wp-json\/wp\/v2\/comments?post=114"}],"version-history":[{"count":0,"href":"https:\/\/npkrka.hr\/hr\/wp-json\/wp\/v2\/pages\/114\/revisions"}],"up":[{"embeddable":true,"href":"https:\/\/npkrka.hr\/hr\/wp-json\/wp\/v2\/pages\/27"}],"wp:featuredmedia":[{"embeddable":true,"href":"https:\/\/npkrka.hr\/hr\/wp-json\/wp\/v2\/media\/643"}],"wp:attachment":[{"href":"https:\/\/npkrka.hr\/hr\/wp-json\/wp\/v2\/media?parent=114"}],"curies":[{"name":"wp","href":"https:\/\/api.w.org\/{rel}","templated":true}]}}