{"id":1137,"date":"2022-07-12T09:34:09","date_gmt":"2022-07-12T07:34:09","guid":{"rendered":"https:\/\/www.npkrka.hr\/?page_id=1137"},"modified":"2023-10-11T08:32:39","modified_gmt":"2023-10-11T06:32:39","slug":"krka-bike-mtb2","status":"publish","type":"page","link":"https:\/\/npkrka.hr\/hr\/posjeti\/krka-bike\/brdski-biciklizam\/krka-bike-mtb2\/","title":{"rendered":"Krka Bike MTB2"},"content":{"rendered":"<p>Iz centra za posjetitelje NP \u201eKrka\u201d u La\u0161kovici ruta se po asfaltnim cestama spu\u0161ta prema mjestu Rupe, odakle makadamske staze vode do platoa s vidikovcima Rogovo i Dra\u010devica, s kojih se pru\u017ea pogled na sredi\u0161nji dio kanjona rijeke Krke i Ro\u0161ki slap. Do Ro\u0161kog slapa iz Dra\u010device se spu\u0161ta pje\u0161a\u010dka staza (oprez: pje\u0161aci!).<\/p>\n<div class=\"fotorama rounded-lg  shadow lblue-bg mt-5   \" data-width=\"100%\" data-ratio=\"16\/10\"  data-nav=\"thumbs\" data-autoplay=\"true\" data-arrows=\"true\" data-transition=\"crossfade\"><div data-video=\"https:\/\/www.youtube.com\/watch?v=shj33vQAdVQ\"> <\/div><img decoding=\"async\" src=\"https:\/\/npkrka.hr\/wp-content\/uploads\/Np-Krka-Cikloturizam-0189.jpg\" width=\"100%\" \/><img decoding=\"async\" src=\"https:\/\/npkrka.hr\/wp-content\/uploads\/Np-Krka-Cikloturizam-0090.jpg\" width=\"100%\" \/><img decoding=\"async\" src=\"https:\/\/npkrka.hr\/wp-content\/uploads\/Np-Krka-Cikloturizam-0105.jpg\" width=\"100%\" \/><img decoding=\"async\" src=\"https:\/\/npkrka.hr\/wp-content\/uploads\/Np-Krka-Cikloturizam-0110.jpg\" width=\"100%\" \/><img decoding=\"async\" src=\"https:\/\/npkrka.hr\/wp-content\/uploads\/Np-Krka-Cikloturizam-0103.jpg\" width=\"100%\" \/><\/div><p>&nbsp;<\/p>\n","protected":false},"excerpt":{"rendered":"<p>Iz centra za posjetitelje NP \u201eKrka\u201d u La\u0161kovici ruta se po asfaltnim cestama spu\u0161ta prema mjestu Rupe, odakle makadamske staze vode do platoa s vidikovcima Rogovo i Dra\u010devica, s kojih se pru\u017ea pogled na sredi\u0161nji dio kanjona rijeke Krke i Ro\u0161ki slap.<\/p>\n","protected":false},"author":1,"featured_media":8709,"parent":1115,"menu_order":1,"comment_status":"closed","ping_status":"closed","template":"page-bike.php","meta":{"footnotes":""},"class_list":["post-1137","page","type-page","status-publish","has-post-thumbnail","hentry"],"_links":{"self":[{"href":"https:\/\/npkrka.hr\/hr\/wp-json\/wp\/v2\/pages\/1137","targetHints":{"allow":["GET"]}}],"collection":[{"href":"https:\/\/npkrka.hr\/hr\/wp-json\/wp\/v2\/pages"}],"about":[{"href":"https:\/\/npkrka.hr\/hr\/wp-json\/wp\/v2\/types\/page"}],"author":[{"embeddable":true,"href":"https:\/\/npkrka.hr\/hr\/wp-json\/wp\/v2\/users\/1"}],"replies":[{"embeddable":true,"href":"https:\/\/npkrka.hr\/hr\/wp-json\/wp\/v2\/comments?post=1137"}],"version-history":[{"count":0,"href":"https:\/\/npkrka.hr\/hr\/wp-json\/wp\/v2\/pages\/1137\/revisions"}],"up":[{"embeddable":true,"href":"https:\/\/npkrka.hr\/hr\/wp-json\/wp\/v2\/pages\/1115"}],"wp:featuredmedia":[{"embeddable":true,"href":"https:\/\/npkrka.hr\/hr\/wp-json\/wp\/v2\/media\/8709"}],"wp:attachment":[{"href":"https:\/\/npkrka.hr\/hr\/wp-json\/wp\/v2\/media?parent=1137"}],"curies":[{"name":"wp","href":"https:\/\/api.w.org\/{rel}","templated":true}]}}