{"id":112,"date":"2022-06-15T09:33:26","date_gmt":"2022-06-15T07:33:26","guid":{"rendered":"https:\/\/www.npkrka.hr\/?page_id=112"},"modified":"2024-08-20T11:49:00","modified_gmt":"2024-08-20T09:49:00","slug":"ulazi-u-park","status":"publish","type":"page","link":"https:\/\/npkrka.hr\/hr\/posjeti\/ulazi-u-park\/","title":{"rendered":"Ulazi u Park"},"content":{"rendered":"<p><b>Nacionalni park\u00a0<\/b><strong>\u201eKrka\u201c<\/strong>\u00a0<b>otvoren je za posjetitelje tijekom cijele godine i mogu\u0107e ga je obilaziti vodenim putem, kolnim cestama i pje\u0161a\u010dkim stazama, uz po\u0161tivanje pravila pona\u0161anja u za\u0161ti\u0107enom okoli\u0161u.<\/b><\/p>\n<p>\u010cetiri su ulaza u NP \u201eKrka\u201c: Lozovac i Skradin, Ro\u0161ki slap \/ La\u0161kovica i Burnum\/Puljane. Radno vrijeme se mijenja, ovisno o razdoblju godine.<\/p>\n","protected":false},"excerpt":{"rendered":"<p>Pet je ulaza u NP \u201eKrka\u201c: Lozovac i Skradin,\u00a0Ro\u0161ki slap \/ La\u0161kovica, Burnum\/Puljane i Kistanje \/ manastir Krka.\u00a0<\/p>\n","protected":false},"author":1,"featured_media":3482,"parent":27,"menu_order":3,"comment_status":"closed","ping_status":"closed","template":"page-subpages.php","meta":{"footnotes":""},"class_list":["post-112","page","type-page","status-publish","has-post-thumbnail","hentry"],"_links":{"self":[{"href":"https:\/\/npkrka.hr\/hr\/wp-json\/wp\/v2\/pages\/112","targetHints":{"allow":["GET"]}}],"collection":[{"href":"https:\/\/npkrka.hr\/hr\/wp-json\/wp\/v2\/pages"}],"about":[{"href":"https:\/\/npkrka.hr\/hr\/wp-json\/wp\/v2\/types\/page"}],"author":[{"embeddable":true,"href":"https:\/\/npkrka.hr\/hr\/wp-json\/wp\/v2\/users\/1"}],"replies":[{"embeddable":true,"href":"https:\/\/npkrka.hr\/hr\/wp-json\/wp\/v2\/comments?post=112"}],"version-history":[{"count":0,"href":"https:\/\/npkrka.hr\/hr\/wp-json\/wp\/v2\/pages\/112\/revisions"}],"up":[{"embeddable":true,"href":"https:\/\/npkrka.hr\/hr\/wp-json\/wp\/v2\/pages\/27"}],"wp:featuredmedia":[{"embeddable":true,"href":"https:\/\/npkrka.hr\/hr\/wp-json\/wp\/v2\/media\/3482"}],"wp:attachment":[{"href":"https:\/\/npkrka.hr\/hr\/wp-json\/wp\/v2\/media?parent=112"}],"curies":[{"name":"wp","href":"https:\/\/api.w.org\/{rel}","templated":true}]}}