{"id":11170,"date":"2024-12-18T14:04:01","date_gmt":"2024-12-18T13:04:01","guid":{"rendered":"https:\/\/www.npkrka.hr\/?page_id=11170"},"modified":"2026-01-26T11:55:36","modified_gmt":"2026-01-26T10:55:36","slug":"green-eye-festival","status":"publish","type":"page","link":"https:\/\/npkrka.hr\/hr\/o-nama\/green-eye-festival\/","title":{"rendered":"Green Eye Festival"},"content":{"rendered":"<p><strong>U sije\u010dnju \u0160ibenik postaje zelena filmska pozornica<\/strong><\/p>\n<p><strong>Od<\/strong> <strong>22. do 24. sije\u010dnja 2026.<\/strong> odr\u017eat \u0107e se Green Eye Festival \u2013 <em>Time to BEE Green<\/em>, filmski festival Javne ustanove \u201eNacionalni park Krka\u201c.<\/p>\n<p>Ovogodi\u0161nje izdanje festivala stavlja u fokus opra\u0161iva\u010de \u2013 \u010desto nevidljive, ali klju\u010dne za o\u010duvanje ekosustava, sigurnost proizvodnje hrane i otpornost prirode na klimatske promjene. Kroz pri\u010de s terena i iskustva lokalnih zajednica, p\u010delara i mladih, festival podsje\u0107a na to da bioraznolikost nije apstraktni pojam, ve\u0107 \u017eiva mre\u017ea koja izravno ovisi o na\u0161im svakodnevnim odlukama i na\u010dinu na koji provodimo politike za\u0161tite prirode.<\/p>\n<p>Tijekom dva dana festivala posjetitelji \u0107e mo\u0107i u\u017eivati u pa\u017eljivo odabranim filmovima renomiranih autora i edukativnim panel-raspravama sa zanimljivim gostima.<\/p>\n<p>Green Eye Festival (GEF) \u2013 Nature Is Watching You, inovativni program pokrenut 2017. godine, spoj je filmske umjetnosti i ekolo\u0161ke svijesti kojemu je cilj pribli\u017eavanje tema ekologije, za\u0161tite okoli\u0161a i o\u010duvanja prirode \u0161irokoj publici. Kao rijedak primjer festivala koji je pokrenula javna ustanova, GEF se isti\u010de fokusiranjem na ekologiju kroz audiovizualne umjetnosti i prate\u0107e edukativne aktivnosti.<\/p>\n<p>Dobro do\u0161li na Green Eye Festival \u2013 mjesto gdje film otvara o\u010di, a priroda nas podsje\u0107a da smo njezin neraskidivi dio.<\/p>\n<div class=\"fotorama rounded-lg  shadow lblue-bg mt-5   \" data-width=\"100%\" data-ratio=\"16\/10\"  data-nav=\"thumbs\" data-autoplay=\"true\" data-arrows=\"true\" data-transition=\"crossfade\"><img decoding=\"async\" src=\"https:\/\/npkrka.hr\/wp-content\/uploads\/greeneye-dan-1-7.jpg\" width=\"100%\" \/><img decoding=\"async\" src=\"https:\/\/npkrka.hr\/wp-content\/uploads\/greeneye-dan-1-8.jpg\" width=\"100%\" \/><img decoding=\"async\" src=\"https:\/\/npkrka.hr\/wp-content\/uploads\/greeneye-dan-1-10.jpg\" width=\"100%\" \/><img decoding=\"async\" src=\"https:\/\/npkrka.hr\/wp-content\/uploads\/greeneye-dan-1-17.jpg\" width=\"100%\" \/><img decoding=\"async\" src=\"https:\/\/npkrka.hr\/wp-content\/uploads\/greeneye-dan-1-19.jpg\" width=\"100%\" \/><img decoding=\"async\" src=\"https:\/\/npkrka.hr\/wp-content\/uploads\/greeneye-dan-1-22.jpg\" width=\"100%\" \/><img decoding=\"async\" src=\"https:\/\/npkrka.hr\/wp-content\/uploads\/greeneye-dan-1-23.jpg\" width=\"100%\" \/><img decoding=\"async\" src=\"https:\/\/npkrka.hr\/wp-content\/uploads\/greeneye-dan-1-24.jpg\" width=\"100%\" \/><img decoding=\"async\" src=\"https:\/\/npkrka.hr\/wp-content\/uploads\/greeneye-dan-1-28.jpg\" width=\"100%\" \/><img decoding=\"async\" src=\"https:\/\/npkrka.hr\/wp-content\/uploads\/greeneye-dan-1-33.jpg\" width=\"100%\" \/><img decoding=\"async\" src=\"https:\/\/npkrka.hr\/wp-content\/uploads\/greeneye-dan-1-35.jpg\" width=\"100%\" \/><img decoding=\"async\" src=\"https:\/\/npkrka.hr\/wp-content\/uploads\/greeneye-dan-1-36.jpg\" width=\"100%\" \/><img decoding=\"async\" src=\"https:\/\/npkrka.hr\/wp-content\/uploads\/greeneye-dan-1-47.jpg\" width=\"100%\" \/><img decoding=\"async\" src=\"https:\/\/npkrka.hr\/wp-content\/uploads\/greeneye-dan-1-51.jpg\" width=\"100%\" \/><img decoding=\"async\" src=\"https:\/\/npkrka.hr\/wp-content\/uploads\/greeneye-dan-1-52.jpg\" width=\"100%\" \/><img decoding=\"async\" src=\"https:\/\/npkrka.hr\/wp-content\/uploads\/greeneye-dan-1-73.jpg\" width=\"100%\" \/><img decoding=\"async\" src=\"https:\/\/npkrka.hr\/wp-content\/uploads\/greeneye-dan-1-84.jpg\" width=\"100%\" \/><img decoding=\"async\" src=\"https:\/\/npkrka.hr\/wp-content\/uploads\/greeneye-dan-1-89.jpg\" width=\"100%\" \/><img decoding=\"async\" src=\"https:\/\/npkrka.hr\/wp-content\/uploads\/greeneye-dan-1-93.jpg\" width=\"100%\" \/><img decoding=\"async\" src=\"https:\/\/npkrka.hr\/wp-content\/uploads\/green-eye-drugi-dan-33.jpg\" width=\"100%\" \/><img decoding=\"async\" src=\"https:\/\/npkrka.hr\/wp-content\/uploads\/greeneye-dan-1-90.jpg\" width=\"100%\" \/><img decoding=\"async\" src=\"https:\/\/npkrka.hr\/wp-content\/uploads\/green-eye-dan-1-98.jpg\" width=\"100%\" \/><img decoding=\"async\" src=\"https:\/\/npkrka.hr\/wp-content\/uploads\/green-eye-dan-1-100.jpg\" width=\"100%\" \/><img decoding=\"async\" src=\"https:\/\/npkrka.hr\/wp-content\/uploads\/green-eye-dan-1-102.jpg\" width=\"100%\" \/><img decoding=\"async\" src=\"https:\/\/npkrka.hr\/wp-content\/uploads\/green-eye-dan-1-104.jpg\" width=\"100%\" \/><img decoding=\"async\" src=\"https:\/\/npkrka.hr\/wp-content\/uploads\/green-eye-dan-1-107.jpg\" width=\"100%\" \/><img decoding=\"async\" src=\"https:\/\/npkrka.hr\/wp-content\/uploads\/green-eye-drugi-dan-6.jpg\" width=\"100%\" \/><img decoding=\"async\" src=\"https:\/\/npkrka.hr\/wp-content\/uploads\/green-eye-drugi-dan-9.jpg\" width=\"100%\" \/><img decoding=\"async\" src=\"https:\/\/npkrka.hr\/wp-content\/uploads\/green-eye-drugi-dan-13.jpg\" width=\"100%\" \/><img decoding=\"async\" src=\"https:\/\/npkrka.hr\/wp-content\/uploads\/green-eye-drugi-dan-15.jpg\" width=\"100%\" \/><img decoding=\"async\" src=\"https:\/\/npkrka.hr\/wp-content\/uploads\/green-eye-drugi-dan-21.jpg\" width=\"100%\" \/><img decoding=\"async\" src=\"https:\/\/npkrka.hr\/wp-content\/uploads\/green-eye-drugi-dan-23.jpg\" width=\"100%\" \/><img decoding=\"async\" src=\"https:\/\/npkrka.hr\/wp-content\/uploads\/green-eye-drugi-dan-26.jpg\" width=\"100%\" \/><img decoding=\"async\" src=\"https:\/\/npkrka.hr\/wp-content\/uploads\/green-eye-drugi-dan-29.jpg\" width=\"100%\" \/><img decoding=\"async\" src=\"https:\/\/npkrka.hr\/wp-content\/uploads\/green-eye-drugi-dan-30.jpg\" width=\"100%\" \/><\/div><p>&nbsp;<\/p>\n","protected":false},"excerpt":{"rendered":"<p>Proslavimo \u010detrdeseti ro\u0111endan NP \u201eKrka\u201c uz Green Eye Festival posve\u0107en odr\u017eivu razvoju Ovogodi\u0161nji Green Eye Festival odr\u017eat \u0107e se 23. i 24. sije\u010dnja u sklopu obilje\u017eavanja \u010detrdesete obljetnice osnutka Nacionalnog parka \u201eKrk&#8230;<\/p>\n","protected":false},"author":2,"featured_media":14310,"parent":23,"menu_order":9,"comment_status":"closed","ping_status":"closed","template":"page-8.php","meta":{"footnotes":""},"class_list":["post-11170","page","type-page","status-publish","has-post-thumbnail","hentry"],"_links":{"self":[{"href":"https:\/\/npkrka.hr\/hr\/wp-json\/wp\/v2\/pages\/11170","targetHints":{"allow":["GET"]}}],"collection":[{"href":"https:\/\/npkrka.hr\/hr\/wp-json\/wp\/v2\/pages"}],"about":[{"href":"https:\/\/npkrka.hr\/hr\/wp-json\/wp\/v2\/types\/page"}],"author":[{"embeddable":true,"href":"https:\/\/npkrka.hr\/hr\/wp-json\/wp\/v2\/users\/2"}],"replies":[{"embeddable":true,"href":"https:\/\/npkrka.hr\/hr\/wp-json\/wp\/v2\/comments?post=11170"}],"version-history":[{"count":5,"href":"https:\/\/npkrka.hr\/hr\/wp-json\/wp\/v2\/pages\/11170\/revisions"}],"predecessor-version":[{"id":14430,"href":"https:\/\/npkrka.hr\/hr\/wp-json\/wp\/v2\/pages\/11170\/revisions\/14430"}],"up":[{"embeddable":true,"href":"https:\/\/npkrka.hr\/hr\/wp-json\/wp\/v2\/pages\/23"}],"wp:featuredmedia":[{"embeddable":true,"href":"https:\/\/npkrka.hr\/hr\/wp-json\/wp\/v2\/media\/14310"}],"wp:attachment":[{"href":"https:\/\/npkrka.hr\/hr\/wp-json\/wp\/v2\/media?parent=11170"}],"curies":[{"name":"wp","href":"https:\/\/api.w.org\/{rel}","templated":true}]}}