{"id":1115,"date":"2022-07-04T09:11:14","date_gmt":"2022-07-04T07:11:14","guid":{"rendered":"https:\/\/www.npkrka.hr\/?page_id=1115"},"modified":"2023-10-12T09:33:36","modified_gmt":"2023-10-12T07:33:36","slug":"brdski-biciklizam","status":"publish","type":"page","link":"https:\/\/npkrka.hr\/hr\/posjeti\/krka-bike\/brdski-biciklizam\/","title":{"rendered":"Brdski biciklizam"},"content":{"rendered":"<p><strong>Brdsko-biciklisti\u010dka ruta\u00a0<\/strong>\u2013 vo\u017enja brdskim biciklima po ure\u0111enim i neure\u0111enim \u0161umskim stazama, razli\u010ditim putovima, s usponima i spustovima koji mogu biti i ve\u0107eg nagiba, namijenjena biciklistima s fizi\u010dkom kondicijom i naprednim vje\u0161tinama upravljanja biciklom.<\/p>\n<p>Infrastruktura \u2013 ure\u0111ene i ozna\u010dene staze razli\u010ditih duljina i tehni\u010dke zahtjevnosti, koje \u0161to manje koriste glavne prometnice, asfaltirane ceste i \u0161iroke ure\u0111ene makadamske putove koji prolaze urbanim podru\u010djima.<\/p>\n<p>Ciljana skupina \u2013 sportski aktivna urbana populacija od 20 do 60 godina, parovi ili manje grupe posjetitelja.<\/p>\n","protected":false},"excerpt":{"rendered":"<p>Brdsko-biciklisti\u010dka ruta\u00a0\u2013 vo\u017enja brdskim biciklima po ure\u0111enim i neure\u0111enim \u0161umskim stazama, razli\u010ditim putovima, s usponima i spustovima koji mogu biti i ve\u0107eg nagiba, namijenjena biciklistima s fizi\u010dkom kondicijom i naprednim vje\u0161tinama upravljanja biciklom.<\/p>\n","protected":false},"author":1,"featured_media":1116,"parent":99,"menu_order":1,"comment_status":"closed","ping_status":"closed","template":"page-4.php","meta":{"footnotes":""},"class_list":["post-1115","page","type-page","status-publish","has-post-thumbnail","hentry"],"_links":{"self":[{"href":"https:\/\/npkrka.hr\/hr\/wp-json\/wp\/v2\/pages\/1115","targetHints":{"allow":["GET"]}}],"collection":[{"href":"https:\/\/npkrka.hr\/hr\/wp-json\/wp\/v2\/pages"}],"about":[{"href":"https:\/\/npkrka.hr\/hr\/wp-json\/wp\/v2\/types\/page"}],"author":[{"embeddable":true,"href":"https:\/\/npkrka.hr\/hr\/wp-json\/wp\/v2\/users\/1"}],"replies":[{"embeddable":true,"href":"https:\/\/npkrka.hr\/hr\/wp-json\/wp\/v2\/comments?post=1115"}],"version-history":[{"count":0,"href":"https:\/\/npkrka.hr\/hr\/wp-json\/wp\/v2\/pages\/1115\/revisions"}],"up":[{"embeddable":true,"href":"https:\/\/npkrka.hr\/hr\/wp-json\/wp\/v2\/pages\/99"}],"wp:featuredmedia":[{"embeddable":true,"href":"https:\/\/npkrka.hr\/hr\/wp-json\/wp\/v2\/media\/1116"}],"wp:attachment":[{"href":"https:\/\/npkrka.hr\/hr\/wp-json\/wp\/v2\/media?parent=1115"}],"curies":[{"name":"wp","href":"https:\/\/api.w.org\/{rel}","templated":true}]}}